{"id":125588,"date":"2023-03-17T18:38:52","date_gmt":"2023-03-17T17:38:52","guid":{"rendered":"https:\/\/watchdeluxe.it\/prodotto\/nomos-metro-38-datumsanzeige-ref-1102\/"},"modified":"2026-04-07T12:14:03","modified_gmt":"2026-04-07T10:14:03","slug":"nomos-metro-38-datumsanzeige-ref-1102","status":"publish","type":"product","link":"https:\/\/watchdeluxe.it\/de\/prodotto\/nomos-metro-38-datumsanzeige-ref-1102\/","title":{"rendered":"NOMOS Metro 38 Datumsanzeige REF. 1102"},"content":{"rendered":"<p>NOMOS Metro 38 Datumsanzeige REF. 1102<\/p>\n<div class=\"list-couple\">\n<div class=\"specs-list\">\n<dl>\n<dt>Geh\u00e4use<\/dt>\n<dd>Edelstahl<br \/>\nSichtboden aus Saphirglas<\/dd>\n<\/dl>\n<dl>\n<dt>Glas<\/dt>\n<dd>gew\u00f6lbtes Saphirglas<\/dd>\n<\/dl>\n<dl>\n<dt>Aufzug<\/dt>\n<dd>Handaufzug<\/dd>\n<\/dl>\n<dl>\n<dt>Abmessungen<\/dt>\n<dd>Durchmesser <span class=\"size-property\">38,5 mm<\/span><br \/>\nH\u00f6he <span class=\"size-property\">7,8 mm<\/span><br \/>\nStegabstand au\u00dfen <span class=\"size-property\">45,3 mm<\/span><\/dd>\n<\/dl>\n<dl>\n<dt>Wasserdichtigkeit<\/dt>\n<dd>3 atm (spritzwassergesch\u00fctzt)<\/dd>\n<\/dl>\n<\/div>\n<div class=\"specs-list\">\n<dl>\n<dt>Zifferblatt<\/dt>\n<dd>galvanisiert, silberfarben<br \/>\nblaue Indizes bei drei, neun und zw\u00f6lf Uhr<\/dd>\n<\/dl>\n<dl>\n<dt>Zeiger<\/dt>\n<dd>schwarz oxidiert, roter Sekundenzeiger<\/dd>\n<\/dl>\n<dl>\n<dt>Armband<\/dt>\n<dd>Horween Genuine Shell Cordovan schwarz, mit Quick-Release-Federstegen<br \/>\n<span class=\"size-property\">Stegbreite 19 mm<\/span><\/dd>\n<\/dl>\n<\/div>\n<\/div>\n","protected":false},"excerpt":{"rendered":"<p>NOMOS Metro 38 Datumsanzeige REF. 1102 Geh\u00e4use Edelstahl Sichtboden aus Saphirglas Glas gew\u00f6lbtes Saphirglas Aufzug Handaufzug Abmessungen Durchmesser 38,5 mm H\u00f6he 7,8 mm Stegabstand au\u00dfen 45,3 mm Wasserdichtigkeit 3 atm (spritzwassergesch\u00fctzt) Zifferblatt galvanisiert, silberfarben blaue Indizes bei drei, neun und zw\u00f6lf Uhr Zeiger schwarz oxidiert, roter Sekundenzeiger Armband Horween Genuine Shell Cordovan schwarz, mit Quick-Release-Federstegen [&hellip;]<\/p>\n","protected":false},"featured_media":156669,"template":"","meta":{"_crdt_document":"","advanced_seo_description":"","jetpack_seo_html_title":"","jetpack_seo_noindex":false},"product_brand":[],"product_cat":[2382],"product_tag":[3429],"berocket_brand":[],"woo-feed-brand":[],"class_list":{"0":"post-125588","1":"product","2":"type-product","3":"status-publish","4":"has-post-thumbnail","6":"product_cat-nomos-glashutte-de","7":"product_tag-metro-de","9":"first","10":"instock","11":"sale","12":"taxable","13":"shipping-taxable","14":"purchasable","15":"product-type-simple"},"bundled_by":[],"bundle_stock_status":"instock","bundle_stock_quantity":1,"bundle_virtual":false,"bundle_layout":"","bundle_add_to_cart_form_location":"","bundle_editable_in_cart":false,"bundle_sold_individually_context":"","bundle_item_grouping":"","bundle_min_size":"","bundle_max_size":"","bundle_price":[],"bundled_items":[],"bundle_sell_ids":[],"group_of_quantity":0,"min_quantity":0,"max_quantity":"","exclude_order_quantity_value_rules":"no","exclude_category_quantity_rules":"no","combine_variations":"no","jetpack_sharing_enabled":true,"jetpack_likes_enabled":true,"_links":{"self":[{"href":"https:\/\/watchdeluxe.it\/de\/wp-json\/wp\/v2\/product\/125588","targetHints":{"allow":["GET"]}}],"collection":[{"href":"https:\/\/watchdeluxe.it\/de\/wp-json\/wp\/v2\/product"}],"about":[{"href":"https:\/\/watchdeluxe.it\/de\/wp-json\/wp\/v2\/types\/product"}],"wp:featuredmedia":[{"embeddable":true,"href":"https:\/\/watchdeluxe.it\/de\/wp-json\/wp\/v2\/media\/156669"}],"wp:attachment":[{"href":"https:\/\/watchdeluxe.it\/de\/wp-json\/wp\/v2\/media?parent=125588"}],"wp:term":[{"taxonomy":"product_brand","embeddable":true,"href":"https:\/\/watchdeluxe.it\/de\/wp-json\/wp\/v2\/product_brand?post=125588"},{"taxonomy":"product_cat","embeddable":true,"href":"https:\/\/watchdeluxe.it\/de\/wp-json\/wp\/v2\/product_cat?post=125588"},{"taxonomy":"product_tag","embeddable":true,"href":"https:\/\/watchdeluxe.it\/de\/wp-json\/wp\/v2\/product_tag?post=125588"},{"taxonomy":"berocket_brand","embeddable":true,"href":"https:\/\/watchdeluxe.it\/de\/wp-json\/wp\/v2\/berocket_brand?post=125588"},{"taxonomy":"woo-feed-brand","embeddable":true,"href":"https:\/\/watchdeluxe.it\/de\/wp-json\/wp\/v2\/woo-feed-brand?post=125588"}],"curies":[{"name":"wp","href":"https:\/\/api.w.org\/{rel}","templated":true}]}}