{"id":125354,"date":"2025-11-06T10:47:12","date_gmt":"2025-11-06T09:47:12","guid":{"rendered":"https:\/\/watchdeluxe.it\/prodotto\/montblanc-schluesselanhaenger-in-form-einer-feder-aus-schwarzem-sartorial-leder-ref-220357\/"},"modified":"2025-11-06T10:47:12","modified_gmt":"2025-11-06T09:47:12","slug":"montblanc-schluesselanhaenger-in-form-einer-feder-aus-schwarzem-sartorial-leder-ref-220357","status":"publish","type":"product","link":"https:\/\/watchdeluxe.it\/de\/prodotto\/montblanc-schluesselanhaenger-in-form-einer-feder-aus-schwarzem-sartorial-leder-ref-220357\/","title":{"rendered":"Montblanc Schl\u00fcsselanh\u00e4nger in Form einer Feder aus schwarzem Sartorial Leder Ref. 220357"},"content":{"rendered":"<p>Montblanc Schl\u00fcsselanh\u00e4nger in Form einer Feder aus schwarzem Sartorial Leder Ref. 220357<\/p>\n<ul>\n<li data-hveid=\"CAQQAA\" data-complete=\"true\" data-sae=\"\"><span class=\"T286Pc\" data-sfc-cp=\"\" data-complete=\"true\"><strong class=\"Yjhzub\" data-complete=\"true\">Design<\/strong>: Der Schl\u00fcsselanh\u00e4nger hat die Form einer F\u00fcllhalterfeder.<\/span><\/li>\n<li data-hveid=\"CAQQAQ\" data-complete=\"true\" data-sae=\"\"><span class=\"T286Pc\" data-sfc-cp=\"\" data-complete=\"true\"><strong class=\"Yjhzub\" data-complete=\"true\">Material<\/strong>: Aus schwarzem Sartorial-Rindsleder, einem Material mit Saffiano-Effekt.<\/span><\/li>\n<li data-hveid=\"CAQQAg\" data-sae=\"\" data-complete=\"true\"><span class=\"T286Pc\" data-sfc-cp=\"\" data-complete=\"true\"><strong class=\"Yjhzub\" data-complete=\"true\">Details<\/strong>: Enth\u00e4lt einen Ring f\u00fcr mehrere Schl\u00fcssel und einen praktischen Haken zum Befestigen an Taschen oder anderen Accessoires.<\/span><\/li>\n<li data-hveid=\"CAQQAw\" data-complete=\"true\" data-processed=\"true\" data-sae=\"\"><span class=\"T286Pc\" data-sfc-cp=\"\" data-complete=\"true\"><strong class=\"Yjhzub\" data-complete=\"true\">Abmessungen<\/strong>: Die Abmessungen sind 30 mm x 5 mm x 120 mm.<\/span><\/li>\n<li data-hveid=\"CAQQBA\" data-complete=\"true\" data-processed=\"true\" data-sae=\"\"><span class=\"T286Pc\" data-sfc-cp=\"\" data-complete=\"true\"><strong class=\"Yjhzub\" data-complete=\"true\">Verpackung<\/strong>: Wird in der Original Montblanc Box mit Echtheitszertifikat geliefert<\/span><\/li>\n<\/ul>\n","protected":false},"excerpt":{"rendered":"<p>Montblanc Schl\u00fcsselanh\u00e4nger in Form einer Feder aus schwarzem Sartorial Leder Ref. 220357 Design: Der Schl\u00fcsselanh\u00e4nger hat die Form einer F\u00fcllhalterfeder. Material: Aus schwarzem Sartorial-Rindsleder, einem Material mit Saffiano-Effekt. Details: Enth\u00e4lt einen Ring f\u00fcr mehrere Schl\u00fcssel und einen praktischen Haken zum Befestigen an Taschen oder anderen Accessoires. Abmessungen: Die Abmessungen sind 30 mm x 5 mm [&hellip;]<\/p>\n","protected":false},"featured_media":125339,"template":"","meta":{"_crdt_document":"","advanced_seo_description":"","jetpack_seo_html_title":"","jetpack_seo_noindex":false},"product_brand":[1907],"product_cat":[1929],"product_tag":[1545],"berocket_brand":[],"woo-feed-brand":[],"class_list":{"0":"post-125354","1":"product","2":"type-product","3":"status-publish","4":"has-post-thumbnail","6":"product_brand-montblanc","7":"product_cat-montblanc","8":"product_tag-portachiavi","10":"first","11":"instock","12":"sale","13":"taxable","14":"shipping-taxable","15":"purchasable","16":"product-type-simple"},"bundled_by":[],"bundle_stock_status":"instock","bundle_stock_quantity":1,"bundle_virtual":false,"bundle_layout":"","bundle_add_to_cart_form_location":"","bundle_editable_in_cart":false,"bundle_sold_individually_context":"","bundle_item_grouping":"","bundle_min_size":"","bundle_max_size":"","bundle_price":[],"bundled_items":[],"bundle_sell_ids":[],"group_of_quantity":0,"min_quantity":0,"max_quantity":"","exclude_order_quantity_value_rules":"no","exclude_category_quantity_rules":"no","combine_variations":"no","jetpack_sharing_enabled":true,"jetpack_likes_enabled":true,"_links":{"self":[{"href":"https:\/\/watchdeluxe.it\/de\/wp-json\/wp\/v2\/product\/125354","targetHints":{"allow":["GET"]}}],"collection":[{"href":"https:\/\/watchdeluxe.it\/de\/wp-json\/wp\/v2\/product"}],"about":[{"href":"https:\/\/watchdeluxe.it\/de\/wp-json\/wp\/v2\/types\/product"}],"wp:featuredmedia":[{"embeddable":true,"href":"https:\/\/watchdeluxe.it\/de\/wp-json\/wp\/v2\/media\/125339"}],"wp:attachment":[{"href":"https:\/\/watchdeluxe.it\/de\/wp-json\/wp\/v2\/media?parent=125354"}],"wp:term":[{"taxonomy":"product_brand","embeddable":true,"href":"https:\/\/watchdeluxe.it\/de\/wp-json\/wp\/v2\/product_brand?post=125354"},{"taxonomy":"product_cat","embeddable":true,"href":"https:\/\/watchdeluxe.it\/de\/wp-json\/wp\/v2\/product_cat?post=125354"},{"taxonomy":"product_tag","embeddable":true,"href":"https:\/\/watchdeluxe.it\/de\/wp-json\/wp\/v2\/product_tag?post=125354"},{"taxonomy":"berocket_brand","embeddable":true,"href":"https:\/\/watchdeluxe.it\/de\/wp-json\/wp\/v2\/berocket_brand?post=125354"},{"taxonomy":"woo-feed-brand","embeddable":true,"href":"https:\/\/watchdeluxe.it\/de\/wp-json\/wp\/v2\/woo-feed-brand?post=125354"}],"curies":[{"name":"wp","href":"https:\/\/api.w.org\/{rel}","templated":true}]}}