{"id":125200,"date":"2025-11-06T10:23:11","date_gmt":"2025-11-06T09:23:11","guid":{"rendered":"https:\/\/watchdeluxe.it\/prodotto\/montblanc-soft-6-cc-kartenetui-gruen-ref-220233\/"},"modified":"2025-11-06T10:23:11","modified_gmt":"2025-11-06T09:23:11","slug":"montblanc-soft-6-cc-kartenetui-gruen-ref-220233","status":"publish","type":"product","link":"https:\/\/watchdeluxe.it\/de\/prodotto\/montblanc-soft-6-cc-kartenetui-gruen-ref-220233\/","title":{"rendered":"Montblanc Soft 6 cc Kartenetui gr\u00fcn Ref. 220233"},"content":{"rendered":"<p>Montblanc Soft 6 cc Kartenetui gr\u00fcn Ref. 220233<\/p>\n<ul>\n<li data-hveid=\"CAQQAQ\" data-complete=\"true\" data-sae=\"\"><span class=\"T286Pc\" data-sfc-cp=\"\" data-complete=\"true\"><strong class=\"Yjhzub\" data-complete=\"true\">Material<\/strong>: Glattleder. Einige Quellen geben an, dass das Leder aus der <strong class=\"Yjhzub\" data-complete=\"true\">Meisterst\u00fcck-Linie<\/strong> stammt. <\/span><\/li>\n<li data-hveid=\"CAQQAg\" data-complete=\"true\" data-sae=\"\"><span class=\"T286Pc\" data-sfc-cp=\"\" data-complete=\"true\"><strong class=\"Yjhzub\" data-complete=\"true\">Farbe<\/strong>: Malachit (ein gr\u00fcner Farbton).<\/span><\/li>\n<li data-hveid=\"CAQQAw\" data-complete=\"true\" data-sae=\"\"><span class=\"T286Pc\" data-sfc-cp=\"\" data-complete=\"true\"><strong class=\"Yjhzub\" data-complete=\"true\">F\u00e4cher<\/strong>: Sechs F\u00e4cher f\u00fcr Kreditkarten oder Visitenkarten und ein zus\u00e4tzliches Fach f\u00fcr Geldscheine oder Quittungen.<\/span><\/li>\n<li data-hveid=\"CAQQBA\" data-complete=\"true\" data-sae=\"\"><span class=\"T286Pc\" data-sfc-cp=\"\" data-complete=\"true\"><strong class=\"Yjhzub\" data-complete=\"true\">Verarbeitung<\/strong>: Das Montblanc Emblem befindet sich auf der Vorderseite des Kartenetuis<\/span><\/li>\n<\/ul>\n","protected":false},"excerpt":{"rendered":"<p>Montblanc Soft 6 cc Kartenetui gr\u00fcn Ref. 220233 Material: Glattleder. Einige Quellen geben an, dass das Leder aus der Meisterst\u00fcck-Linie stammt. Farbe: Malachit (ein gr\u00fcner Farbton). F\u00e4cher: Sechs F\u00e4cher f\u00fcr Kreditkarten oder Visitenkarten und ein zus\u00e4tzliches Fach f\u00fcr Geldscheine oder Quittungen. Verarbeitung: Das Montblanc Emblem befindet sich auf der Vorderseite des Kartenetuis<\/p>\n","protected":false},"featured_media":125194,"template":"","meta":{"_crdt_document":"","advanced_seo_description":"","jetpack_seo_html_title":"","jetpack_seo_noindex":false},"product_brand":[1907],"product_cat":[2250],"product_tag":[3150],"berocket_brand":[],"woo-feed-brand":[],"class_list":{"0":"post-125200","1":"product","2":"type-product","3":"status-publish","4":"has-post-thumbnail","6":"product_brand-montblanc","7":"product_cat-montblanc-de","8":"product_tag-karteninhaber","10":"first","11":"instock","12":"sale","13":"taxable","14":"shipping-taxable","15":"purchasable","16":"product-type-simple"},"bundled_by":[],"bundle_stock_status":"instock","bundle_stock_quantity":1,"bundle_virtual":false,"bundle_layout":"","bundle_add_to_cart_form_location":"","bundle_editable_in_cart":false,"bundle_sold_individually_context":"","bundle_item_grouping":"","bundle_min_size":"","bundle_max_size":"","bundle_price":[],"bundled_items":[],"bundle_sell_ids":[],"group_of_quantity":0,"min_quantity":0,"max_quantity":"","exclude_order_quantity_value_rules":"no","exclude_category_quantity_rules":"no","combine_variations":"no","exclude_global_add_ons":[],"addons":[],"jetpack_sharing_enabled":true,"jetpack_likes_enabled":true,"_links":{"self":[{"href":"https:\/\/watchdeluxe.it\/de\/wp-json\/wp\/v2\/product\/125200","targetHints":{"allow":["GET"]}}],"collection":[{"href":"https:\/\/watchdeluxe.it\/de\/wp-json\/wp\/v2\/product"}],"about":[{"href":"https:\/\/watchdeluxe.it\/de\/wp-json\/wp\/v2\/types\/product"}],"wp:featuredmedia":[{"embeddable":true,"href":"https:\/\/watchdeluxe.it\/de\/wp-json\/wp\/v2\/media\/125194"}],"wp:attachment":[{"href":"https:\/\/watchdeluxe.it\/de\/wp-json\/wp\/v2\/media?parent=125200"}],"wp:term":[{"taxonomy":"product_brand","embeddable":true,"href":"https:\/\/watchdeluxe.it\/de\/wp-json\/wp\/v2\/product_brand?post=125200"},{"taxonomy":"product_cat","embeddable":true,"href":"https:\/\/watchdeluxe.it\/de\/wp-json\/wp\/v2\/product_cat?post=125200"},{"taxonomy":"product_tag","embeddable":true,"href":"https:\/\/watchdeluxe.it\/de\/wp-json\/wp\/v2\/product_tag?post=125200"},{"taxonomy":"berocket_brand","embeddable":true,"href":"https:\/\/watchdeluxe.it\/de\/wp-json\/wp\/v2\/berocket_brand?post=125200"},{"taxonomy":"woo-feed-brand","embeddable":true,"href":"https:\/\/watchdeluxe.it\/de\/wp-json\/wp\/v2\/woo-feed-brand?post=125200"}],"curies":[{"name":"wp","href":"https:\/\/api.w.org\/{rel}","templated":true}]}}