{"id":125154,"date":"2025-11-06T10:16:23","date_gmt":"2025-11-06T09:16:23","guid":{"rendered":"https:\/\/watchdeluxe.it\/prodotto\/montblanc-digital-paper-folio-farbe-antartica-grau-ref-135041\/"},"modified":"2025-11-06T10:16:23","modified_gmt":"2025-11-06T09:16:23","slug":"montblanc-digital-paper-folio-farbe-antartica-grau-ref-135041","status":"publish","type":"product","link":"https:\/\/watchdeluxe.it\/de\/prodotto\/montblanc-digital-paper-folio-farbe-antartica-grau-ref-135041\/","title":{"rendered":"Montblanc Digital Paper Folio, Farbe Antartica (grau) Ref. 135041"},"content":{"rendered":"<p>Montblanc Digital Paper Folio, Farbe Antartica (grau) Ref. 135041<\/p>\n<p>elegantes Lederetui f\u00fcr das Montblanc Augmented Paper Set, mit dem Sie Notizen und Skizzen von Papier auf ein elektronisches Ger\u00e4t \u00fcbertragen k\u00f6nnen<\/p>\n<ul>\n<li data-hveid=\"CAQQAA\" data-complete=\"true\" data-sae=\"\"><span class=\"T286Pc\" data-sfc-cp=\"\" data-complete=\"true\"><strong class=\"Yjhzub\" data-complete=\"true\">Material<\/strong>: Hergestellt aus vollnarbigem Rindsleder europ\u00e4ischer Herkunft.<\/span><\/li>\n<li data-hveid=\"CAQQAQ\" data-complete=\"true\" data-sae=\"\"><span class=\"T286Pc\" data-sfc-cp=\"\" data-complete=\"true\"><strong class=\"Yjhzub\" data-complete=\"true\">Farbe<\/strong>: Grau &#8216;Antartica&#8217;.<\/span><\/li>\n<li data-hveid=\"CAQQAg\" data-complete=\"true\" data-sae=\"\"><span class=\"T286Pc\" data-sfc-cp=\"\" data-complete=\"true\"><strong class=\"Yjhzub\" data-complete=\"true\">Funktionalit\u00e4t<\/strong>: Enth\u00e4lt das Digital Paper Folio-Set und erm\u00f6glicht Ihnen die Verwendung des StarWalker-Stifts.<\/span><\/li>\n<li data-hveid=\"CAQQAw\" data-complete=\"true\" data-sae=\"\"><span class=\"T286Pc\" data-sfc-cp=\"\" data-complete=\"true\"><strong class=\"Yjhzub\" data-complete=\"true\">Abmessungen<\/strong>: Ca. 300 x 250 x 30 mm<\/span><\/li>\n<li data-hveid=\"CAQQBQ\" data-complete=\"true\" data-sae=\"\"><span class=\"T286Pc\" data-sfc-cp=\"\" data-complete=\"true\"><strong class=\"Yjhzub\" data-complete=\"true\">Zus\u00e4tzliche Details<\/strong>: Enth\u00e4lt ein Fach f\u00fcr ein A4-Notizbuch und eine Stiftschlaufe.<\/span><span class=\"uJ19be notranslate\" data-wiz-uids=\"CQ2Ljc_18,CQ2Ljc_19\" data-complete=\"true\"><span class=\"vKEkVd\" data-animation-atomic=\"\" data-sae=\"\"> <\/span><\/span><\/li>\n<\/ul>\n","protected":false},"excerpt":{"rendered":"<p>Montblanc Digital Paper Folio, Farbe Antartica (grau) Ref. 135041 elegantes Lederetui f\u00fcr das Montblanc Augmented Paper Set, mit dem Sie Notizen und Skizzen von Papier auf ein elektronisches Ger\u00e4t \u00fcbertragen k\u00f6nnen Material: Hergestellt aus vollnarbigem Rindsleder europ\u00e4ischer Herkunft. Farbe: Grau &#8216;Antartica&#8217;. Funktionalit\u00e4t: Enth\u00e4lt das Digital Paper Folio-Set und erm\u00f6glicht Ihnen die Verwendung des StarWalker-Stifts. Abmessungen: [&hellip;]<\/p>\n","protected":false},"featured_media":125148,"template":"","meta":{"_crdt_document":"","advanced_seo_description":"","jetpack_seo_html_title":"","jetpack_seo_noindex":false},"product_brand":[1907],"product_cat":[2250],"product_tag":[4770],"berocket_brand":[],"woo-feed-brand":[],"class_list":{"0":"post-125154","1":"product","2":"type-product","3":"status-publish","4":"has-post-thumbnail","6":"product_brand-montblanc","7":"product_cat-montblanc-de","8":"product_tag-digitales-papier","10":"first","11":"instock","12":"sale","13":"taxable","14":"shipping-taxable","15":"purchasable","16":"product-type-simple"},"bundled_by":[],"bundle_stock_status":"instock","bundle_stock_quantity":1,"bundle_virtual":false,"bundle_layout":"","bundle_add_to_cart_form_location":"","bundle_editable_in_cart":false,"bundle_sold_individually_context":"","bundle_item_grouping":"","bundle_min_size":"","bundle_max_size":"","bundle_price":[],"bundled_items":[],"bundle_sell_ids":[],"group_of_quantity":0,"min_quantity":0,"max_quantity":"","exclude_order_quantity_value_rules":"no","exclude_category_quantity_rules":"no","combine_variations":"no","jetpack_sharing_enabled":true,"jetpack_likes_enabled":true,"_links":{"self":[{"href":"https:\/\/watchdeluxe.it\/de\/wp-json\/wp\/v2\/product\/125154","targetHints":{"allow":["GET"]}}],"collection":[{"href":"https:\/\/watchdeluxe.it\/de\/wp-json\/wp\/v2\/product"}],"about":[{"href":"https:\/\/watchdeluxe.it\/de\/wp-json\/wp\/v2\/types\/product"}],"wp:featuredmedia":[{"embeddable":true,"href":"https:\/\/watchdeluxe.it\/de\/wp-json\/wp\/v2\/media\/125148"}],"wp:attachment":[{"href":"https:\/\/watchdeluxe.it\/de\/wp-json\/wp\/v2\/media?parent=125154"}],"wp:term":[{"taxonomy":"product_brand","embeddable":true,"href":"https:\/\/watchdeluxe.it\/de\/wp-json\/wp\/v2\/product_brand?post=125154"},{"taxonomy":"product_cat","embeddable":true,"href":"https:\/\/watchdeluxe.it\/de\/wp-json\/wp\/v2\/product_cat?post=125154"},{"taxonomy":"product_tag","embeddable":true,"href":"https:\/\/watchdeluxe.it\/de\/wp-json\/wp\/v2\/product_tag?post=125154"},{"taxonomy":"berocket_brand","embeddable":true,"href":"https:\/\/watchdeluxe.it\/de\/wp-json\/wp\/v2\/berocket_brand?post=125154"},{"taxonomy":"woo-feed-brand","embeddable":true,"href":"https:\/\/watchdeluxe.it\/de\/wp-json\/wp\/v2\/woo-feed-brand?post=125154"}],"curies":[{"name":"wp","href":"https:\/\/api.w.org\/{rel}","templated":true}]}}