{"id":125050,"date":"2025-11-06T09:53:22","date_gmt":"2025-11-06T08:53:22","guid":{"rendered":"https:\/\/watchdeluxe.it\/prodotto\/montblanc-fineliner-starwalker-polargreen-metall-ref-132911\/"},"modified":"2026-01-16T14:43:54","modified_gmt":"2026-01-16T13:43:54","slug":"montblanc-fineliner-starwalker-polargreen-metall-ref-132911","status":"publish","type":"product","link":"https:\/\/watchdeluxe.it\/de\/prodotto\/montblanc-fineliner-starwalker-polargreen-metall-ref-132911\/","title":{"rendered":"Montblanc Fineliner StarWalker PolarGreen Metall Ref. 132911"},"content":{"rendered":"<p>Montblanc Fineliner StarWalker PolarGreen Metall Ref. 132911<\/p>\n<ul>\n<li data-hveid=\"CAEIBBAA\" data-complete=\"true\" data-processed=\"true\"><span class=\"T286Pc\" data-sfc-cp=\"\" data-complete=\"true\" data-processed=\"true\"><strong class=\"Yjhzub\" data-complete=\"true\" data-processed=\"true\">Design<\/strong>: Das Geh\u00e4use besteht aus Metall, w\u00e4hrend die Kuppel auf der Kappe aus transparentem Harz besteht und im Halbdunkel leuchtet, was an das Polarlicht erinnert.<\/span><\/li>\n<li data-hveid=\"CAEIBBAB\" data-complete=\"true\" data-processed=\"true\"><span class=\"T286Pc\" data-sfc-cp=\"\" data-complete=\"true\" data-processed=\"true\"><strong class=\"Yjhzub\" data-complete=\"true\" data-processed=\"true\">Schreibart<\/strong>: Er ist ein Fineliner, d.h. er verwendet eine Faser- oder Filzspitze f\u00fcr pr\u00e4zises und definiertes Schreiben, im Gegensatz zu einem Kugelschreiber oder F\u00fcllfederhalter.<\/span><\/li>\n<li data-hveid=\"CAEIBBAC\" data-complete=\"true\" data-processed=\"true\"><span class=\"T286Pc\" data-sfc-cp=\"\" data-complete=\"true\" data-processed=\"true\"><strong class=\"Yjhzub\" data-complete=\"true\" data-processed=\"true\">Farbe<\/strong>: Der gesamte Stift, einschlie\u00dflich der Metalldetails, hat ein Finish, das an polare Gr\u00fcnt\u00f6ne erinnert, daher der Name &#8216;PolarGreen&#8217;.<\/span><\/li>\n<li data-hveid=\"CAEIBBAD\" data-complete=\"true\" data-processed=\"true\"><span class=\"T286Pc\" data-sfc-cp=\"\" data-complete=\"true\" data-processed=\"true\"><strong class=\"Yjhzub\" data-complete=\"true\" data-processed=\"true\">Clip<\/strong>: Der Clip ist platinbeschichtet.<\/span><\/li>\n<li data-hveid=\"CAEIBBAE\" data-complete=\"true\" data-processed=\"true\"><span class=\"T286Pc\" data-sfc-cp=\"\" data-complete=\"true\" data-processed=\"true\"><strong class=\"Yjhzub\" data-complete=\"true\" data-processed=\"true\">Gewicht<\/strong>: Wiegt 44,4 Gramm, laut Guest und Philips.<\/span><\/li>\n<li data-hveid=\"CAEIBBAF\" data-complete=\"true\" data-processed=\"true\"><span class=\"T286Pc\" data-sfc-cp=\"\" data-complete=\"true\" data-processed=\"true\"><strong class=\"Yjhzub\" data-complete=\"true\" data-processed=\"true\">Abmessungen<\/strong>: Die Abmessungen sind 134,5 x 13,1 mm,<\/span><\/li>\n<\/ul>\n","protected":false},"excerpt":{"rendered":"<p>Montblanc Fineliner StarWalker PolarGreen Metall Ref. 132911 Design: Das Geh\u00e4use besteht aus Metall, w\u00e4hrend die Kuppel auf der Kappe aus transparentem Harz besteht und im Halbdunkel leuchtet, was an das Polarlicht erinnert. Schreibart: Er ist ein Fineliner, d.h. er verwendet eine Faser- oder Filzspitze f\u00fcr pr\u00e4zises und definiertes Schreiben, im Gegensatz zu einem Kugelschreiber oder [&hellip;]<\/p>\n","protected":false},"featured_media":124996,"template":"","meta":{"_crdt_document":"","advanced_seo_description":"","jetpack_seo_html_title":"","jetpack_seo_noindex":false},"product_brand":[],"product_cat":[2250],"product_tag":[4004],"berocket_brand":[],"woo-feed-brand":[],"class_list":{"0":"post-125050","1":"product","2":"type-product","3":"status-publish","4":"has-post-thumbnail","6":"product_cat-montblanc-de","7":"product_tag-penne-de","9":"first","10":"instock","11":"sale","12":"taxable","13":"shipping-taxable","14":"purchasable","15":"product-type-simple"},"bundled_by":[],"bundle_stock_status":"instock","bundle_stock_quantity":1,"bundle_virtual":false,"bundle_layout":"","bundle_add_to_cart_form_location":"","bundle_editable_in_cart":false,"bundle_sold_individually_context":"","bundle_item_grouping":"","bundle_min_size":"","bundle_max_size":"","bundle_price":[],"bundled_items":[],"bundle_sell_ids":[],"group_of_quantity":0,"min_quantity":0,"max_quantity":"","exclude_order_quantity_value_rules":"no","exclude_category_quantity_rules":"no","combine_variations":"no","jetpack_sharing_enabled":true,"jetpack_likes_enabled":true,"_links":{"self":[{"href":"https:\/\/watchdeluxe.it\/de\/wp-json\/wp\/v2\/product\/125050","targetHints":{"allow":["GET"]}}],"collection":[{"href":"https:\/\/watchdeluxe.it\/de\/wp-json\/wp\/v2\/product"}],"about":[{"href":"https:\/\/watchdeluxe.it\/de\/wp-json\/wp\/v2\/types\/product"}],"wp:featuredmedia":[{"embeddable":true,"href":"https:\/\/watchdeluxe.it\/de\/wp-json\/wp\/v2\/media\/124996"}],"wp:attachment":[{"href":"https:\/\/watchdeluxe.it\/de\/wp-json\/wp\/v2\/media?parent=125050"}],"wp:term":[{"taxonomy":"product_brand","embeddable":true,"href":"https:\/\/watchdeluxe.it\/de\/wp-json\/wp\/v2\/product_brand?post=125050"},{"taxonomy":"product_cat","embeddable":true,"href":"https:\/\/watchdeluxe.it\/de\/wp-json\/wp\/v2\/product_cat?post=125050"},{"taxonomy":"product_tag","embeddable":true,"href":"https:\/\/watchdeluxe.it\/de\/wp-json\/wp\/v2\/product_tag?post=125050"},{"taxonomy":"berocket_brand","embeddable":true,"href":"https:\/\/watchdeluxe.it\/de\/wp-json\/wp\/v2\/berocket_brand?post=125050"},{"taxonomy":"woo-feed-brand","embeddable":true,"href":"https:\/\/watchdeluxe.it\/de\/wp-json\/wp\/v2\/woo-feed-brand?post=125050"}],"curies":[{"name":"wp","href":"https:\/\/api.w.org\/{rel}","templated":true}]}}