{"id":124840,"date":"2025-11-05T16:58:02","date_gmt":"2025-11-05T15:58:02","guid":{"rendered":"https:\/\/watchdeluxe.it\/prodotto\/montblanc-fuellfederhalter-montblanc-writers-edition-hommage-an-johann-wolfgang-von-goethe-limited-edition-ref-131436\/"},"modified":"2026-01-16T14:58:11","modified_gmt":"2026-01-16T13:58:11","slug":"montblanc-fuellfederhalter-montblanc-writers-edition-hommage-an-johann-wolfgang-von-goethe-limited-edition-ref-131436","status":"publish","type":"product","link":"https:\/\/watchdeluxe.it\/de\/prodotto\/montblanc-fuellfederhalter-montblanc-writers-edition-hommage-an-johann-wolfgang-von-goethe-limited-edition-ref-131436\/","title":{"rendered":"Montblanc F\u00fcllfederhalter Montblanc Writers Edition Hommage an Johann Wolfgang von Goethe Limited Edition ref. 131436"},"content":{"rendered":"<p>Montblanc F\u00fcllfederhalter Montblanc Writers Edition Hommage an Johann Wolfgang von Goethe Limited Edition ref. 131436<\/p>\n<ul>\n<li data-hveid=\"CAQQAA\" data-complete=\"true\" data-sae=\"\"><span class=\"T286Pc\" data-sfc-cp=\"\" data-complete=\"true\"><strong class=\"Yjhzub\" data-complete=\"true\">Design<\/strong>: Das Design des Stiftes ist von Goethes Werken und seinem Wohnsitz in Weimar inspiriert. Der Korpus aus blauem Edelharz weist ein Guillochiermuster auf, das an den Boden der Bibliothek in seinem Haus erinnert. <\/span><\/li>\n<li data-hveid=\"CAQQAQ\" data-complete=\"true\" data-sae=\"\"><span class=\"T286Pc\" data-sfc-cp=\"\" data-complete=\"true\"><strong class=\"Yjhzub\" data-complete=\"true\">Feder<\/strong>: Hergestellt aus massivem 18-kar\u00e4tigem Gold.<\/span><\/li>\n<li data-hveid=\"CAQQAg\" data-sae=\"\" data-complete=\"true\"><span class=\"T286Pc\" data-sfc-cp=\"\" data-complete=\"true\"><strong class=\"Yjhzub\" data-complete=\"true\">Clip<\/strong>: Der vergoldete und mit einem facettierten Kunststein besetzte Clip ist von der neoklassizistischen Architektur von Goethes Haus inspiriert.<\/span><\/li>\n<li data-hveid=\"CAQQAw\" data-complete=\"true\" data-processed=\"true\" data-sae=\"\"><span class=\"T286Pc\" data-sfc-cp=\"\" data-complete=\"true\"><strong class=\"Yjhzub\" data-complete=\"true\">Edition<\/strong>: Dies ist Teil der Kollektion &#8216;Writers Edition&#8217;, die den gr\u00f6\u00dften Autoren der Geschichte gewidmet ist, und ist in einer limitierten Auflage erh\u00e4ltlich.<\/span><\/li>\n<li data-hveid=\"CAQQBA\" data-complete=\"true\" data-processed=\"true\" data-sae=\"\"><span class=\"T286Pc\" data-sfc-cp=\"\" data-complete=\"true\">der Stift hat eine L\u00e4nge von 14,59 cm, eine Breite von 14,59 cm und eine Tiefe von 1,69 cm<\/span><\/li>\n<\/ul>\n","protected":false},"excerpt":{"rendered":"<p>Montblanc F\u00fcllfederhalter Montblanc Writers Edition Hommage an Johann Wolfgang von Goethe Limited Edition ref. 131436 Design: Das Design des Stiftes ist von Goethes Werken und seinem Wohnsitz in Weimar inspiriert. Der Korpus aus blauem Edelharz weist ein Guillochiermuster auf, das an den Boden der Bibliothek in seinem Haus erinnert. Feder: Hergestellt aus massivem 18-kar\u00e4tigem Gold. [&hellip;]<\/p>\n","protected":false},"featured_media":124835,"template":"","meta":{"_crdt_document":"","advanced_seo_description":"","jetpack_seo_html_title":"","jetpack_seo_noindex":false},"product_brand":[1907],"product_cat":[2250],"product_tag":[4004],"berocket_brand":[],"woo-feed-brand":[],"class_list":{"0":"post-124840","1":"product","2":"type-product","3":"status-publish","4":"has-post-thumbnail","6":"product_brand-montblanc","7":"product_cat-montblanc-de","8":"product_tag-penne-de","10":"first","11":"instock","12":"sale","13":"taxable","14":"shipping-taxable","15":"purchasable","16":"product-type-simple"},"bundled_by":[],"bundle_stock_status":"instock","bundle_stock_quantity":1,"bundle_virtual":false,"bundle_layout":"","bundle_add_to_cart_form_location":"","bundle_editable_in_cart":false,"bundle_sold_individually_context":"","bundle_item_grouping":"","bundle_min_size":"","bundle_max_size":"","bundle_price":[],"bundled_items":[],"bundle_sell_ids":[],"group_of_quantity":0,"min_quantity":0,"max_quantity":"","exclude_order_quantity_value_rules":"no","exclude_category_quantity_rules":"no","combine_variations":"no","jetpack_sharing_enabled":true,"jetpack_likes_enabled":true,"_links":{"self":[{"href":"https:\/\/watchdeluxe.it\/de\/wp-json\/wp\/v2\/product\/124840","targetHints":{"allow":["GET"]}}],"collection":[{"href":"https:\/\/watchdeluxe.it\/de\/wp-json\/wp\/v2\/product"}],"about":[{"href":"https:\/\/watchdeluxe.it\/de\/wp-json\/wp\/v2\/types\/product"}],"wp:featuredmedia":[{"embeddable":true,"href":"https:\/\/watchdeluxe.it\/de\/wp-json\/wp\/v2\/media\/124835"}],"wp:attachment":[{"href":"https:\/\/watchdeluxe.it\/de\/wp-json\/wp\/v2\/media?parent=124840"}],"wp:term":[{"taxonomy":"product_brand","embeddable":true,"href":"https:\/\/watchdeluxe.it\/de\/wp-json\/wp\/v2\/product_brand?post=124840"},{"taxonomy":"product_cat","embeddable":true,"href":"https:\/\/watchdeluxe.it\/de\/wp-json\/wp\/v2\/product_cat?post=124840"},{"taxonomy":"product_tag","embeddable":true,"href":"https:\/\/watchdeluxe.it\/de\/wp-json\/wp\/v2\/product_tag?post=124840"},{"taxonomy":"berocket_brand","embeddable":true,"href":"https:\/\/watchdeluxe.it\/de\/wp-json\/wp\/v2\/berocket_brand?post=124840"},{"taxonomy":"woo-feed-brand","embeddable":true,"href":"https:\/\/watchdeluxe.it\/de\/wp-json\/wp\/v2\/woo-feed-brand?post=124840"}],"curies":[{"name":"wp","href":"https:\/\/api.w.org\/{rel}","templated":true}]}}