{"id":124589,"date":"2025-11-05T15:45:55","date_gmt":"2025-11-05T14:45:55","guid":{"rendered":"https:\/\/watchdeluxe.it\/prodotto\/montblanc-fineliner-stift-starwalker-polargreen-doue-ref-132907\/"},"modified":"2026-01-16T15:10:32","modified_gmt":"2026-01-16T14:10:32","slug":"montblanc-fineliner-stift-starwalker-polargreen-doue-ref-132907","status":"publish","type":"product","link":"https:\/\/watchdeluxe.it\/de\/prodotto\/montblanc-fineliner-stift-starwalker-polargreen-doue-ref-132907\/","title":{"rendered":"Montblanc Fineliner-Stift StarWalker PolarGreen Dou\u00e9 ref. 132907"},"content":{"rendered":"<p>Montblanc Fineliner-Stift StarWalker PolarGreen Dou\u00e9 ref. 132907<\/p>\n<ul class=\"KsbFXc U6u95\" data-complete=\"true\" data-processed=\"true\">\n<li data-hveid=\"CAQQAA\" data-complete=\"true\" data-sae=\"\"><span class=\"T286Pc\" data-sfc-cp=\"\" data-complete=\"true\"><strong class=\"Yjhzub\" data-complete=\"true\">Design<\/strong>: Der Korpus des Kugelschreibers besteht aus feinem gr\u00fcnem Harz mit einem wellenf\u00f6rmigen Guillochiermuster, das an die schillernden Reflexe der Himmelserscheinung erinnert. Die transparente Kuppel am oberen Ende der Kappe leuchtet im Halbdunkel und erinnert an ein Polarlicht. <\/span><\/li>\n<li data-hveid=\"CAQQAQ\" data-complete=\"true\" data-sae=\"\"><span class=\"T286Pc\" data-sfc-cp=\"\" data-complete=\"true\"><strong class=\"Yjhzub\" data-complete=\"true\">Metalldetails<\/strong>: Die Metallelemente sind platiniert, einschlie\u00dflich des Clips mit dem Montblanc Schriftzug.<\/span><\/li>\n<li data-hveid=\"CAQQAg\" data-complete=\"true\" data-sae=\"\"><span class=\"T286Pc\" data-sfc-cp=\"\" data-complete=\"true\"><strong class=\"Yjhzub\" data-complete=\"true\">Schreibsystem<\/strong>: Es handelt sich um einen Fineliner, der jedoch in einen Tintenroller umgewandelt werden kann und somit vielseitig einsetzbar ist.<\/span><span class=\"uJ19be notranslate\" data-wiz-uids=\"ZeFPRd_x,ZeFPRd_y\" data-complete=\"true\"><span class=\"vKEkVd\" data-animation-atomic=\"\" data-sae=\"\"> <\/span><\/span><\/li>\n<\/ul>\n","protected":false},"excerpt":{"rendered":"<p>Montblanc Fineliner-Stift StarWalker PolarGreen Dou\u00e9 ref. 132907 Design: Der Korpus des Kugelschreibers besteht aus feinem gr\u00fcnem Harz mit einem wellenf\u00f6rmigen Guillochiermuster, das an die schillernden Reflexe der Himmelserscheinung erinnert. Die transparente Kuppel am oberen Ende der Kappe leuchtet im Halbdunkel und erinnert an ein Polarlicht. Metalldetails: Die Metallelemente sind platiniert, einschlie\u00dflich des Clips mit dem [&hellip;]<\/p>\n","protected":false},"featured_media":124582,"template":"","meta":{"_crdt_document":"","advanced_seo_description":"","jetpack_seo_html_title":"","jetpack_seo_noindex":false},"product_brand":[],"product_cat":[2250],"product_tag":[4004],"berocket_brand":[],"woo-feed-brand":[],"class_list":{"0":"post-124589","1":"product","2":"type-product","3":"status-publish","4":"has-post-thumbnail","6":"product_cat-montblanc-de","7":"product_tag-penne-de","9":"first","10":"instock","11":"sale","12":"taxable","13":"shipping-taxable","14":"purchasable","15":"product-type-simple"},"bundled_by":[],"bundle_stock_status":"instock","bundle_stock_quantity":1,"bundle_virtual":false,"bundle_layout":"","bundle_add_to_cart_form_location":"","bundle_editable_in_cart":false,"bundle_sold_individually_context":"","bundle_item_grouping":"","bundle_min_size":"","bundle_max_size":"","bundle_price":[],"bundled_items":[],"bundle_sell_ids":[],"group_of_quantity":0,"min_quantity":0,"max_quantity":"","exclude_order_quantity_value_rules":"no","exclude_category_quantity_rules":"no","combine_variations":"no","jetpack_sharing_enabled":true,"jetpack_likes_enabled":true,"_links":{"self":[{"href":"https:\/\/watchdeluxe.it\/de\/wp-json\/wp\/v2\/product\/124589","targetHints":{"allow":["GET"]}}],"collection":[{"href":"https:\/\/watchdeluxe.it\/de\/wp-json\/wp\/v2\/product"}],"about":[{"href":"https:\/\/watchdeluxe.it\/de\/wp-json\/wp\/v2\/types\/product"}],"wp:featuredmedia":[{"embeddable":true,"href":"https:\/\/watchdeluxe.it\/de\/wp-json\/wp\/v2\/media\/124582"}],"wp:attachment":[{"href":"https:\/\/watchdeluxe.it\/de\/wp-json\/wp\/v2\/media?parent=124589"}],"wp:term":[{"taxonomy":"product_brand","embeddable":true,"href":"https:\/\/watchdeluxe.it\/de\/wp-json\/wp\/v2\/product_brand?post=124589"},{"taxonomy":"product_cat","embeddable":true,"href":"https:\/\/watchdeluxe.it\/de\/wp-json\/wp\/v2\/product_cat?post=124589"},{"taxonomy":"product_tag","embeddable":true,"href":"https:\/\/watchdeluxe.it\/de\/wp-json\/wp\/v2\/product_tag?post=124589"},{"taxonomy":"berocket_brand","embeddable":true,"href":"https:\/\/watchdeluxe.it\/de\/wp-json\/wp\/v2\/berocket_brand?post=124589"},{"taxonomy":"woo-feed-brand","embeddable":true,"href":"https:\/\/watchdeluxe.it\/de\/wp-json\/wp\/v2\/woo-feed-brand?post=124589"}],"curies":[{"name":"wp","href":"https:\/\/api.w.org\/{rel}","templated":true}]}}