{"id":124535,"date":"2025-11-05T15:35:29","date_gmt":"2025-11-05T14:35:29","guid":{"rendered":"https:\/\/watchdeluxe.it\/prodotto\/montblanc-mittleres-etui-m_gram-4810-ref-128622\/"},"modified":"2025-11-05T15:35:29","modified_gmt":"2025-11-05T14:35:29","slug":"montblanc-mittleres-etui-m_gram-4810-ref-128622","status":"publish","type":"product","link":"https:\/\/watchdeluxe.it\/de\/prodotto\/montblanc-mittleres-etui-m_gram-4810-ref-128622\/","title":{"rendered":"Montblanc mittleres Etui M_Gram 4810 Ref. 128622"},"content":{"rendered":"<p>Montblanc mittleres Etui M_Gram 4810 Ref. 128622<\/p>\n<ul class=\"KsbFXc U6u95\" data-complete=\"true\" data-processed=\"true\">\n<li data-hveid=\"CAQQAA\" data-complete=\"true\" data-sae=\"\"><span class=\"T286Pc\" data-sfc-cp=\"\" data-complete=\"true\"><strong class=\"Yjhzub\" data-complete=\"true\">Vollst\u00e4ndiger Name<\/strong>: Montblanc Medium Etui M_Gram 4810.<\/span><\/li>\n<li data-hveid=\"CAQQAQ\" data-complete=\"true\" data-sae=\"\"><span class=\"T286Pc\" data-sfc-cp=\"\" data-complete=\"true\"><strong class=\"Yjhzub\" data-complete=\"true\">Material<\/strong>: schwarzes, gepr\u00e4gtes Rindsleder mit &#8216;M&#8217;-Muster.<\/span><\/li>\n<li data-hveid=\"CAQQAg\" data-complete=\"true\" data-sae=\"\"><span class=\"T286Pc\" data-sfc-cp=\"\" data-complete=\"true\"><strong class=\"Yjhzub\" data-complete=\"true\">Innenfutter<\/strong>: Baumwolle.<\/span><\/li>\n<li data-hveid=\"CAQQAw\" data-complete=\"true\" data-sae=\"\"><span class=\"T286Pc\" data-sfc-cp=\"\" data-complete=\"true\"><strong class=\"Yjhzub\" data-complete=\"true\">Verschluss<\/strong>: Rei\u00dfverschluss.<\/span><\/li>\n<li data-hveid=\"CAQQBA\" data-complete=\"true\" data-sae=\"\"><span class=\"T286Pc\" data-sfc-cp=\"\" data-complete=\"true\"><strong class=\"Yjhzub\" data-complete=\"true\">Farbe<\/strong>: Schwarz.<\/span><\/li>\n<li data-hveid=\"CAQQBQ\" data-complete=\"true\" data-sae=\"\"><span class=\"T286Pc\" data-sfc-cp=\"\" data-complete=\"true\"><strong class=\"Yjhzub\" data-complete=\"true\">Abmessungen<\/strong>: Ca. 27 x 1 x 18 cm.<\/span><\/li>\n<li data-hveid=\"CAQQBg\" data-complete=\"true\" data-sae=\"\"><span class=\"T286Pc\" data-sfc-cp=\"\" data-complete=\"true\"><strong class=\"Yjhzub\" data-complete=\"true\">Funktion<\/strong>: Das Etui ist ein vielseitiges Luxus-Accessoire aus Leder, das sich zur Aufbewahrung von Dokumenten, kleinen pers\u00f6nlichen Gegenst\u00e4nden oder als Reisetasche eignet.<\/span><span class=\"uJ19be notranslate\" data-wiz-uids=\"KcISKb_1b,KcISKb_1c\" data-complete=\"true\"><span class=\"vKEkVd\" data-animation-atomic=\"\" data-sae=\"\"> <\/span><\/span><\/li>\n<\/ul>\n","protected":false},"excerpt":{"rendered":"<p>Montblanc mittleres Etui M_Gram 4810 Ref. 128622 Vollst\u00e4ndiger Name: Montblanc Medium Etui M_Gram 4810. Material: schwarzes, gepr\u00e4gtes Rindsleder mit &#8216;M&#8217;-Muster. Innenfutter: Baumwolle. Verschluss: Rei\u00dfverschluss. Farbe: Schwarz. Abmessungen: Ca. 27 x 1 x 18 cm. Funktion: Das Etui ist ein vielseitiges Luxus-Accessoire aus Leder, das sich zur Aufbewahrung von Dokumenten, kleinen pers\u00f6nlichen Gegenst\u00e4nden oder als Reisetasche [&hellip;]<\/p>\n","protected":false},"featured_media":124518,"template":"","meta":{"_crdt_document":"","advanced_seo_description":"","jetpack_seo_html_title":"","jetpack_seo_noindex":false},"product_brand":[1907],"product_cat":[1929],"product_tag":[1447],"berocket_brand":[],"woo-feed-brand":[],"class_list":{"0":"post-124535","1":"product","2":"type-product","3":"status-publish","4":"has-post-thumbnail","6":"product_brand-montblanc","7":"product_cat-montblanc","8":"product_tag-pochette","10":"first","11":"instock","12":"sale","13":"taxable","14":"shipping-taxable","15":"purchasable","16":"product-type-simple"},"bundled_by":[],"bundle_stock_status":"instock","bundle_stock_quantity":1,"bundle_virtual":false,"bundle_layout":"","bundle_add_to_cart_form_location":"","bundle_editable_in_cart":false,"bundle_sold_individually_context":"","bundle_item_grouping":"","bundle_min_size":"","bundle_max_size":"","bundle_price":[],"bundled_items":[],"bundle_sell_ids":[],"group_of_quantity":0,"min_quantity":0,"max_quantity":"","exclude_order_quantity_value_rules":"no","exclude_category_quantity_rules":"no","combine_variations":"no","exclude_global_add_ons":[],"addons":[],"jetpack_sharing_enabled":true,"jetpack_likes_enabled":true,"_links":{"self":[{"href":"https:\/\/watchdeluxe.it\/de\/wp-json\/wp\/v2\/product\/124535","targetHints":{"allow":["GET"]}}],"collection":[{"href":"https:\/\/watchdeluxe.it\/de\/wp-json\/wp\/v2\/product"}],"about":[{"href":"https:\/\/watchdeluxe.it\/de\/wp-json\/wp\/v2\/types\/product"}],"wp:featuredmedia":[{"embeddable":true,"href":"https:\/\/watchdeluxe.it\/de\/wp-json\/wp\/v2\/media\/124518"}],"wp:attachment":[{"href":"https:\/\/watchdeluxe.it\/de\/wp-json\/wp\/v2\/media?parent=124535"}],"wp:term":[{"taxonomy":"product_brand","embeddable":true,"href":"https:\/\/watchdeluxe.it\/de\/wp-json\/wp\/v2\/product_brand?post=124535"},{"taxonomy":"product_cat","embeddable":true,"href":"https:\/\/watchdeluxe.it\/de\/wp-json\/wp\/v2\/product_cat?post=124535"},{"taxonomy":"product_tag","embeddable":true,"href":"https:\/\/watchdeluxe.it\/de\/wp-json\/wp\/v2\/product_tag?post=124535"},{"taxonomy":"berocket_brand","embeddable":true,"href":"https:\/\/watchdeluxe.it\/de\/wp-json\/wp\/v2\/berocket_brand?post=124535"},{"taxonomy":"woo-feed-brand","embeddable":true,"href":"https:\/\/watchdeluxe.it\/de\/wp-json\/wp\/v2\/woo-feed-brand?post=124535"}],"curies":[{"name":"wp","href":"https:\/\/api.w.org\/{rel}","templated":true}]}}