{"id":124528,"date":"2025-11-05T15:29:34","date_gmt":"2025-11-05T14:29:34","guid":{"rendered":"https:\/\/watchdeluxe.it\/prodotto\/montblanc-etui-extreme-3-0-ref-199411\/"},"modified":"2025-11-05T15:29:34","modified_gmt":"2025-11-05T14:29:34","slug":"montblanc-etui-extreme-3-0-ref-199411","status":"publish","type":"product","link":"https:\/\/watchdeluxe.it\/de\/prodotto\/montblanc-etui-extreme-3-0-ref-199411\/","title":{"rendered":"Montblanc Etui Extreme 3.0 ref. 199411"},"content":{"rendered":"<p>Montblanc Etui Extreme 3.0 ref. 199411<\/p>\n<ul class=\"KsbFXc U6u95\" data-complete=\"true\" data-processed=\"true\">\n<li data-hveid=\"CAQQAA\" data-complete=\"true\" data-sae=\"\"><span class=\"T286Pc\" data-sfc-cp=\"\" data-complete=\"true\"><strong class=\"Yjhzub\" data-complete=\"true\">Material<\/strong>: Kalbsleder mit Extreme 3.0 Musterdruck in der Farbe Cayenne. Das Futter ist aus Stoff. <\/span><\/li>\n<li data-hveid=\"CAQQAQ\" data-complete=\"true\" data-sae=\"\"><span class=\"T286Pc\" data-sfc-cp=\"\" data-complete=\"true\"><strong class=\"Yjhzub\" data-complete=\"true\">Design<\/strong>: Das Geh\u00e4use hat ein modernes und unverwechselbares Design mit schwarzen Metalldetails, die einen Hauch von Stil verleihen.<\/span><\/li>\n<li data-hveid=\"CAQQAg\" data-complete=\"true\" data-sae=\"\"><span class=\"T286Pc\" data-sfc-cp=\"\" data-complete=\"true\"><strong class=\"Yjhzub\" data-complete=\"true\">Vielseitigkeit<\/strong>: Sie kann in der Hand getragen oder dank zweier D-Ringe auf der R\u00fcckseite, an denen ein separat erh\u00e4ltlicher Schultergurt befestigt werden kann, in eine Umh\u00e4ngetasche verwandelt werden.<\/span><\/li>\n<li data-hveid=\"CAQQAw\" data-complete=\"true\" data-sae=\"\"><span class=\"T286Pc\" data-sfc-cp=\"\" data-complete=\"true\"><strong class=\"Yjhzub\" data-complete=\"true\">Abmessungen<\/strong>: 300 x 10 x 200 mm, gem\u00e4\u00df den Angaben auf verschiedenen H\u00e4ndlerseiten.<\/span><span class=\"uJ19be notranslate\" data-wiz-uids=\"uMYQ2d_10,uMYQ2d_11\" data-complete=\"true\"><span class=\"vKEkVd\" data-animation-atomic=\"\" data-sae=\"\"> <\/span><\/span><\/li>\n<\/ul>\n","protected":false},"excerpt":{"rendered":"<p>Montblanc Etui Extreme 3.0 ref. 199411 Material: Kalbsleder mit Extreme 3.0 Musterdruck in der Farbe Cayenne. Das Futter ist aus Stoff. Design: Das Geh\u00e4use hat ein modernes und unverwechselbares Design mit schwarzen Metalldetails, die einen Hauch von Stil verleihen. Vielseitigkeit: Sie kann in der Hand getragen oder dank zweier D-Ringe auf der R\u00fcckseite, an denen [&hellip;]<\/p>\n","protected":false},"featured_media":124511,"template":"","meta":{"_crdt_document":"","advanced_seo_description":"","jetpack_seo_html_title":"","jetpack_seo_noindex":false},"product_brand":[1907],"product_cat":[1929],"product_tag":[2491],"berocket_brand":[],"woo-feed-brand":[],"class_list":{"0":"post-124528","1":"product","2":"type-product","3":"status-publish","4":"has-post-thumbnail","6":"product_brand-montblanc","7":"product_cat-montblanc","8":"product_tag-kupplung","10":"first","11":"outofstock","12":"sale","13":"taxable","14":"shipping-taxable","15":"purchasable","16":"product-type-simple"},"bundled_by":[],"bundle_stock_status":"outofstock","bundle_stock_quantity":0,"bundle_virtual":false,"bundle_layout":"","bundle_add_to_cart_form_location":"","bundle_editable_in_cart":false,"bundle_sold_individually_context":"","bundle_item_grouping":"","bundle_min_size":"","bundle_max_size":"","bundle_price":[],"bundled_items":[],"bundle_sell_ids":[],"group_of_quantity":0,"min_quantity":0,"max_quantity":"","exclude_order_quantity_value_rules":"no","exclude_category_quantity_rules":"no","combine_variations":"no","jetpack_sharing_enabled":true,"jetpack_likes_enabled":true,"_links":{"self":[{"href":"https:\/\/watchdeluxe.it\/de\/wp-json\/wp\/v2\/product\/124528","targetHints":{"allow":["GET"]}}],"collection":[{"href":"https:\/\/watchdeluxe.it\/de\/wp-json\/wp\/v2\/product"}],"about":[{"href":"https:\/\/watchdeluxe.it\/de\/wp-json\/wp\/v2\/types\/product"}],"wp:featuredmedia":[{"embeddable":true,"href":"https:\/\/watchdeluxe.it\/de\/wp-json\/wp\/v2\/media\/124511"}],"wp:attachment":[{"href":"https:\/\/watchdeluxe.it\/de\/wp-json\/wp\/v2\/media?parent=124528"}],"wp:term":[{"taxonomy":"product_brand","embeddable":true,"href":"https:\/\/watchdeluxe.it\/de\/wp-json\/wp\/v2\/product_brand?post=124528"},{"taxonomy":"product_cat","embeddable":true,"href":"https:\/\/watchdeluxe.it\/de\/wp-json\/wp\/v2\/product_cat?post=124528"},{"taxonomy":"product_tag","embeddable":true,"href":"https:\/\/watchdeluxe.it\/de\/wp-json\/wp\/v2\/product_tag?post=124528"},{"taxonomy":"berocket_brand","embeddable":true,"href":"https:\/\/watchdeluxe.it\/de\/wp-json\/wp\/v2\/berocket_brand?post=124528"},{"taxonomy":"woo-feed-brand","embeddable":true,"href":"https:\/\/watchdeluxe.it\/de\/wp-json\/wp\/v2\/woo-feed-brand?post=124528"}],"curies":[{"name":"wp","href":"https:\/\/api.w.org\/{rel}","templated":true}]}}