{"id":124384,"date":"2025-11-05T10:34:21","date_gmt":"2025-11-05T09:34:21","guid":{"rendered":"https:\/\/watchdeluxe.it\/prodotto\/montblanc-brieftasche-mit-6-faechern-aus-schattiertem-meisterstueck-leder-ref-220315\/"},"modified":"2025-11-05T10:34:21","modified_gmt":"2025-11-05T09:34:21","slug":"montblanc-brieftasche-mit-6-faechern-aus-schattiertem-meisterstueck-leder-ref-220315","status":"publish","type":"product","link":"https:\/\/watchdeluxe.it\/de\/prodotto\/montblanc-brieftasche-mit-6-faechern-aus-schattiertem-meisterstueck-leder-ref-220315\/","title":{"rendered":"Montblanc Brieftasche mit 6 F\u00e4chern aus schattiertem Meisterst\u00fcck Leder Ref. 220315"},"content":{"rendered":"<p>Montblanc Brieftasche mit 6 F\u00e4chern aus schattiertem Meisterst\u00fcck Leder Ref. 220315<\/p>\n<ul class=\"KsbFXc U6u95\" data-complete=\"true\" data-processed=\"true\">\n<li data-hveid=\"CAQQAA\" data-complete=\"true\" data-sae=\"\"><span class=\"T286Pc\" data-sfc-cp=\"\" data-complete=\"true\"><strong class=\"Yjhzub\" data-complete=\"true\">Name<\/strong>: Brieftasche mit 6 F\u00e4chern aus schattiertem Meisterst\u00fcck-Leder.<\/span><\/li>\n<li data-hveid=\"CAQQAQ\" data-complete=\"true\" data-sae=\"\"><span class=\"T286Pc\" data-sfc-cp=\"\" data-complete=\"true\"><strong class=\"Yjhzub\" data-complete=\"true\">Kennung<\/strong>: MB220315.<\/span><\/li>\n<li data-hveid=\"CAQQAg\" data-complete=\"true\" data-sae=\"\"><span class=\"T286Pc\" data-sfc-cp=\"\" data-complete=\"true\"><strong class=\"Yjhzub\" data-complete=\"true\">Material<\/strong>: Vollnarbiges Rindsleder mit schattiertem Effekt, chromgegerbt und gef\u00e4rbt.<\/span><\/li>\n<li data-hveid=\"CAQQAw\" data-complete=\"true\" data-sae=\"\"><span class=\"T286Pc\" data-sfc-cp=\"\" data-complete=\"true\"><strong class=\"Yjhzub\" data-complete=\"true\">Funktionalit\u00e4t<\/strong>: Bietet Platz f\u00fcr bis zu sechs Kreditkarten in speziellen F\u00e4chern. Au\u00dferdem gibt es F\u00e4cher f\u00fcr Geldscheine und zus\u00e4tzliche F\u00e4cher f\u00fcr Quittungen. <\/span><\/li>\n<li data-hveid=\"CAQQBA\" data-complete=\"true\" data-sae=\"\"><span class=\"T286Pc\" data-sfc-cp=\"\" data-complete=\"true\"><strong class=\"Yjhzub\" data-complete=\"true\">Farbe<\/strong>: Shaded Brown (Farbe kann je nach Anbieter variieren).<\/span><\/li>\n<li data-hveid=\"CAQQBQ\" data-complete=\"true\" data-sae=\"\"><span class=\"T286Pc\" data-sfc-cp=\"\" data-complete=\"true\"><strong class=\"Yjhzub\" data-complete=\"true\">Zus\u00e4tzliche Details<\/strong>: Das Leder ist poliert und der Schattierungseffekt wird von Hand aufgetragen, so dass jedes St\u00fcck einzigartig ist.<\/span><span class=\"uJ19be notranslate\" data-wiz-uids=\"tgJQ5e_1e,tgJQ5e_1f\" data-complete=\"true\"><span class=\"vKEkVd\" data-animation-atomic=\"\" data-sae=\"\"> <\/span><\/span><\/li>\n<\/ul>\n","protected":false},"excerpt":{"rendered":"<p>Montblanc Brieftasche mit 6 F\u00e4chern aus schattiertem Meisterst\u00fcck Leder Ref. 220315 Name: Brieftasche mit 6 F\u00e4chern aus schattiertem Meisterst\u00fcck-Leder. Kennung: MB220315. Material: Vollnarbiges Rindsleder mit schattiertem Effekt, chromgegerbt und gef\u00e4rbt. Funktionalit\u00e4t: Bietet Platz f\u00fcr bis zu sechs Kreditkarten in speziellen F\u00e4chern. Au\u00dferdem gibt es F\u00e4cher f\u00fcr Geldscheine und zus\u00e4tzliche F\u00e4cher f\u00fcr Quittungen. Farbe: Shaded Brown [&hellip;]<\/p>\n","protected":false},"featured_media":124374,"template":"","meta":{"_crdt_document":"","advanced_seo_description":"","jetpack_seo_html_title":"","jetpack_seo_noindex":false},"product_brand":[],"product_cat":[2250],"product_tag":[2346],"berocket_brand":[],"woo-feed-brand":[],"class_list":{"0":"post-124384","1":"product","2":"type-product","3":"status-publish","4":"has-post-thumbnail","6":"product_cat-montblanc-de","7":"product_tag-brieftasche","9":"first","10":"instock","11":"sale","12":"taxable","13":"shipping-taxable","14":"purchasable","15":"product-type-simple"},"bundled_by":[],"bundle_stock_status":"instock","bundle_stock_quantity":1,"bundle_virtual":false,"bundle_layout":"","bundle_add_to_cart_form_location":"","bundle_editable_in_cart":false,"bundle_sold_individually_context":"","bundle_item_grouping":"","bundle_min_size":"","bundle_max_size":"","bundle_price":[],"bundled_items":[],"bundle_sell_ids":[],"group_of_quantity":0,"min_quantity":0,"max_quantity":"","exclude_order_quantity_value_rules":"no","exclude_category_quantity_rules":"no","combine_variations":"no","jetpack_sharing_enabled":true,"jetpack_likes_enabled":true,"_links":{"self":[{"href":"https:\/\/watchdeluxe.it\/de\/wp-json\/wp\/v2\/product\/124384","targetHints":{"allow":["GET"]}}],"collection":[{"href":"https:\/\/watchdeluxe.it\/de\/wp-json\/wp\/v2\/product"}],"about":[{"href":"https:\/\/watchdeluxe.it\/de\/wp-json\/wp\/v2\/types\/product"}],"wp:featuredmedia":[{"embeddable":true,"href":"https:\/\/watchdeluxe.it\/de\/wp-json\/wp\/v2\/media\/124374"}],"wp:attachment":[{"href":"https:\/\/watchdeluxe.it\/de\/wp-json\/wp\/v2\/media?parent=124384"}],"wp:term":[{"taxonomy":"product_brand","embeddable":true,"href":"https:\/\/watchdeluxe.it\/de\/wp-json\/wp\/v2\/product_brand?post=124384"},{"taxonomy":"product_cat","embeddable":true,"href":"https:\/\/watchdeluxe.it\/de\/wp-json\/wp\/v2\/product_cat?post=124384"},{"taxonomy":"product_tag","embeddable":true,"href":"https:\/\/watchdeluxe.it\/de\/wp-json\/wp\/v2\/product_tag?post=124384"},{"taxonomy":"berocket_brand","embeddable":true,"href":"https:\/\/watchdeluxe.it\/de\/wp-json\/wp\/v2\/berocket_brand?post=124384"},{"taxonomy":"woo-feed-brand","embeddable":true,"href":"https:\/\/watchdeluxe.it\/de\/wp-json\/wp\/v2\/woo-feed-brand?post=124384"}],"curies":[{"name":"wp","href":"https:\/\/api.w.org\/{rel}","templated":true}]}}