{"id":124232,"date":"2025-11-05T09:59:10","date_gmt":"2025-11-05T08:59:10","guid":{"rendered":"https:\/\/watchdeluxe.it\/prodotto\/montblanc-kartenetui-mit-6-faechern-aus-der-meisterstueck-kollektion-ref-220319\/"},"modified":"2026-01-16T15:19:55","modified_gmt":"2026-01-16T14:19:55","slug":"montblanc-kartenetui-mit-6-faechern-aus-der-meisterstueck-kollektion-ref-220319","status":"publish","type":"product","link":"https:\/\/watchdeluxe.it\/de\/prodotto\/montblanc-kartenetui-mit-6-faechern-aus-der-meisterstueck-kollektion-ref-220319\/","title":{"rendered":"Montblanc Kartenetui mit 6 F\u00e4chern aus der Meisterst\u00fcck Kollektion Ref. 220319"},"content":{"rendered":"<p>Montblanc Kartenetui mit 6 F\u00e4chern aus der Meisterst\u00fcck Kollektion Ref. 220319<\/p>\n<ul class=\"KsbFXc U6u95\" data-complete=\"true\" data-processed=\"true\">\n<li data-hveid=\"CAQQAA\" data-complete=\"true\" data-sae=\"\"><span class=\"T286Pc\" data-sfc-cp=\"\" data-complete=\"true\"><strong class=\"Yjhzub\" data-complete=\"true\">Modell<\/strong>: Kartenetui mit 6 F\u00e4chern aus der Kollektion Meisterst\u00fcck.<\/span><\/li>\n<li data-hveid=\"CAQQAQ\" data-complete=\"true\" data-sae=\"\"><span class=\"T286Pc\" data-sfc-cp=\"\" data-complete=\"true\"><strong class=\"Yjhzub\" data-complete=\"true\">Artikel-Code<\/strong>: 220319.<\/span><\/li>\n<li data-hveid=\"CAQQAg\" data-complete=\"true\" data-sae=\"\"><span class=\"T286Pc\" data-sfc-cp=\"\" data-complete=\"true\"><strong class=\"Yjhzub\" data-complete=\"true\">Material<\/strong>: Kalbsleder mit schattiertem Effekt.<\/span><\/li>\n<li data-hveid=\"CAQQAw\" data-complete=\"true\" data-sae=\"\"><span class=\"T286Pc\" data-sfc-cp=\"\" data-complete=\"true\"><strong class=\"Yjhzub\" data-complete=\"true\">F\u00e4cher<\/strong>: Platz f\u00fcr sechs Kreditkarten, plus ein zus\u00e4tzliches Fach.<\/span><\/li>\n<li data-hveid=\"CAQQBA\" data-complete=\"true\" data-sae=\"\"><span class=\"T286Pc\" data-sfc-cp=\"\" data-complete=\"true\"><strong class=\"Yjhzub\" data-complete=\"true\">Farbe<\/strong>: Schattiertes Braun.<\/span><\/li>\n<li data-hveid=\"CAQQBQ\" data-complete=\"true\" data-sae=\"\"><span class=\"T286Pc\" data-sfc-cp=\"\" data-complete=\"true\"><strong class=\"Yjhzub\" data-complete=\"true\">Ma\u00dfe<\/strong>: 10 x 8 x 0,5 cm, nach Angaben von Alwaysfashion.<\/span><\/li>\n<li data-hveid=\"CAQQBg\" data-complete=\"true\" data-sae=\"\"><span class=\"T286Pc\" data-sfc-cp=\"\" data-complete=\"true\"><strong class=\"Yjhzub\" data-complete=\"true\">Details<\/strong>: Kompaktes und funktionelles Design f\u00fcr die Tasche.<\/span><\/li>\n<\/ul>\n","protected":false},"excerpt":{"rendered":"<p>Montblanc Kartenetui mit 6 F\u00e4chern aus der Meisterst\u00fcck Kollektion Ref. 220319 Modell: Kartenetui mit 6 F\u00e4chern aus der Kollektion Meisterst\u00fcck. Artikel-Code: 220319. Material: Kalbsleder mit schattiertem Effekt. F\u00e4cher: Platz f\u00fcr sechs Kreditkarten, plus ein zus\u00e4tzliches Fach. Farbe: Schattiertes Braun. Ma\u00dfe: 10 x 8 x 0,5 cm, nach Angaben von Alwaysfashion. Details: Kompaktes und funktionelles Design [&hellip;]<\/p>\n","protected":false},"featured_media":124216,"template":"","meta":{"_crdt_document":"","advanced_seo_description":"","jetpack_seo_html_title":"","jetpack_seo_noindex":false},"product_brand":[1907],"product_cat":[1929],"product_tag":[1496],"berocket_brand":[],"woo-feed-brand":[],"class_list":{"0":"post-124232","1":"product","2":"type-product","3":"status-publish","4":"has-post-thumbnail","6":"product_brand-montblanc","7":"product_cat-montblanc","8":"product_tag-porta-carte","10":"first","11":"instock","12":"sale","13":"taxable","14":"shipping-taxable","15":"purchasable","16":"product-type-simple"},"bundled_by":[],"bundle_stock_status":"instock","bundle_stock_quantity":1,"bundle_virtual":false,"bundle_layout":"","bundle_add_to_cart_form_location":"","bundle_editable_in_cart":false,"bundle_sold_individually_context":"","bundle_item_grouping":"","bundle_min_size":"","bundle_max_size":"","bundle_price":[],"bundled_items":[],"bundle_sell_ids":[],"group_of_quantity":0,"min_quantity":0,"max_quantity":"","exclude_order_quantity_value_rules":"no","exclude_category_quantity_rules":"no","combine_variations":"no","jetpack_sharing_enabled":true,"jetpack_likes_enabled":true,"_links":{"self":[{"href":"https:\/\/watchdeluxe.it\/de\/wp-json\/wp\/v2\/product\/124232","targetHints":{"allow":["GET"]}}],"collection":[{"href":"https:\/\/watchdeluxe.it\/de\/wp-json\/wp\/v2\/product"}],"about":[{"href":"https:\/\/watchdeluxe.it\/de\/wp-json\/wp\/v2\/types\/product"}],"wp:featuredmedia":[{"embeddable":true,"href":"https:\/\/watchdeluxe.it\/de\/wp-json\/wp\/v2\/media\/124216"}],"wp:attachment":[{"href":"https:\/\/watchdeluxe.it\/de\/wp-json\/wp\/v2\/media?parent=124232"}],"wp:term":[{"taxonomy":"product_brand","embeddable":true,"href":"https:\/\/watchdeluxe.it\/de\/wp-json\/wp\/v2\/product_brand?post=124232"},{"taxonomy":"product_cat","embeddable":true,"href":"https:\/\/watchdeluxe.it\/de\/wp-json\/wp\/v2\/product_cat?post=124232"},{"taxonomy":"product_tag","embeddable":true,"href":"https:\/\/watchdeluxe.it\/de\/wp-json\/wp\/v2\/product_tag?post=124232"},{"taxonomy":"berocket_brand","embeddable":true,"href":"https:\/\/watchdeluxe.it\/de\/wp-json\/wp\/v2\/berocket_brand?post=124232"},{"taxonomy":"woo-feed-brand","embeddable":true,"href":"https:\/\/watchdeluxe.it\/de\/wp-json\/wp\/v2\/woo-feed-brand?post=124232"}],"curies":[{"name":"wp","href":"https:\/\/api.w.org\/{rel}","templated":true}]}}