{"id":123923,"date":"2025-11-04T16:38:46","date_gmt":"2025-11-04T15:38:46","guid":{"rendered":"https:\/\/watchdeluxe.it\/prodotto\/mido-ocean-star-gmt-ref-m0266293729100\/"},"modified":"2025-11-04T16:38:46","modified_gmt":"2025-11-04T15:38:46","slug":"mido-ocean-star-gmt-ref-m0266293729100","status":"publish","type":"product","link":"https:\/\/watchdeluxe.it\/de\/prodotto\/mido-ocean-star-gmt-ref-m0266293729100\/","title":{"rendered":"Mido Ocean Star GMT Ref. M0266293729100"},"content":{"rendered":"<p>Mido Ocean Star GMT Ref. M0266293729100<\/p>\n<p><em>Eigenschaften<\/em><\/p>\n<ul>\n<li>Schweizer Automatikwerk powermatic80<\/li>\n<li>Saphirglas mit beidseitiger Antireflexbeschichtung<\/li>\n<li>Schwarzes Zifferblatt<\/li>\n<li>Edelstahlgeh\u00e4use mit Gelbgold-PVD-Beschichtung und Keramikl\u00fcnette<\/li>\n<li>Verschraubte Krone<\/li>\n<li>Wasserdicht bis zu 20 bar (200 m \/ 660 ft)<\/li>\n<li>Braunes Kautschukband Ref.M603019501<\/li>\n<\/ul>\n<p><em>Spezifikationen <\/em><\/p>\n<ul>\n<li>Gewicht 160 g<\/li>\n<li>H\u00f6he des Geh\u00e4uses 13,4 mm<\/li>\n<li>Durchmesser des Geh\u00e4uses 44 mm<\/li>\n<li>Lug Gr\u00f6\u00dfe 22 mm<\/li>\n<\/ul>\n<p><em>Bewegung<\/em><\/p>\n<ul>\n<li>Automatisch<\/li>\n<\/ul>\n","protected":false},"excerpt":{"rendered":"<p>Mido Ocean Star GMT Ref. M0266293729100 Eigenschaften Schweizer Automatikwerk powermatic80 Saphirglas mit beidseitiger Antireflexbeschichtung Schwarzes Zifferblatt Edelstahlgeh\u00e4use mit Gelbgold-PVD-Beschichtung und Keramikl\u00fcnette Verschraubte Krone Wasserdicht bis zu 20 bar (200 m \/ 660 ft) Braunes Kautschukband Ref.M603019501 Spezifikationen Gewicht 160 g H\u00f6he des Geh\u00e4uses 13,4 mm Durchmesser des Geh\u00e4uses 44 mm Lug Gr\u00f6\u00dfe 22 mm Bewegung [&hellip;]<\/p>\n","protected":false},"featured_media":123919,"template":"","meta":{"_crdt_document":"","advanced_seo_description":"","jetpack_seo_html_title":"","jetpack_seo_noindex":false},"product_brand":[2153],"product_cat":[1922],"product_tag":[3739],"berocket_brand":[],"woo-feed-brand":[],"class_list":{"0":"post-123923","1":"product","2":"type-product","3":"status-publish","4":"has-post-thumbnail","6":"product_brand-mido","7":"product_cat-mido","8":"product_tag-ocean-star-2","10":"first","11":"instock","12":"sale","13":"taxable","14":"shipping-taxable","15":"purchasable","16":"product-type-simple"},"bundled_by":[],"bundle_stock_status":"instock","bundle_stock_quantity":1,"bundle_virtual":false,"bundle_layout":"","bundle_add_to_cart_form_location":"","bundle_editable_in_cart":false,"bundle_sold_individually_context":"","bundle_item_grouping":"","bundle_min_size":"","bundle_max_size":"","bundle_price":[],"bundled_items":[],"bundle_sell_ids":[],"group_of_quantity":0,"min_quantity":0,"max_quantity":"","exclude_order_quantity_value_rules":"no","exclude_category_quantity_rules":"no","combine_variations":"no","jetpack_sharing_enabled":true,"jetpack_likes_enabled":true,"_links":{"self":[{"href":"https:\/\/watchdeluxe.it\/de\/wp-json\/wp\/v2\/product\/123923","targetHints":{"allow":["GET"]}}],"collection":[{"href":"https:\/\/watchdeluxe.it\/de\/wp-json\/wp\/v2\/product"}],"about":[{"href":"https:\/\/watchdeluxe.it\/de\/wp-json\/wp\/v2\/types\/product"}],"wp:featuredmedia":[{"embeddable":true,"href":"https:\/\/watchdeluxe.it\/de\/wp-json\/wp\/v2\/media\/123919"}],"wp:attachment":[{"href":"https:\/\/watchdeluxe.it\/de\/wp-json\/wp\/v2\/media?parent=123923"}],"wp:term":[{"taxonomy":"product_brand","embeddable":true,"href":"https:\/\/watchdeluxe.it\/de\/wp-json\/wp\/v2\/product_brand?post=123923"},{"taxonomy":"product_cat","embeddable":true,"href":"https:\/\/watchdeluxe.it\/de\/wp-json\/wp\/v2\/product_cat?post=123923"},{"taxonomy":"product_tag","embeddable":true,"href":"https:\/\/watchdeluxe.it\/de\/wp-json\/wp\/v2\/product_tag?post=123923"},{"taxonomy":"berocket_brand","embeddable":true,"href":"https:\/\/watchdeluxe.it\/de\/wp-json\/wp\/v2\/berocket_brand?post=123923"},{"taxonomy":"woo-feed-brand","embeddable":true,"href":"https:\/\/watchdeluxe.it\/de\/wp-json\/wp\/v2\/woo-feed-brand?post=123923"}],"curies":[{"name":"wp","href":"https:\/\/api.w.org\/{rel}","templated":true}]}}