{"id":123624,"date":"2025-11-03T17:40:58","date_gmt":"2025-11-03T16:40:58","guid":{"rendered":"https:\/\/watchdeluxe.it\/prodotto\/rado-captain-cook-x-tennis-limitierte-auflage-ref-r32222108\/"},"modified":"2025-11-03T17:40:58","modified_gmt":"2025-11-03T16:40:58","slug":"rado-captain-cook-x-tennis-limitierte-auflage-ref-r32222108","status":"publish","type":"product","link":"https:\/\/watchdeluxe.it\/de\/prodotto\/rado-captain-cook-x-tennis-limitierte-auflage-ref-r32222108\/","title":{"rendered":"Rado Captain Cook x tennis limitierte Auflage ref. R32222108"},"content":{"rendered":"<p>Rado Captain Cook x tennis limitierte Auflage ref. R32222108<\/p>\n<p>limitiert auf 1985 St\u00fcck<\/p>\n<ul>\n<li data-hveid=\"CAgQAA\" data-complete=\"true\" data-sae=\"\"><span class=\"T286Pc\" data-sfc-cp=\"\" data-complete=\"true\"><strong class=\"Yjhzub\" data-complete=\"true\">Uhrwerk:<\/strong> Automatik mit dem Rado Kaliber R763 und einer Gangreserve von 80 Stunden. Die Unruh ist mit einer antimagnetischen Nivachron\u2122-Spirale f\u00fcr h\u00f6here Pr\u00e4zision ausgestattet. <\/span><\/li>\n<li data-hveid=\"CAgQAQ\" data-complete=\"true\" data-sae=\"\"><span class=\"T286Pc\" data-sfc-cp=\"\" data-complete=\"true\"><strong class=\"Yjhzub\" data-complete=\"true\">Geh\u00e4use:<\/strong> Edelstahl, 39 mm Durchmesser und 12 mm dick, mit verschraubter Krone. Der Geh\u00e4useboden ist verschraubt und mit der Silhouette von Tennispl\u00e4tzen graviert. <\/span><\/li>\n<li data-hveid=\"CAgQAg\" data-complete=\"true\" data-sae=\"\"><span class=\"T286Pc\" data-sfc-cp=\"\" data-complete=\"true\"><strong class=\"Yjhzub\" data-complete=\"true\">L\u00fcnette:<\/strong> Drehbare <strong class=\"Yjhzub\" data-complete=\"true\">L\u00fcnette<\/strong> aus Stahl, mit einem Einsatz aus geb\u00fcrsteter Hightech-Keramik und eingravierten Details aus wei\u00dfem Super-LumiNova\u00ae.<\/span><\/li>\n<li data-hveid=\"CAgQAw\" data-complete=\"true\" data-sae=\"\"><span class=\"T286Pc\" data-sfc-cp=\"\" data-complete=\"true\"><strong class=\"Yjhzub\" data-complete=\"true\">Zifferblatt:<\/strong> Grau schattiert, mit rhodiumfarbenen Indexen und Zeigern, die mit wei\u00dfem Super-LumiNova\u00ae beschichtet sind, um eine hervorragende Ablesbarkeit zu gew\u00e4hrleisten. Es verf\u00fcgt \u00fcber ein Datumsfenster bei 3 Uhr und einen drehbaren Anker, typisch f\u00fcr Rado. Ein anthrazitgrauer Flansch mit gelben Super-LumiNova\u00ae-Punkten symbolisiert den Tennis-Score.  <\/span><\/li>\n<li data-hveid=\"CAgQBA\" data-complete=\"true\" data-sae=\"\"><span class=\"T286Pc\" data-sfc-cp=\"\" data-complete=\"true\"><strong class=\"Yjhzub\" data-complete=\"true\">Glas:<\/strong> Gew\u00f6lbtes Saphirglas mit beidseitiger Antireflexionsbeschichtung, die es kratzfest macht.<\/span><\/li>\n<li data-hveid=\"CAgQBQ\" data-complete=\"true\" data-sae=\"\"><span class=\"T286Pc\" data-sfc-cp=\"\" data-complete=\"true\"><strong class=\"Yjhzub\" data-complete=\"true\">Wasserdichtigkeit:<\/strong> Bis zu 30 bar (300 Meter).<\/span><\/li>\n<li data-hveid=\"CAgQBg\" data-complete=\"true\" data-sae=\"\"><span class=\"T286Pc\" data-sfc-cp=\"\" data-complete=\"true\"><strong class=\"Yjhzub\" data-complete=\"true\">Armb\u00e4nder:<\/strong> Enth\u00e4lt ein reisk\u00f6rniges Edelstahlarmband und drei zus\u00e4tzliche NATO-Armb\u00e4nder (blau, gr\u00fcn und orange), die dank des EasyClip-Systems leicht austauschbar sind<\/span><\/li>\n<\/ul>\n","protected":false},"excerpt":{"rendered":"<p>Rado Captain Cook x tennis limitierte Auflage ref. R32222108 limitiert auf 1985 St\u00fcck Uhrwerk: Automatik mit dem Rado Kaliber R763 und einer Gangreserve von 80 Stunden. Die Unruh ist mit einer antimagnetischen Nivachron\u2122-Spirale f\u00fcr h\u00f6here Pr\u00e4zision ausgestattet. Geh\u00e4use: Edelstahl, 39 mm Durchmesser und 12 mm dick, mit verschraubter Krone. Der Geh\u00e4useboden ist verschraubt und mit [&hellip;]<\/p>\n","protected":false},"featured_media":123604,"template":"","meta":{"_crdt_document":"","advanced_seo_description":"","jetpack_seo_html_title":"","jetpack_seo_noindex":false},"product_brand":[2157],"product_cat":[1925],"product_tag":[4115],"berocket_brand":[],"woo-feed-brand":[],"class_list":{"0":"post-123624","1":"product","2":"type-product","3":"status-publish","4":"has-post-thumbnail","6":"product_brand-rado","7":"product_cat-rado","8":"product_tag-captain-cook-2","10":"first","11":"instock","12":"sale","13":"taxable","14":"shipping-taxable","15":"purchasable","16":"product-type-simple"},"bundled_by":[],"bundle_stock_status":"instock","bundle_stock_quantity":1,"bundle_virtual":false,"bundle_layout":"","bundle_add_to_cart_form_location":"","bundle_editable_in_cart":false,"bundle_sold_individually_context":"","bundle_item_grouping":"","bundle_min_size":"","bundle_max_size":"","bundle_price":[],"bundled_items":[],"bundle_sell_ids":[],"group_of_quantity":0,"min_quantity":0,"max_quantity":"","exclude_order_quantity_value_rules":"no","exclude_category_quantity_rules":"no","combine_variations":"no","jetpack_sharing_enabled":true,"jetpack_likes_enabled":true,"_links":{"self":[{"href":"https:\/\/watchdeluxe.it\/de\/wp-json\/wp\/v2\/product\/123624","targetHints":{"allow":["GET"]}}],"collection":[{"href":"https:\/\/watchdeluxe.it\/de\/wp-json\/wp\/v2\/product"}],"about":[{"href":"https:\/\/watchdeluxe.it\/de\/wp-json\/wp\/v2\/types\/product"}],"wp:featuredmedia":[{"embeddable":true,"href":"https:\/\/watchdeluxe.it\/de\/wp-json\/wp\/v2\/media\/123604"}],"wp:attachment":[{"href":"https:\/\/watchdeluxe.it\/de\/wp-json\/wp\/v2\/media?parent=123624"}],"wp:term":[{"taxonomy":"product_brand","embeddable":true,"href":"https:\/\/watchdeluxe.it\/de\/wp-json\/wp\/v2\/product_brand?post=123624"},{"taxonomy":"product_cat","embeddable":true,"href":"https:\/\/watchdeluxe.it\/de\/wp-json\/wp\/v2\/product_cat?post=123624"},{"taxonomy":"product_tag","embeddable":true,"href":"https:\/\/watchdeluxe.it\/de\/wp-json\/wp\/v2\/product_tag?post=123624"},{"taxonomy":"berocket_brand","embeddable":true,"href":"https:\/\/watchdeluxe.it\/de\/wp-json\/wp\/v2\/berocket_brand?post=123624"},{"taxonomy":"woo-feed-brand","embeddable":true,"href":"https:\/\/watchdeluxe.it\/de\/wp-json\/wp\/v2\/woo-feed-brand?post=123624"}],"curies":[{"name":"wp","href":"https:\/\/api.w.org\/{rel}","templated":true}]}}