{"id":123609,"date":"2025-11-03T17:25:00","date_gmt":"2025-11-03T16:25:00","guid":{"rendered":"https:\/\/watchdeluxe.it\/prodotto\/omega-seamaster-aqua-terra-150m-ref-220-32-38-20-03-001\/"},"modified":"2025-11-03T17:25:00","modified_gmt":"2025-11-03T16:25:00","slug":"omega-seamaster-aqua-terra-150m-ref-220-32-38-20-03-001","status":"publish","type":"product","link":"https:\/\/watchdeluxe.it\/de\/prodotto\/omega-seamaster-aqua-terra-150m-ref-220-32-38-20-03-001\/","title":{"rendered":"Omega Seamaster Aqua terra 150m Ref. 220.32.38.20.03.001"},"content":{"rendered":"<p>Omega Seamaster Aqua terra 150m Ref. 220.32.38.20.03.001<\/p>\n<ul>\n<li data-hveid=\"CAUQAw\" data-complete=\"true\" data-sae=\"\"><span class=\"T286Pc\" data-sfc-cp=\"\" data-complete=\"true\"><strong class=\"Yjhzub\" data-complete=\"true\">Geh\u00e4usematerial:<\/strong> Edelstahl<\/span><\/li>\n<li data-hveid=\"CAUQBA\" data-complete=\"true\" data-sae=\"\"><span class=\"T286Pc\" data-sfc-cp=\"\" data-complete=\"true\"><strong class=\"Yjhzub\" data-complete=\"true\">Durchmesser des Geh\u00e4uses:<\/strong> 38 mm<\/span><\/li>\n<li data-hveid=\"CAUQBQ\" data-complete=\"true\" data-sae=\"\"><span class=\"T286Pc\" data-sfc-cp=\"\" data-complete=\"true\"><strong class=\"Yjhzub\" data-complete=\"true\">Material L\u00fcnette:<\/strong> Geb\u00fcrstete schwarze Keramik<\/span><\/li>\n<li data-hveid=\"CAUQBg\" data-complete=\"true\" data-sae=\"\"><span class=\"T286Pc\" data-sfc-cp=\"\" data-complete=\"true\"><strong class=\"Yjhzub\" data-complete=\"true\">Zifferblatt:<\/strong> T\u00fcrkis lackiert mit Schattierungseffekt (t\u00fcrkis in der Mitte, zu den R\u00e4ndern hin dunkler werdend)<\/span><\/li>\n<li data-hveid=\"CAUQBw\" data-complete=\"true\" data-sae=\"\"><span class=\"T286Pc\" data-sfc-cp=\"\" data-complete=\"true\"><strong class=\"Yjhzub\" data-complete=\"true\">Armband:<\/strong> Integriertes schwarzes Kautschukband mit t\u00fcrkisfarbenen N\u00e4hten und Faltschlie\u00dfe aus Stahl<\/span><\/li>\n<li data-hveid=\"CAUQCA\" data-complete=\"true\" data-sae=\"\"><span class=\"T286Pc\" data-sfc-cp=\"\" data-complete=\"true\"><strong class=\"Yjhzub\" data-complete=\"true\">Uhrwerk:<\/strong> OMEGA Co-Axial Master Chronometer Kaliber 8800 mit automatischem Aufzug, METAS-zertifiziert<\/span><\/li>\n<li data-hveid=\"CAUQCQ\" data-complete=\"true\" data-sae=\"\"><span class=\"T286Pc\" data-sfc-cp=\"\" data-complete=\"true\"><strong class=\"Yjhzub\" data-complete=\"true\">Wasserdichtigkeit:<\/strong> 15 bar (150 Meter \/ 500 Fu\u00df)<\/span><\/li>\n<\/ul>\n","protected":false},"excerpt":{"rendered":"<p>Omega Seamaster Aqua terra 150m Ref. 220.32.38.20.03.001 Geh\u00e4usematerial: Edelstahl Durchmesser des Geh\u00e4uses: 38 mm Material L\u00fcnette: Geb\u00fcrstete schwarze Keramik Zifferblatt: T\u00fcrkis lackiert mit Schattierungseffekt (t\u00fcrkis in der Mitte, zu den R\u00e4ndern hin dunkler werdend) Armband: Integriertes schwarzes Kautschukband mit t\u00fcrkisfarbenen N\u00e4hten und Faltschlie\u00dfe aus Stahl Uhrwerk: OMEGA Co-Axial Master Chronometer Kaliber 8800 mit automatischem Aufzug, [&hellip;]<\/p>\n","protected":false},"featured_media":123562,"template":"","meta":{"_crdt_document":"","advanced_seo_description":"","jetpack_seo_html_title":"","jetpack_seo_noindex":false},"product_brand":[2155],"product_cat":[2280],"product_tag":[2316],"berocket_brand":[],"woo-feed-brand":[],"class_list":{"0":"post-123609","1":"product","2":"type-product","3":"status-publish","4":"has-post-thumbnail","6":"product_brand-omega","7":"product_cat-omega-de","8":"product_tag-seamaster-de","10":"first","11":"instock","12":"sale","13":"taxable","14":"shipping-taxable","15":"purchasable","16":"product-type-simple"},"bundled_by":[],"bundle_stock_status":"instock","bundle_stock_quantity":1,"bundle_virtual":false,"bundle_layout":"","bundle_add_to_cart_form_location":"","bundle_editable_in_cart":false,"bundle_sold_individually_context":"","bundle_item_grouping":"","bundle_min_size":"","bundle_max_size":"","bundle_price":[],"bundled_items":[],"bundle_sell_ids":[],"group_of_quantity":0,"min_quantity":0,"max_quantity":"","exclude_order_quantity_value_rules":"no","exclude_category_quantity_rules":"no","combine_variations":"no","exclude_global_add_ons":[],"addons":[],"jetpack_sharing_enabled":true,"jetpack_likes_enabled":true,"_links":{"self":[{"href":"https:\/\/watchdeluxe.it\/de\/wp-json\/wp\/v2\/product\/123609","targetHints":{"allow":["GET"]}}],"collection":[{"href":"https:\/\/watchdeluxe.it\/de\/wp-json\/wp\/v2\/product"}],"about":[{"href":"https:\/\/watchdeluxe.it\/de\/wp-json\/wp\/v2\/types\/product"}],"wp:featuredmedia":[{"embeddable":true,"href":"https:\/\/watchdeluxe.it\/de\/wp-json\/wp\/v2\/media\/123562"}],"wp:attachment":[{"href":"https:\/\/watchdeluxe.it\/de\/wp-json\/wp\/v2\/media?parent=123609"}],"wp:term":[{"taxonomy":"product_brand","embeddable":true,"href":"https:\/\/watchdeluxe.it\/de\/wp-json\/wp\/v2\/product_brand?post=123609"},{"taxonomy":"product_cat","embeddable":true,"href":"https:\/\/watchdeluxe.it\/de\/wp-json\/wp\/v2\/product_cat?post=123609"},{"taxonomy":"product_tag","embeddable":true,"href":"https:\/\/watchdeluxe.it\/de\/wp-json\/wp\/v2\/product_tag?post=123609"},{"taxonomy":"berocket_brand","embeddable":true,"href":"https:\/\/watchdeluxe.it\/de\/wp-json\/wp\/v2\/berocket_brand?post=123609"},{"taxonomy":"woo-feed-brand","embeddable":true,"href":"https:\/\/watchdeluxe.it\/de\/wp-json\/wp\/v2\/woo-feed-brand?post=123609"}],"curies":[{"name":"wp","href":"https:\/\/api.w.org\/{rel}","templated":true}]}}