{"id":121690,"date":"2025-10-03T15:10:58","date_gmt":"2025-10-03T13:10:58","guid":{"rendered":"https:\/\/watchdeluxe.it\/prodotto\/nomos-club-campus-38-electric-green-ref-726-gb\/"},"modified":"2025-10-03T15:10:58","modified_gmt":"2025-10-03T13:10:58","slug":"nomos-club-campus-38-electric-green-ref-726-gb","status":"publish","type":"product","link":"https:\/\/watchdeluxe.it\/de\/prodotto\/nomos-club-campus-38-electric-green-ref-726-gb\/","title":{"rendered":"Nomos Club campus 38 electric green ref. 726.gb"},"content":{"rendered":"<p>Nomos Club campus 38 electric green ref. 726.gb<\/p>\n<div class=\"list-couple\">\n<div class=\"specs-list\">\n<dl>\n<dt>Fall<\/dt>\n<dd>Edelstahl, zweiteiliger<br \/>\nSaphirglasboden<br \/>\nverschraubt<\/dd>\n<\/dl>\n<dl>\n<dt>Glas<\/dt>\n<dd>gew\u00f6lbtes Saphirglas<\/dd>\n<\/dl>\n<dl>\n<dt>Laden Sie<\/dt>\n<dd>manuell<\/dd>\n<\/dl>\n<dl>\n<dt>Abmessungen<\/dt>\n<dd>Durchmesser <span class=\"size-property\"> 38,5 mm <\/span><br \/>\nDicke <span class=\"size-property\"> 8,5 mm <\/span><br \/>\n\u00c4u\u00dfere Schlaufengr\u00f6\u00dfe <span class=\"size-property\"> 48,9 mm <\/span><\/dd>\n<\/dl>\n<dl>\n<dt>Wasserbest\u00e4ndigkeit<\/dt>\n<dd>10 atm (zum Schwimmen geeignet)<\/dd>\n<\/dl>\n<\/div>\n<div class=\"specs-list\">\n<dl>\n<dt>Zifferblatt<\/dt>\n<dd>gr\u00fcn<br \/>\nArabische und r\u00f6mische Ziffern und Stundenmarkierungen mit wei\u00dfem Superluminova (blaue Lumineszenz)<\/dd>\n<\/dl>\n<dl>\n<dt>Zeiger<\/dt>\n<dd>Rhodiniert, mit wei\u00dfen Superluminova-Eins\u00e4tzen (blaue Lumineszenz), fluoreszierender oranger Sekundenzeiger<\/dd>\n<\/dl>\n<dl>\n<dt>Riemen<\/dt>\n<dd>Graues Wildleder<br \/>\n<span class=\"size-property\"> Ansto\u00dfbreite 20 mm <\/span><\/dd>\n<\/dl>\n<\/div>\n<\/div>\n","protected":false},"excerpt":{"rendered":"<p>Nomos Club campus 38 electric green ref. 726.gb Fall Edelstahl, zweiteiliger Saphirglasboden verschraubt Glas gew\u00f6lbtes Saphirglas Laden Sie manuell Abmessungen Durchmesser 38,5 mm Dicke 8,5 mm \u00c4u\u00dfere Schlaufengr\u00f6\u00dfe 48,9 mm Wasserbest\u00e4ndigkeit 10 atm (zum Schwimmen geeignet) Zifferblatt gr\u00fcn Arabische und r\u00f6mische Ziffern und Stundenmarkierungen mit wei\u00dfem Superluminova (blaue Lumineszenz) Zeiger Rhodiniert, mit wei\u00dfen Superluminova-Eins\u00e4tzen (blaue [&hellip;]<\/p>\n","protected":false},"featured_media":121684,"template":"","meta":{"_crdt_document":"","advanced_seo_description":"","jetpack_seo_html_title":"","jetpack_seo_noindex":false},"product_brand":[2154],"product_cat":[2382],"product_tag":[2383],"berocket_brand":[],"woo-feed-brand":[],"class_list":{"0":"post-121690","1":"product","2":"type-product","3":"status-publish","4":"has-post-thumbnail","6":"product_brand-nomos-glashutte","7":"product_cat-nomos-glashutte-de","8":"product_tag-club-de","10":"first","11":"instock","12":"sale","13":"taxable","14":"shipping-taxable","15":"purchasable","16":"product-type-simple"},"bundled_by":[],"bundle_stock_status":"instock","bundle_stock_quantity":1,"bundle_virtual":false,"bundle_layout":"","bundle_add_to_cart_form_location":"","bundle_editable_in_cart":false,"bundle_sold_individually_context":"","bundle_item_grouping":"","bundle_min_size":"","bundle_max_size":"","bundle_price":[],"bundled_items":[],"bundle_sell_ids":[],"group_of_quantity":0,"min_quantity":0,"max_quantity":"","exclude_order_quantity_value_rules":"no","exclude_category_quantity_rules":"no","combine_variations":"no","jetpack_sharing_enabled":true,"jetpack_likes_enabled":true,"_links":{"self":[{"href":"https:\/\/watchdeluxe.it\/de\/wp-json\/wp\/v2\/product\/121690","targetHints":{"allow":["GET"]}}],"collection":[{"href":"https:\/\/watchdeluxe.it\/de\/wp-json\/wp\/v2\/product"}],"about":[{"href":"https:\/\/watchdeluxe.it\/de\/wp-json\/wp\/v2\/types\/product"}],"wp:featuredmedia":[{"embeddable":true,"href":"https:\/\/watchdeluxe.it\/de\/wp-json\/wp\/v2\/media\/121684"}],"wp:attachment":[{"href":"https:\/\/watchdeluxe.it\/de\/wp-json\/wp\/v2\/media?parent=121690"}],"wp:term":[{"taxonomy":"product_brand","embeddable":true,"href":"https:\/\/watchdeluxe.it\/de\/wp-json\/wp\/v2\/product_brand?post=121690"},{"taxonomy":"product_cat","embeddable":true,"href":"https:\/\/watchdeluxe.it\/de\/wp-json\/wp\/v2\/product_cat?post=121690"},{"taxonomy":"product_tag","embeddable":true,"href":"https:\/\/watchdeluxe.it\/de\/wp-json\/wp\/v2\/product_tag?post=121690"},{"taxonomy":"berocket_brand","embeddable":true,"href":"https:\/\/watchdeluxe.it\/de\/wp-json\/wp\/v2\/berocket_brand?post=121690"},{"taxonomy":"woo-feed-brand","embeddable":true,"href":"https:\/\/watchdeluxe.it\/de\/wp-json\/wp\/v2\/woo-feed-brand?post=121690"}],"curies":[{"name":"wp","href":"https:\/\/api.w.org\/{rel}","templated":true}]}}