{"id":120902,"date":"2025-10-01T14:37:25","date_gmt":"2025-10-01T12:37:25","guid":{"rendered":"https:\/\/watchdeluxe.it\/prodotto\/mido-ocean-star-200c-ref-m0424303609100\/"},"modified":"2025-10-01T14:38:02","modified_gmt":"2025-10-01T12:38:02","slug":"mido-ocean-star-200c-ref-m0424303609100","status":"publish","type":"product","link":"https:\/\/watchdeluxe.it\/de\/prodotto\/mido-ocean-star-200c-ref-m0424303609100\/","title":{"rendered":"Mido ocean star 200c ref. M0424303609100"},"content":{"rendered":"<p>Mido ocean star 200c ref. M0424303609100<\/p>\n<p>Ocean Star Kollektion<\/p>\n<p>Wasserdichtigkeit 20 bar (200 m \/ 660 ft) mit verschraubter Krone<\/p>\n<p>2 Jahre Garantie<\/p>\n<p>Gewicht (g) 99<\/p>\n<p><strong>Geh\u00e4use und Glas<\/strong><\/p>\n<p>Geh\u00e4useform Rund<\/p>\n<p>Geh\u00e4usematerial Edelstahl mit ros\u00e9goldener PVD-Beschichtung und Keramikl\u00fcnette<\/p>\n<p>Glas Saphirglas mit beidseitiger Antireflexionsbeschichtung<\/p>\n<p>Geh\u00e4useoptionen Verschraubte Krone<\/p>\n<p>L\u00e4nge (mm) 42,50<\/p>\n<p>Breite (mm) 42,50<\/p>\n<p>Durchschnittliche Dicke (mm) 12.3<\/p>\n<p>Laschen (mm) 22.00<\/p>\n<p><strong>W\u00e4hlen Sie<\/strong><\/p>\n<p>Farbe des Zifferblatts Gr\u00fcn Indizes<\/p>\n<p>MIDO Automatikwerk ETA<\/p>\n<p>Funktionen Datum, Tag<\/p>\n<p>Gangreserve 80 Stunden Gangreserve<\/p>\n<p><strong>Bewegung  <\/strong><\/p>\n<p>MIDO Automatikwerk ETA<\/p>\n<p>Funktionen Datum, Tag<\/p>\n<p>80 Stunden Gangreserve<br \/>\n<strong>Riemen<\/strong><\/p>\n<p>Strap\/chain referenceM600019522<\/p>\n<p>Vorderseite Leder<\/p>\n<p>Innengurt Synthetik<\/p>\n<p>Details Armband Leder<\/p>\n<p>Farbe des Armbands Braun<\/p>\n<p>Schnalle Schnalle<\/p>\n","protected":false},"excerpt":{"rendered":"<p>Mido ocean star 200c ref. M0424303609100 Ocean Star Kollektion Wasserdichtigkeit 20 bar (200 m \/ 660 ft) mit verschraubter Krone 2 Jahre Garantie Gewicht (g) 99 Geh\u00e4use und Glas Geh\u00e4useform Rund Geh\u00e4usematerial Edelstahl mit ros\u00e9goldener PVD-Beschichtung und Keramikl\u00fcnette Glas Saphirglas mit beidseitiger Antireflexionsbeschichtung Geh\u00e4useoptionen Verschraubte Krone L\u00e4nge (mm) 42,50 Breite (mm) 42,50 Durchschnittliche Dicke (mm) [&hellip;]<\/p>\n","protected":false},"featured_media":120898,"template":"","meta":{"_crdt_document":"","advanced_seo_description":"","jetpack_seo_html_title":"","jetpack_seo_noindex":false},"product_brand":[2153],"product_cat":[2938],"product_tag":[3037],"berocket_brand":[],"woo-feed-brand":[],"class_list":{"0":"post-120902","1":"product","2":"type-product","3":"status-publish","4":"has-post-thumbnail","6":"product_brand-mido","7":"product_cat-mido-de","8":"product_tag-ocean-star-de","10":"first","11":"instock","12":"sale","13":"taxable","14":"shipping-taxable","15":"purchasable","16":"product-type-simple"},"bundled_by":[],"bundle_stock_status":"instock","bundle_stock_quantity":1,"bundle_virtual":false,"bundle_layout":"","bundle_add_to_cart_form_location":"","bundle_editable_in_cart":false,"bundle_sold_individually_context":"","bundle_item_grouping":"","bundle_min_size":"","bundle_max_size":"","bundle_price":[],"bundled_items":[],"bundle_sell_ids":[],"group_of_quantity":0,"min_quantity":0,"max_quantity":"","exclude_order_quantity_value_rules":"no","exclude_category_quantity_rules":"no","combine_variations":"no","jetpack_sharing_enabled":true,"jetpack_likes_enabled":true,"_links":{"self":[{"href":"https:\/\/watchdeluxe.it\/de\/wp-json\/wp\/v2\/product\/120902","targetHints":{"allow":["GET"]}}],"collection":[{"href":"https:\/\/watchdeluxe.it\/de\/wp-json\/wp\/v2\/product"}],"about":[{"href":"https:\/\/watchdeluxe.it\/de\/wp-json\/wp\/v2\/types\/product"}],"wp:featuredmedia":[{"embeddable":true,"href":"https:\/\/watchdeluxe.it\/de\/wp-json\/wp\/v2\/media\/120898"}],"wp:attachment":[{"href":"https:\/\/watchdeluxe.it\/de\/wp-json\/wp\/v2\/media?parent=120902"}],"wp:term":[{"taxonomy":"product_brand","embeddable":true,"href":"https:\/\/watchdeluxe.it\/de\/wp-json\/wp\/v2\/product_brand?post=120902"},{"taxonomy":"product_cat","embeddable":true,"href":"https:\/\/watchdeluxe.it\/de\/wp-json\/wp\/v2\/product_cat?post=120902"},{"taxonomy":"product_tag","embeddable":true,"href":"https:\/\/watchdeluxe.it\/de\/wp-json\/wp\/v2\/product_tag?post=120902"},{"taxonomy":"berocket_brand","embeddable":true,"href":"https:\/\/watchdeluxe.it\/de\/wp-json\/wp\/v2\/berocket_brand?post=120902"},{"taxonomy":"woo-feed-brand","embeddable":true,"href":"https:\/\/watchdeluxe.it\/de\/wp-json\/wp\/v2\/woo-feed-brand?post=120902"}],"curies":[{"name":"wp","href":"https:\/\/api.w.org\/{rel}","templated":true}]}}