{"id":120875,"date":"2025-10-01T14:30:35","date_gmt":"2025-10-01T12:30:35","guid":{"rendered":"https:\/\/watchdeluxe.it\/prodotto\/mido-ocean-star-weltzeituhr-ref-m0268301603000\/"},"modified":"2025-10-01T14:30:35","modified_gmt":"2025-10-01T12:30:35","slug":"mido-ocean-star-weltzeituhr-ref-m0268301603000","status":"publish","type":"product","link":"https:\/\/watchdeluxe.it\/de\/prodotto\/mido-ocean-star-weltzeituhr-ref-m0268301603000\/","title":{"rendered":"Mido Ocean star Weltzeituhr Ref. M0268301603000"},"content":{"rendered":"<p>Mido Ocean star Weltzeituhr Ref. M0268301603000<\/p>\n<ul>\n<li>\n<h4 aria-level=\"3\">Geh\u00e4useform<\/h4>\n<p>Rund<\/li>\n<li>\n<h4 aria-level=\"3\">Geh\u00e4use Material<\/h4>\n<p>Rostfreier Stahl<\/li>\n<li>\n<h4 aria-level=\"3\">Glas<\/h4>\n<p>Saphirglas<\/li>\n<li>\n<h4 aria-level=\"3\">Geh\u00e4use Optionen<\/h4>\n<p>Verschraubte Krone<\/li>\n<li>\n<h4 aria-level=\"3\">L\u00e4nge (mm)<\/h4>\n<p>40.50<\/li>\n<li>\n<h4 aria-level=\"3\">Breite (mm)<\/h4>\n<p>40.50<\/li>\n<li>\n<h4 aria-level=\"3\">Durchschnittliche Dicke (mm)<\/h4>\n<p>13.4<\/li>\n<li>\n<h4 aria-level=\"3\">B\u00e4nder (mm)<\/h4>\n<p>21.00<\/li>\n<\/ul>\n<ul>\n<li>\n<h4 aria-level=\"3\">Bewegung<\/h4>\n<p>MIDO automatische ETA<\/li>\n<li>\n<h4 aria-level=\"3\">Funktionen<\/h4>\n<p>Datum, Tag<\/li>\n<li>\n<h4 aria-level=\"3\">Gangreserve<\/h4>\n<p>80 Stunden Gangreserve<\/li>\n<\/ul>\n","protected":false},"excerpt":{"rendered":"<p>Mido Ocean star Weltzeituhr Ref. M0268301603000 Geh\u00e4useform Rund Geh\u00e4use Material Rostfreier Stahl Glas Saphirglas Geh\u00e4use Optionen Verschraubte Krone L\u00e4nge (mm) 40.50 Breite (mm) 40.50 Durchschnittliche Dicke (mm) 13.4 B\u00e4nder (mm) 21.00 Bewegung MIDO automatische ETA Funktionen Datum, Tag Gangreserve 80 Stunden Gangreserve<\/p>\n","protected":false},"featured_media":120872,"template":"","meta":{"_crdt_document":"","advanced_seo_description":"","jetpack_seo_html_title":"","jetpack_seo_noindex":false},"product_brand":[2153],"product_cat":[2938],"product_tag":[3037],"berocket_brand":[],"woo-feed-brand":[],"class_list":{"0":"post-120875","1":"product","2":"type-product","3":"status-publish","4":"has-post-thumbnail","6":"product_brand-mido","7":"product_cat-mido-de","8":"product_tag-ocean-star-de","10":"first","11":"instock","12":"sale","13":"taxable","14":"shipping-taxable","15":"purchasable","16":"product-type-simple"},"bundled_by":[],"bundle_stock_status":"instock","bundle_stock_quantity":1,"bundle_virtual":false,"bundle_layout":"","bundle_add_to_cart_form_location":"","bundle_editable_in_cart":false,"bundle_sold_individually_context":"","bundle_item_grouping":"","bundle_min_size":"","bundle_max_size":"","bundle_price":[],"bundled_items":[],"bundle_sell_ids":[],"group_of_quantity":0,"min_quantity":0,"max_quantity":"","exclude_order_quantity_value_rules":"no","exclude_category_quantity_rules":"no","combine_variations":"no","jetpack_sharing_enabled":true,"jetpack_likes_enabled":true,"_links":{"self":[{"href":"https:\/\/watchdeluxe.it\/de\/wp-json\/wp\/v2\/product\/120875","targetHints":{"allow":["GET"]}}],"collection":[{"href":"https:\/\/watchdeluxe.it\/de\/wp-json\/wp\/v2\/product"}],"about":[{"href":"https:\/\/watchdeluxe.it\/de\/wp-json\/wp\/v2\/types\/product"}],"wp:featuredmedia":[{"embeddable":true,"href":"https:\/\/watchdeluxe.it\/de\/wp-json\/wp\/v2\/media\/120872"}],"wp:attachment":[{"href":"https:\/\/watchdeluxe.it\/de\/wp-json\/wp\/v2\/media?parent=120875"}],"wp:term":[{"taxonomy":"product_brand","embeddable":true,"href":"https:\/\/watchdeluxe.it\/de\/wp-json\/wp\/v2\/product_brand?post=120875"},{"taxonomy":"product_cat","embeddable":true,"href":"https:\/\/watchdeluxe.it\/de\/wp-json\/wp\/v2\/product_cat?post=120875"},{"taxonomy":"product_tag","embeddable":true,"href":"https:\/\/watchdeluxe.it\/de\/wp-json\/wp\/v2\/product_tag?post=120875"},{"taxonomy":"berocket_brand","embeddable":true,"href":"https:\/\/watchdeluxe.it\/de\/wp-json\/wp\/v2\/berocket_brand?post=120875"},{"taxonomy":"woo-feed-brand","embeddable":true,"href":"https:\/\/watchdeluxe.it\/de\/wp-json\/wp\/v2\/woo-feed-brand?post=120875"}],"curies":[{"name":"wp","href":"https:\/\/api.w.org\/{rel}","templated":true}]}}