{"id":120635,"date":"2025-09-30T16:52:34","date_gmt":"2025-09-30T14:52:34","guid":{"rendered":"https:\/\/watchdeluxe.it\/prodotto\/longines-ultra-chron-karbon-ref-l28394522\/"},"modified":"2025-09-30T16:52:34","modified_gmt":"2025-09-30T14:52:34","slug":"longines-ultra-chron-karbon-ref-l28394522","status":"publish","type":"product","link":"https:\/\/watchdeluxe.it\/de\/prodotto\/longines-ultra-chron-karbon-ref-l28394522\/","title":{"rendered":"Longines Ultra-chron Karbon Ref. L28394522"},"content":{"rendered":"<p>Longines Ultra-chron Karbon Ref. L28394522<\/p>\n<ul>\n<li class=\"ProductPageData_Item__oMdBV\" data-code=\"case_shape\">\n<h3 class=\"MuiTypography-root MuiTypography-label Typography_Container__MrWZd css-jfub8h\" aria-hidden=\"false\">Formular<\/h3>\n<div class=\"MuiTypography-root MuiTypography-body1 Typography_Container__MrWZd Typography_Color_mediumGrey___tE24 css-1j2upu4\" aria-hidden=\"false\"><span class=\"MuiTypography-root MuiTypography-label Typography_Container__MrWZd css-1br7w99\">Kissen<\/span><\/div>\n<\/li>\n<li class=\"ProductPageData_Item__oMdBV\" data-code=\"case_material\">\n<h3 class=\"MuiTypography-root MuiTypography-label Typography_Container__MrWZd css-jfub8h\" aria-hidden=\"false\">Material<\/h3>\n<div class=\"MuiTypography-root MuiTypography-body1 Typography_Container__MrWZd Typography_Color_mediumGrey___tE24 css-1j2upu4\" aria-hidden=\"false\"><span class=\"MuiTypography-root MuiTypography-label Typography_Container__MrWZd css-1br7w99\">Titan und Kohlenstoff<\/span><\/div>\n<\/li>\n<li class=\"ProductPageData_Item__oMdBV\" data-code=\"case_glass\">\n<h3 class=\"MuiTypography-root MuiTypography-label Typography_Container__MrWZd css-jfub8h\" aria-hidden=\"false\">Glas<\/h3>\n<div class=\"MuiTypography-root MuiTypography-body1 Typography_Container__MrWZd Typography_Color_mediumGrey___tE24 css-1j2upu4\" aria-hidden=\"false\"><span class=\"MuiTypography-root MuiTypography-label Typography_Container__MrWZd css-1br7w99\">Kratzfestes Saphirglas mit mehrschichtiger Antireflexionsbeschichtung auf beiden Seiten<\/span><\/div>\n<\/li>\n<li class=\"ProductPageData_Item__oMdBV\" data-code=\"case_case_back\">\n<h3 class=\"MuiTypography-root MuiTypography-label Typography_Container__MrWZd css-jfub8h\" aria-hidden=\"false\">R\u00fcckseitiges Geh\u00e4use<\/h3>\n<div class=\"MuiTypography-root MuiTypography-body1 Typography_Container__MrWZd Typography_Color_mediumGrey___tE24 css-1j2upu4\" aria-hidden=\"false\"><span class=\"MuiTypography-root MuiTypography-label Typography_Container__MrWZd css-1br7w99\">Zur\u00fcckgeschraubt<\/span><\/div>\n<\/li>\n<li class=\"ProductPageData_Item__oMdBV\" data-code=\"case_dimension\">\n<h3 class=\"MuiTypography-root MuiTypography-label Typography_Container__MrWZd css-jfub8h\" aria-hidden=\"false\">Abmessungen<\/h3>\n<div class=\"MuiTypography-root MuiTypography-body1 Typography_Container__MrWZd Typography_Color_mediumGrey___tE24 css-1j2upu4\" aria-hidden=\"false\"><span class=\"MuiTypography-root MuiTypography-label Typography_Container__MrWZd css-1br7w99\">\u00d8 43,00 mm<\/span><\/div>\n<\/li>\n<li class=\"ProductPageData_Item__oMdBV\" data-code=\"case_lug_distance\">\n<h3 class=\"MuiTypography-root MuiTypography-label Typography_Container__MrWZd css-jfub8h\" aria-hidden=\"false\">Abstand zwischen den Schleifen<\/h3>\n<div class=\"MuiTypography-root MuiTypography-body1 Typography_Container__MrWZd Typography_Color_mediumGrey___tE24 css-1j2upu4\" aria-hidden=\"false\"><span class=\"MuiTypography-root MuiTypography-label Typography_Container__MrWZd css-1br7w99\">22 mm<\/span><\/div>\n<\/li>\n<li class=\"ProductPageData_Item__oMdBV\" data-code=\"case_lug_to_lug\">\n<h3 class=\"MuiTypography-root MuiTypography-label Typography_Container__MrWZd css-jfub8h\" aria-hidden=\"false\">Von ansa zu ansa<\/h3>\n<div class=\"MuiTypography-root MuiTypography-body1 Typography_Container__MrWZd Typography_Color_mediumGrey___tE24 css-1j2upu4\" aria-hidden=\"false\"><span class=\"MuiTypography-root MuiTypography-label Typography_Container__MrWZd css-1br7w99\">48.90 mm<\/span><\/div>\n<\/li>\n<li class=\"ProductPageData_Item__oMdBV\" data-code=\"case_thickness\">\n<h3 class=\"MuiTypography-root MuiTypography-label Typography_Container__MrWZd css-jfub8h\" aria-hidden=\"false\">Dicke<\/h3>\n<div class=\"MuiTypography-root MuiTypography-body1 Typography_Container__MrWZd Typography_Color_mediumGrey___tE24 css-1j2upu4\" aria-hidden=\"false\"><span class=\"MuiTypography-root MuiTypography-label Typography_Container__MrWZd css-1br7w99\">14.00 mm<\/span><\/div>\n<\/li>\n<li class=\"ProductPageData_Item__oMdBV\" data-code=\"case_water_resistance\">\n<h3 class=\"MuiTypography-root MuiTypography-label Typography_Container__MrWZd css-jfub8h\" aria-hidden=\"false\">Wasserdicht<\/h3>\n<div class=\"MuiTypography-root MuiTypography-body1 Typography_Container__MrWZd Typography_Color_mediumGrey___tE24 css-1j2upu4\" aria-hidden=\"false\"><span class=\"MuiTypography-root MuiTypography-label Typography_Container__MrWZd css-1br7w99\">Wasserdicht bis zu 30 bar<\/span><\/div>\n<\/li>\n<li class=\"ProductPageData_Item__oMdBV\" data-code=\"case_specificities\">\n<h3 class=\"MuiTypography-root MuiTypography-label Typography_Container__MrWZd css-jfub8h\" aria-hidden=\"false\">Eigenschaften<\/h3>\n<div class=\"MuiTypography-root MuiTypography-body1 Typography_Container__MrWZd Typography_Color_mediumGrey___tE24 css-1j2upu4\" aria-hidden=\"false\"><span class=\"MuiTypography-root MuiTypography-label Typography_Container__MrWZd css-1br7w99\">Verschraubte Krone<\/span><\/div>\n<\/li>\n<\/ul>\n<div class=\"MuiCollapse-root MuiCollapse-vertical MuiCollapse-entered css-c4sutr\">\n<div class=\"MuiCollapse-wrapper MuiCollapse-vertical css-hboir5\">\n<div class=\"MuiCollapse-wrapperInner MuiCollapse-vertical css-8atqhb\">\n<div id=\"movementAndFunctions-content\" class=\"MuiAccordion-region\" role=\"region\" aria-labelledby=\"movementAndFunctions-header\">\n<div class=\"MuiAccordionDetails-root Accordion_Accordion__Details__445Ts Accordion_Accordion__Details_noSep__bF42b css-1tco0e8\">\n<ul class=\"ProductPageData_List__zkFdZ\">\n<li class=\"ProductPageData_Item__oMdBV\" data-code=\"mvt_fct_type\">\n<h3 class=\"MuiTypography-root MuiTypography-label Typography_Container__MrWZd css-jfub8h\" aria-hidden=\"false\">Art der Bewegung<\/h3>\n<div class=\"MuiTypography-root MuiTypography-body1 Typography_Container__MrWZd Typography_Color_mediumGrey___tE24 css-1j2upu4\" aria-hidden=\"false\"><span class=\"MuiTypography-root MuiTypography-label Typography_Container__MrWZd css-1br7w99\">Automatisch<\/span><\/div>\n<\/li>\n<li class=\"ProductPageData_Item__oMdBV\" data-code=\"mvt_fct_functions\">\n<h3 class=\"MuiTypography-root MuiTypography-label Typography_Container__MrWZd css-jfub8h\" aria-hidden=\"false\">Funktion<\/h3>\n<div class=\"MuiTypography-root MuiTypography-body1 Typography_Container__MrWZd Typography_Color_mediumGrey___tE24 css-1j2upu4\" aria-hidden=\"false\"><span class=\"MuiTypography-root MuiTypography-label Typography_Container__MrWZd css-1br7w99\">Stunden, Minuten und Sekunden<\/span><\/div>\n<\/li>\n<li class=\"ProductPageData_Item__oMdBV\" data-code=\"mvt_fct_calibre_name\">\n<h3 class=\"MuiTypography-root MuiTypography-label Typography_Container__MrWZd css-jfub8h\" aria-hidden=\"false\">Kaliber<\/h3>\n<div class=\"MuiTypography-root MuiTypography-body1 Typography_Container__MrWZd Typography_Color_mediumGrey___tE24 css-1j2upu4\" aria-hidden=\"false\"><span class=\"MuiTypography-root MuiTypography-label Typography_Container__MrWZd css-1br7w99\">L836<\/span><\/div>\n<\/li>\n<li class=\"ProductPageData_Item__oMdBV\" data-code=\"mvt_fct_calibre\">\n<h3 class=\"MuiTypography-root MuiTypography-label Typography_Container__MrWZd css-jfub8h\" aria-hidden=\"false\">Bewegung Beschreibung<\/h3>\n<div class=\"MuiTypography-root MuiTypography-body1 Typography_Container__MrWZd Typography_Color_mediumGrey___tE24 css-1j2upu4\" aria-hidden=\"false\"><span class=\"MuiTypography-root MuiTypography-label Typography_Container__MrWZd css-1br7w99\">Mechanisches Uhrwerk mit Automatikaufzug, einer Frequenz von 36.000 Halbschwingungen pro Stunde und einer Gangreserve von etwa 52 Stunden, Unruhspirale aus monokristallinem Silizium<\/span><\/div>\n<\/li>\n<\/ul>\n<\/div>\n<\/div>\n<\/div>\n<\/div>\n<\/div>\n","protected":false},"excerpt":{"rendered":"<p>Longines Ultra-chron Karbon Ref. L28394522 Formular Kissen Material Titan und Kohlenstoff Glas Kratzfestes Saphirglas mit mehrschichtiger Antireflexionsbeschichtung auf beiden Seiten R\u00fcckseitiges Geh\u00e4use Zur\u00fcckgeschraubt Abmessungen \u00d8 43,00 mm Abstand zwischen den Schleifen 22 mm Von ansa zu ansa 48.90 mm Dicke 14.00 mm Wasserdicht Wasserdicht bis zu 30 bar Eigenschaften Verschraubte Krone Art der Bewegung Automatisch [&hellip;]<\/p>\n","protected":false},"featured_media":120630,"template":"","meta":{"_crdt_document":"","advanced_seo_description":"","jetpack_seo_html_title":"","jetpack_seo_noindex":false},"product_brand":[2151],"product_cat":[2192],"product_tag":[4732],"berocket_brand":[],"woo-feed-brand":[],"class_list":{"0":"post-120635","1":"product","2":"type-product","3":"status-publish","4":"has-post-thumbnail","6":"product_brand-longines","7":"product_cat-longines-de","8":"product_tag-ultrta-chron-de","10":"first","11":"instock","12":"sale","13":"taxable","14":"shipping-taxable","15":"purchasable","16":"product-type-simple"},"bundled_by":[],"bundle_stock_status":"instock","bundle_stock_quantity":1,"bundle_virtual":false,"bundle_layout":"","bundle_add_to_cart_form_location":"","bundle_editable_in_cart":false,"bundle_sold_individually_context":"","bundle_item_grouping":"","bundle_min_size":"","bundle_max_size":"","bundle_price":[],"bundled_items":[],"bundle_sell_ids":[],"group_of_quantity":0,"min_quantity":0,"max_quantity":"","exclude_order_quantity_value_rules":"no","exclude_category_quantity_rules":"no","combine_variations":"no","jetpack_sharing_enabled":true,"jetpack_likes_enabled":true,"_links":{"self":[{"href":"https:\/\/watchdeluxe.it\/de\/wp-json\/wp\/v2\/product\/120635","targetHints":{"allow":["GET"]}}],"collection":[{"href":"https:\/\/watchdeluxe.it\/de\/wp-json\/wp\/v2\/product"}],"about":[{"href":"https:\/\/watchdeluxe.it\/de\/wp-json\/wp\/v2\/types\/product"}],"wp:featuredmedia":[{"embeddable":true,"href":"https:\/\/watchdeluxe.it\/de\/wp-json\/wp\/v2\/media\/120630"}],"wp:attachment":[{"href":"https:\/\/watchdeluxe.it\/de\/wp-json\/wp\/v2\/media?parent=120635"}],"wp:term":[{"taxonomy":"product_brand","embeddable":true,"href":"https:\/\/watchdeluxe.it\/de\/wp-json\/wp\/v2\/product_brand?post=120635"},{"taxonomy":"product_cat","embeddable":true,"href":"https:\/\/watchdeluxe.it\/de\/wp-json\/wp\/v2\/product_cat?post=120635"},{"taxonomy":"product_tag","embeddable":true,"href":"https:\/\/watchdeluxe.it\/de\/wp-json\/wp\/v2\/product_tag?post=120635"},{"taxonomy":"berocket_brand","embeddable":true,"href":"https:\/\/watchdeluxe.it\/de\/wp-json\/wp\/v2\/berocket_brand?post=120635"},{"taxonomy":"woo-feed-brand","embeddable":true,"href":"https:\/\/watchdeluxe.it\/de\/wp-json\/wp\/v2\/woo-feed-brand?post=120635"}],"curies":[{"name":"wp","href":"https:\/\/api.w.org\/{rel}","templated":true}]}}