{"id":120623,"date":"2025-09-30T16:49:11","date_gmt":"2025-09-30T14:49:11","guid":{"rendered":"https:\/\/watchdeluxe.it\/prodotto\/mido-commander-icons-ref-m0316311109100\/"},"modified":"2025-09-30T16:49:11","modified_gmt":"2025-09-30T14:49:11","slug":"mido-commander-icons-ref-m0316311109100","status":"publish","type":"product","link":"https:\/\/watchdeluxe.it\/de\/prodotto\/mido-commander-icons-ref-m0316311109100\/","title":{"rendered":"Mido Commander Icons ref. M0316311109100"},"content":{"rendered":"<p>Mido Commander Icons ref. M0316311109100<\/p>\n<ul>\n<li>Mechanisches Uhrwerk<\/li>\n<li><i class=\"pi pi-check\"><\/i>  Analoges Display<\/li>\n<li><i class=\"pi pi-check\"><\/i>  Funktionen Nur Zeit<\/li>\n<li><i class=\"pi pi-check\"><\/i>  Wasserdichtigkeit 05 ATM wasserdicht<\/li>\n<li><i class=\"pi pi-check\"><\/i>  Geh\u00e4use Material Stahl<\/li>\n<li><i class=\"pi pi-check\"><\/i>  Geh\u00e4usefarbe Stahl<\/li>\n<li><i class=\"pi pi-check\"><\/i>  Zifferblattfarbe Gr\u00fcn<\/li>\n<li><i class=\"pi pi-check\"><\/i>  Material des Riemens Stahl<\/li>\n<li><i class=\"pi pi-check\"><\/i>  Farbe des Armbands Stahl<\/li>\n<li><i class=\"pi pi-check\"><\/i>  Durchmesser des Geh\u00e4uses 42 mm<\/li>\n<li><i class=\"pi pi-check\"><\/i>  Dicke des Geh\u00e4uses 11 mm<\/li>\n<li><i class=\"pi pi-check\"><\/i>  Gewicht 138.00 g<\/li>\n<\/ul>\n","protected":false},"excerpt":{"rendered":"<p>Mido Commander Icons ref. M0316311109100 Mechanisches Uhrwerk Analoges Display Funktionen Nur Zeit Wasserdichtigkeit 05 ATM wasserdicht Geh\u00e4use Material Stahl Geh\u00e4usefarbe Stahl Zifferblattfarbe Gr\u00fcn Material des Riemens Stahl Farbe des Armbands Stahl Durchmesser des Geh\u00e4uses 42 mm Dicke des Geh\u00e4uses 11 mm Gewicht 138.00 g<\/p>\n","protected":false},"featured_media":120617,"template":"","meta":{"_crdt_document":"","advanced_seo_description":"","jetpack_seo_html_title":"","jetpack_seo_noindex":false},"product_brand":[2153],"product_cat":[2938],"product_tag":[2944],"berocket_brand":[],"woo-feed-brand":[],"class_list":{"0":"post-120623","1":"product","2":"type-product","3":"status-publish","4":"has-post-thumbnail","6":"product_brand-mido","7":"product_cat-mido-de","8":"product_tag-commander-de","10":"first","11":"instock","12":"sale","13":"taxable","14":"shipping-taxable","15":"purchasable","16":"product-type-simple"},"bundled_by":[],"bundle_stock_status":"instock","bundle_stock_quantity":1,"bundle_virtual":false,"bundle_layout":"","bundle_add_to_cart_form_location":"","bundle_editable_in_cart":false,"bundle_sold_individually_context":"","bundle_item_grouping":"","bundle_min_size":"","bundle_max_size":"","bundle_price":[],"bundled_items":[],"bundle_sell_ids":[],"group_of_quantity":0,"min_quantity":0,"max_quantity":"","exclude_order_quantity_value_rules":"no","exclude_category_quantity_rules":"no","combine_variations":"no","jetpack_sharing_enabled":true,"jetpack_likes_enabled":true,"_links":{"self":[{"href":"https:\/\/watchdeluxe.it\/de\/wp-json\/wp\/v2\/product\/120623","targetHints":{"allow":["GET"]}}],"collection":[{"href":"https:\/\/watchdeluxe.it\/de\/wp-json\/wp\/v2\/product"}],"about":[{"href":"https:\/\/watchdeluxe.it\/de\/wp-json\/wp\/v2\/types\/product"}],"wp:featuredmedia":[{"embeddable":true,"href":"https:\/\/watchdeluxe.it\/de\/wp-json\/wp\/v2\/media\/120617"}],"wp:attachment":[{"href":"https:\/\/watchdeluxe.it\/de\/wp-json\/wp\/v2\/media?parent=120623"}],"wp:term":[{"taxonomy":"product_brand","embeddable":true,"href":"https:\/\/watchdeluxe.it\/de\/wp-json\/wp\/v2\/product_brand?post=120623"},{"taxonomy":"product_cat","embeddable":true,"href":"https:\/\/watchdeluxe.it\/de\/wp-json\/wp\/v2\/product_cat?post=120623"},{"taxonomy":"product_tag","embeddable":true,"href":"https:\/\/watchdeluxe.it\/de\/wp-json\/wp\/v2\/product_tag?post=120623"},{"taxonomy":"berocket_brand","embeddable":true,"href":"https:\/\/watchdeluxe.it\/de\/wp-json\/wp\/v2\/berocket_brand?post=120623"},{"taxonomy":"woo-feed-brand","embeddable":true,"href":"https:\/\/watchdeluxe.it\/de\/wp-json\/wp\/v2\/woo-feed-brand?post=120623"}],"curies":[{"name":"wp","href":"https:\/\/api.w.org\/{rel}","templated":true}]}}