{"id":119987,"date":"2025-09-25T16:27:16","date_gmt":"2025-09-25T14:27:16","guid":{"rendered":"https:\/\/watchdeluxe.it\/prodotto\/tag-heuer-formel-1-solargraph-ref-wby1111-ba0042\/"},"modified":"2026-04-10T16:47:50","modified_gmt":"2026-04-10T14:47:50","slug":"tag-heuer-formel-1-solargraph-ref-wby1111-ba0042","status":"publish","type":"product","link":"https:\/\/watchdeluxe.it\/de\/prodotto\/tag-heuer-formel-1-solargraph-ref-wby1111-ba0042\/","title":{"rendered":"Tag Heuer Formula 1 Solargraph Ref. WBY1111.BA0042"},"content":{"rendered":"<p>Tag Heuer Formula 1 Solargraph Ref. WBY1111.BA0042<\/p>\n<div class=\"col-12 col-lg-4\">\n<p> <span class=\"spec-title text-uppercase\"> Gr\u00f6\u00dfe <\/span> <span class=\"spec-value\"> 38 mm <\/span> <\/p>\n<\/div>\n<div class=\"col-12 col-lg-4\">\n<p> <span class=\"spec-title text-uppercase\"> Dicke <\/span> <span class=\"spec-value\"> 9,9 mm <\/span> <\/p>\n<\/div>\n<div class=\"col-12 col-lg-4\">\n<p> <span class=\"spec-title text-uppercase\"> Abstand zwischen den \u00d6sen <\/span> <span class=\"spec-value\"> 18,5 mm <\/span> <\/p>\n<\/div>\n<div class=\"col-12 col-lg-4\">\n<p> <span class=\"spec-title text-uppercase\"> Wasserbest\u00e4ndigkeit <\/span> <span class=\"spec-value\"> 100 m <\/span> <\/p>\n<\/div>\n<div class=\"col-12 col-lg-4\">\n<p> <span class=\"spec-title text-uppercase\"> Geh\u00e4use <\/span> <span class=\"spec-value\"> Stahl sandgestrahlt <\/span> <\/p>\n<\/div>\n<div class=\"col-12 col-lg-4\">\n<p> <span class=\"spec-title text-uppercase\"> L\u00fcnette <\/span> <span class=\"spec-value\"> TH-Polylight Drehl\u00fcnette <\/span> <\/p>\n<\/div>\n<div class=\"col-12 col-lg-4\">\n<p> <span class=\"spec-title text-uppercase\"> Anzahl der L\u00fcnetten-Diamanten <\/span> <span class=\"spec-value\"> 0 <\/span> <\/p>\n<\/div>\n<div class=\"col-12 col-lg-4\">\n<p> <span class=\"spec-title text-uppercase\"> Gewicht der Diamantl\u00fcnette <\/span> <span class=\"spec-value\"> 0.000 <\/span> <\/p>\n<\/div>\n<div class=\"col-12 col-lg-4\">\n<p> <span class=\"spec-title text-uppercase\"> Krone <\/span> <span class=\"spec-value\"> Stahl <\/span> <\/p>\n<\/div>\n<div class=\"col-12 col-lg-4\">\n<p> <span class=\"spec-title text-uppercase\"> R\u00fcckseite <\/span> <span class=\"spec-value\"> Glatt &#8211; Stahl <\/span> <\/p>\n<div class=\"col-12 col-lg-4\">\n<p> <span class=\"spec-title text-uppercase\"> Kaliber <\/span> <span class=\"spec-value\"> TH50-00 <\/span> <\/p>\n<\/div>\n<div class=\"col-12 col-lg-4\">\n<p> <span class=\"spec-title text-uppercase\"> Uhrwerk <\/span> <span class=\"spec-value\"> Solar Quarz <\/span> <\/p>\n<\/div>\n<div class=\"col-12 col-lg-4\">\n<p> <span class=\"spec-title text-uppercase\"> Funktionen <\/span> <span class=\"spec-value\"> Stunden, Minuten, Sekunden, Datum <\/span> <\/p>\n<div class=\"col-12 col-lg-4\">\n<p> <span class=\"spec-title text-uppercase\"> Material des Gurtes <\/span> <span class=\"spec-value\"> Stahl <\/span> <\/p>\n<\/div>\n<div class=\"col-12 col-lg-4\">\n<p> <span class=\"spec-title text-uppercase\"> Farbe <\/span> <span class=\"spec-value\"> Silber <\/span> <\/p>\n<\/div>\n<div class=\"col-12 col-lg-4\">\n<p> <span class=\"spec-title text-uppercase\"> Veredelungen <\/span> <span class=\"spec-value\"> Sandstrahlen <\/span> <\/p>\n<\/div>\n<div class=\"col-12 col-lg-4\">\n<p> <span class=\"spec-title text-uppercase\"> Schnalle <\/span> <span class=\"spec-value\"> Faltschlie\u00dfe mit Doppelfaltschlie\u00dfe &#8211; Stahl <\/span> <\/p>\n<\/div>\n<\/div>\n<\/div>\n","protected":false},"excerpt":{"rendered":"<p>Tag Heuer Formula 1 Solargraph Ref. WBY1111.BA0042 Gr\u00f6\u00dfe 38 mm Dicke 9,9 mm Abstand zwischen den \u00d6sen 18,5 mm Wasserbest\u00e4ndigkeit 100 m Geh\u00e4use Stahl sandgestrahlt L\u00fcnette TH-Polylight Drehl\u00fcnette Anzahl der L\u00fcnetten-Diamanten 0 Gewicht der Diamantl\u00fcnette 0.000 Krone Stahl R\u00fcckseite Glatt &#8211; Stahl Kaliber TH50-00 Uhrwerk Solar Quarz Funktionen Stunden, Minuten, Sekunden, Datum Material des Gurtes [&hellip;]<\/p>\n","protected":false},"featured_media":169168,"template":"","meta":{"_crdt_document":"","advanced_seo_description":"","jetpack_seo_html_title":"","jetpack_seo_noindex":false},"product_brand":[],"product_cat":[2255],"product_tag":[2257],"berocket_brand":[],"woo-feed-brand":[],"class_list":{"0":"post-119987","1":"product","2":"type-product","3":"status-publish","4":"has-post-thumbnail","6":"product_cat-tag-heuer-de","7":"product_tag-formel-1","9":"first","10":"instock","11":"sale","12":"taxable","13":"shipping-taxable","14":"purchasable","15":"product-type-simple"},"bundled_by":[],"bundle_stock_status":"instock","bundle_stock_quantity":1,"bundle_virtual":false,"bundle_layout":"","bundle_add_to_cart_form_location":"","bundle_editable_in_cart":false,"bundle_sold_individually_context":"","bundle_item_grouping":"","bundle_min_size":"","bundle_max_size":"","bundle_price":[],"bundled_items":[],"bundle_sell_ids":[],"group_of_quantity":0,"min_quantity":0,"max_quantity":"","exclude_order_quantity_value_rules":"no","exclude_category_quantity_rules":"no","combine_variations":"no","jetpack_sharing_enabled":true,"jetpack_likes_enabled":true,"_links":{"self":[{"href":"https:\/\/watchdeluxe.it\/de\/wp-json\/wp\/v2\/product\/119987","targetHints":{"allow":["GET"]}}],"collection":[{"href":"https:\/\/watchdeluxe.it\/de\/wp-json\/wp\/v2\/product"}],"about":[{"href":"https:\/\/watchdeluxe.it\/de\/wp-json\/wp\/v2\/types\/product"}],"wp:featuredmedia":[{"embeddable":true,"href":"https:\/\/watchdeluxe.it\/de\/wp-json\/wp\/v2\/media\/169168"}],"wp:attachment":[{"href":"https:\/\/watchdeluxe.it\/de\/wp-json\/wp\/v2\/media?parent=119987"}],"wp:term":[{"taxonomy":"product_brand","embeddable":true,"href":"https:\/\/watchdeluxe.it\/de\/wp-json\/wp\/v2\/product_brand?post=119987"},{"taxonomy":"product_cat","embeddable":true,"href":"https:\/\/watchdeluxe.it\/de\/wp-json\/wp\/v2\/product_cat?post=119987"},{"taxonomy":"product_tag","embeddable":true,"href":"https:\/\/watchdeluxe.it\/de\/wp-json\/wp\/v2\/product_tag?post=119987"},{"taxonomy":"berocket_brand","embeddable":true,"href":"https:\/\/watchdeluxe.it\/de\/wp-json\/wp\/v2\/berocket_brand?post=119987"},{"taxonomy":"woo-feed-brand","embeddable":true,"href":"https:\/\/watchdeluxe.it\/de\/wp-json\/wp\/v2\/woo-feed-brand?post=119987"}],"curies":[{"name":"wp","href":"https:\/\/api.w.org\/{rel}","templated":true}]}}