{"id":119959,"date":"2025-09-25T16:10:28","date_gmt":"2025-09-25T14:10:28","guid":{"rendered":"https:\/\/watchdeluxe.it\/prodotto\/baume-mercier-riviera-ref-m0a10822\/"},"modified":"2025-09-25T16:10:28","modified_gmt":"2025-09-25T14:10:28","slug":"baume-mercier-riviera-ref-m0a10822","status":"publish","type":"product","link":"https:\/\/watchdeluxe.it\/de\/prodotto\/baume-mercier-riviera-ref-m0a10822\/","title":{"rendered":"Baume &amp; Mercier Riviera ref. M0A10822"},"content":{"rendered":"<p>Baume &amp; Mercier Riviera ref. M0A10822<\/p>\n<div class=\"mt-32 sm:mt-80\">\n<ul class=\"mt-16 grid grid-cols-[repeat(2,1fr)] gap-x-10 gap-y-20 sm:mt-33 sm:grid-cols-[repeat(auto-fill,minmax(20%,_1fr))] sm:gap-y-30\">\n<li class=\"\"><span class=\" font-serif text-body-12 leading-[1] sm:text-captions-14 block\">Gestalten Sie<\/span><span class=\" text-body-12 font-medium sm:text-captions-14\">Gestalten Sie<\/span><\/li>\n<li class=\"\"><span class=\" font-serif text-body-12 leading-[1] sm:text-captions-14 block\">Gr\u00f6\u00dfe<\/span><span class=\" text-body-12 font-medium sm:text-captions-14\">39 MM<\/span><\/li>\n<li class=\"\"><span class=\" font-serif text-body-12 leading-[1] sm:text-captions-14 block\">Material Geh\u00e4use<\/span><span class=\" text-body-12 font-medium sm:text-captions-14\">Stahl<\/span><\/li>\n<li class=\"\"><span class=\" font-serif text-body-12 leading-[1] sm:text-captions-14 block\">Glas Typ<\/span><span class=\" text-body-12 font-medium sm:text-captions-14\">Saphir<\/span><\/li>\n<li class=\"\"><span class=\" font-serif text-body-12 leading-[1] sm:text-captions-14 block\">Wasserdichtigkeit<\/span><span class=\" text-body-12 font-medium sm:text-captions-14\">100 M<\/span><\/li>\n<\/ul>\n<\/div>\n<div class=\"mt-32 sm:mt-80\">\n<h3 class=\" font-serif text-headline-18 sm:text-headline-28 flex items-center gap-10 border-b border-[#CCC5BC] pb-17 sm:gap-27\"><picture class=\"h-24 w-24 object-contain sm:h-36 sm:w-36 relative block\"><img decoding=\"async\" class=\"object-contain h-full w-full\" draggable=\"false\" src=\"https:\/\/www.astrua.com\/_next\/image?url=https%3A%2F%2Fmedia.astrua.com%2Fproduction%2F0132182_0.png&amp;w=3840&amp;q=90\" sizes=\"10vw\" srcset=\"\/_next\/image?url=https%3A%2F%2Fmedia.astrua.com%2Fproduction%2F0132182_0.png&amp;w=64&amp;q=90 64w, \/_next\/image?url=https%3A%2F%2Fmedia.astrua.com%2Fproduction%2F0132182_0.png&amp;w=96&amp;q=90 96w, \/_next\/image?url=https%3A%2F%2Fmedia.astrua.com%2Fproduction%2F0132182_0.png&amp;w=128&amp;q=90 128w, \/_next\/image?url=https%3A%2F%2Fmedia.astrua.com%2Fproduction%2F0132182_0.png&amp;w=256&amp;q=90 256w, \/_next\/image?url=https%3A%2F%2Fmedia.astrua.com%2Fproduction%2F0132182_0.png&amp;w=384&amp;q=90 384w, \/_next\/image?url=https%3A%2F%2Fmedia.astrua.com%2Fproduction%2F0132182_0.png&amp;w=640&amp;q=90 640w, \/_next\/image?url=https%3A%2F%2Fmedia.astrua.com%2Fproduction%2F0132182_0.png&amp;w=750&amp;q=90 750w, \/_next\/image?url=https%3A%2F%2Fmedia.astrua.com%2Fproduction%2F0132182_0.png&amp;w=828&amp;q=90 828w, \/_next\/image?url=https%3A%2F%2Fmedia.astrua.com%2Fproduction%2F0132182_0.png&amp;w=1080&amp;q=90 1080w, \/_next\/image?url=https%3A%2F%2Fmedia.astrua.com%2Fproduction%2F0132182_0.png&amp;w=1200&amp;q=90 1200w, \/_next\/image?url=https%3A%2F%2Fmedia.astrua.com%2Fproduction%2F0132182_0.png&amp;w=1920&amp;q=90 1920w, \/_next\/image?url=https%3A%2F%2Fmedia.astrua.com%2Fproduction%2F0132182_0.png&amp;w=2048&amp;q=90 2048w, \/_next\/image?url=https%3A%2F%2Fmedia.astrua.com%2Fproduction%2F0132182_0.png&amp;w=3840&amp;q=90 3840w\" alt=\"\" data-nimg=\"fill\"><\/picture>Bewegung<\/h3>\n<ul class=\"mt-16 grid grid-cols-[repeat(2,1fr)] gap-x-10 gap-y-20 sm:mt-33 sm:grid-cols-[repeat(auto-fill,minmax(20%,_1fr))] sm:gap-y-30\">\n<li class=\"\"><span class=\" font-serif text-body-12 leading-[1] sm:text-captions-14 block\">Uhrwerk<\/span><span class=\" text-body-12 font-medium sm:text-captions-14\">Automatisch<\/span><\/li>\n<\/ul>\n<\/div>\n<div class=\"mt-32 sm:mt-80\">\n<h3 class=\" font-serif text-headline-18 sm:text-headline-28 flex items-center gap-10 border-b border-[#CCC5BC] pb-17 sm:gap-27\"><picture class=\"h-24 w-24 object-contain sm:h-36 sm:w-36 relative block\"><img decoding=\"async\" class=\"object-contain h-full w-full\" draggable=\"false\" src=\"https:\/\/www.astrua.com\/_next\/image?url=https%3A%2F%2Fmedia.astrua.com%2Fproduction%2F0132180_0.png&amp;w=3840&amp;q=90\" sizes=\"10vw\" srcset=\"\/_next\/image?url=https%3A%2F%2Fmedia.astrua.com%2Fproduction%2F0132180_0.png&amp;w=64&amp;q=90 64w, \/_next\/image?url=https%3A%2F%2Fmedia.astrua.com%2Fproduction%2F0132180_0.png&amp;w=96&amp;q=90 96w, \/_next\/image?url=https%3A%2F%2Fmedia.astrua.com%2Fproduction%2F0132180_0.png&amp;w=128&amp;q=90 128w, \/_next\/image?url=https%3A%2F%2Fmedia.astrua.com%2Fproduction%2F0132180_0.png&amp;w=256&amp;q=90 256w, \/_next\/image?url=https%3A%2F%2Fmedia.astrua.com%2Fproduction%2F0132180_0.png&amp;w=384&amp;q=90 384w, \/_next\/image?url=https%3A%2F%2Fmedia.astrua.com%2Fproduction%2F0132180_0.png&amp;w=640&amp;q=90 640w, \/_next\/image?url=https%3A%2F%2Fmedia.astrua.com%2Fproduction%2F0132180_0.png&amp;w=750&amp;q=90 750w, \/_next\/image?url=https%3A%2F%2Fmedia.astrua.com%2Fproduction%2F0132180_0.png&amp;w=828&amp;q=90 828w, \/_next\/image?url=https%3A%2F%2Fmedia.astrua.com%2Fproduction%2F0132180_0.png&amp;w=1080&amp;q=90 1080w, \/_next\/image?url=https%3A%2F%2Fmedia.astrua.com%2Fproduction%2F0132180_0.png&amp;w=1200&amp;q=90 1200w, \/_next\/image?url=https%3A%2F%2Fmedia.astrua.com%2Fproduction%2F0132180_0.png&amp;w=1920&amp;q=90 1920w, \/_next\/image?url=https%3A%2F%2Fmedia.astrua.com%2Fproduction%2F0132180_0.png&amp;w=2048&amp;q=90 2048w, \/_next\/image?url=https%3A%2F%2Fmedia.astrua.com%2Fproduction%2F0132180_0.png&amp;w=3840&amp;q=90 3840w\" alt=\"\" data-nimg=\"fill\"><\/picture>Funktionen<\/h3>\n<ul class=\"mt-16 grid grid-cols-[repeat(2,1fr)] gap-x-10 gap-y-20 sm:mt-33 sm:grid-cols-[repeat(auto-fill,minmax(20%,_1fr))] sm:gap-y-30\">\n<li class=\"\"><span class=\" font-serif text-body-12 leading-[1] sm:text-captions-14 block\">Komplikation<\/span><span class=\" text-body-12 font-medium sm:text-captions-14\">5 Tage Gangreserve<\/span><\/li>\n<li class=\"\"><span class=\" font-serif text-body-12 leading-[1] sm:text-captions-14 block\">Datum<\/span><span class=\" text-body-12 font-medium sm:text-captions-14\">Datum<\/span><\/li>\n<\/ul>\n<\/div>\n<div class=\"mt-32 sm:mt-80\">\n<h3 class=\" font-serif text-headline-18 sm:text-headline-28 flex items-center gap-10 border-b border-[#CCC5BC] pb-17 sm:gap-27\"><picture class=\"h-24 w-24 object-contain sm:h-36 sm:w-36 relative block\"><img decoding=\"async\" class=\"object-contain h-full w-full\" draggable=\"false\" src=\"https:\/\/www.astrua.com\/_next\/image?url=https%3A%2F%2Fmedia.astrua.com%2Fproduction%2F0132208_0.png&amp;w=3840&amp;q=90\" sizes=\"10vw\" srcset=\"\/_next\/image?url=https%3A%2F%2Fmedia.astrua.com%2Fproduction%2F0132208_0.png&amp;w=64&amp;q=90 64w, \/_next\/image?url=https%3A%2F%2Fmedia.astrua.com%2Fproduction%2F0132208_0.png&amp;w=96&amp;q=90 96w, \/_next\/image?url=https%3A%2F%2Fmedia.astrua.com%2Fproduction%2F0132208_0.png&amp;w=128&amp;q=90 128w, \/_next\/image?url=https%3A%2F%2Fmedia.astrua.com%2Fproduction%2F0132208_0.png&amp;w=256&amp;q=90 256w, \/_next\/image?url=https%3A%2F%2Fmedia.astrua.com%2Fproduction%2F0132208_0.png&amp;w=384&amp;q=90 384w, \/_next\/image?url=https%3A%2F%2Fmedia.astrua.com%2Fproduction%2F0132208_0.png&amp;w=640&amp;q=90 640w, \/_next\/image?url=https%3A%2F%2Fmedia.astrua.com%2Fproduction%2F0132208_0.png&amp;w=750&amp;q=90 750w, \/_next\/image?url=https%3A%2F%2Fmedia.astrua.com%2Fproduction%2F0132208_0.png&amp;w=828&amp;q=90 828w, \/_next\/image?url=https%3A%2F%2Fmedia.astrua.com%2Fproduction%2F0132208_0.png&amp;w=1080&amp;q=90 1080w, \/_next\/image?url=https%3A%2F%2Fmedia.astrua.com%2Fproduction%2F0132208_0.png&amp;w=1200&amp;q=90 1200w, \/_next\/image?url=https%3A%2F%2Fmedia.astrua.com%2Fproduction%2F0132208_0.png&amp;w=1920&amp;q=90 1920w, \/_next\/image?url=https%3A%2F%2Fmedia.astrua.com%2Fproduction%2F0132208_0.png&amp;w=2048&amp;q=90 2048w, \/_next\/image?url=https%3A%2F%2Fmedia.astrua.com%2Fproduction%2F0132208_0.png&amp;w=3840&amp;q=90 3840w\" alt=\"\" data-nimg=\"fill\"><\/picture>W\u00e4hlen Sie<\/h3>\n<ul class=\"mt-16 grid grid-cols-[repeat(2,1fr)] gap-x-10 gap-y-20 sm:mt-33 sm:grid-cols-[repeat(auto-fill,minmax(20%,_1fr))] sm:gap-y-30\">\n<li class=\"\"><span class=\" font-serif text-body-12 leading-[1] sm:text-captions-14 block\">Zifferblatt<\/span><span class=\" text-body-12 font-medium sm:text-captions-14\">Gold<\/span><\/li>\n<\/ul>\n<\/div>\n<div class=\"mt-32 sm:mt-80\">\n<h3 class=\" font-serif text-headline-18 sm:text-headline-28 flex items-center gap-10 border-b border-[#CCC5BC] pb-17 sm:gap-27\"><picture class=\"h-24 w-24 object-contain sm:h-36 sm:w-36 relative block\"><img decoding=\"async\" class=\"object-contain h-full w-full\" draggable=\"false\" src=\"https:\/\/www.astrua.com\/_next\/image?url=https%3A%2F%2Fmedia.astrua.com%2Fproduction%2F0132174_0.png&amp;w=3840&amp;q=90\" sizes=\"10vw\" srcset=\"\/_next\/image?url=https%3A%2F%2Fmedia.astrua.com%2Fproduction%2F0132174_0.png&amp;w=64&amp;q=90 64w, \/_next\/image?url=https%3A%2F%2Fmedia.astrua.com%2Fproduction%2F0132174_0.png&amp;w=96&amp;q=90 96w, \/_next\/image?url=https%3A%2F%2Fmedia.astrua.com%2Fproduction%2F0132174_0.png&amp;w=128&amp;q=90 128w, \/_next\/image?url=https%3A%2F%2Fmedia.astrua.com%2Fproduction%2F0132174_0.png&amp;w=256&amp;q=90 256w, \/_next\/image?url=https%3A%2F%2Fmedia.astrua.com%2Fproduction%2F0132174_0.png&amp;w=384&amp;q=90 384w, \/_next\/image?url=https%3A%2F%2Fmedia.astrua.com%2Fproduction%2F0132174_0.png&amp;w=640&amp;q=90 640w, \/_next\/image?url=https%3A%2F%2Fmedia.astrua.com%2Fproduction%2F0132174_0.png&amp;w=750&amp;q=90 750w, \/_next\/image?url=https%3A%2F%2Fmedia.astrua.com%2Fproduction%2F0132174_0.png&amp;w=828&amp;q=90 828w, \/_next\/image?url=https%3A%2F%2Fmedia.astrua.com%2Fproduction%2F0132174_0.png&amp;w=1080&amp;q=90 1080w, \/_next\/image?url=https%3A%2F%2Fmedia.astrua.com%2Fproduction%2F0132174_0.png&amp;w=1200&amp;q=90 1200w, \/_next\/image?url=https%3A%2F%2Fmedia.astrua.com%2Fproduction%2F0132174_0.png&amp;w=1920&amp;q=90 1920w, \/_next\/image?url=https%3A%2F%2Fmedia.astrua.com%2Fproduction%2F0132174_0.png&amp;w=2048&amp;q=90 2048w, \/_next\/image?url=https%3A%2F%2Fmedia.astrua.com%2Fproduction%2F0132174_0.png&amp;w=3840&amp;q=90 3840w\" alt=\"\" data-nimg=\"fill\"><\/picture>Armb\u00e4nder<\/h3>\n<ul class=\"mt-16 grid grid-cols-[repeat(2,1fr)] gap-x-10 gap-y-20 sm:mt-33 sm:grid-cols-[repeat(auto-fill,minmax(20%,_1fr))] sm:gap-y-30\">\n<li class=\"\"><span class=\" font-serif text-body-12 leading-[1] sm:text-captions-14 block\">Armband<\/span><span class=\" text-body-12 font-medium sm:text-captions-14\">Stahl<\/span><\/li>\n<\/ul>\n<\/div>\n","protected":false},"excerpt":{"rendered":"<p>Baume &amp; Mercier Riviera ref. M0A10822 Gestalten SieGestalten Sie Gr\u00f6\u00dfe39 MM Material Geh\u00e4useStahl Glas TypSaphir Wasserdichtigkeit100 M Bewegung UhrwerkAutomatisch Funktionen Komplikation5 Tage Gangreserve DatumDatum W\u00e4hlen Sie ZifferblattGold Armb\u00e4nder ArmbandStahl<\/p>\n","protected":false},"featured_media":119956,"template":"","meta":{"_crdt_document":"","advanced_seo_description":"","jetpack_seo_html_title":"","jetpack_seo_noindex":false,"jetpack_post_was_ever_published":false},"product_brand":[2141],"product_cat":[1927],"product_tag":[1562],"berocket_brand":[],"woo-feed-brand":[],"class_list":{"0":"post-119959","1":"product","2":"type-product","3":"status-publish","4":"has-post-thumbnail","6":"product_brand-baume-mercier","7":"product_cat-baume-mercier","8":"product_tag-riviera","10":"first","11":"instock","12":"sale","13":"taxable","14":"shipping-taxable","15":"purchasable","16":"product-type-simple"},"bundled_by":[],"bundle_stock_status":"instock","bundle_stock_quantity":1,"bundle_virtual":false,"bundle_layout":"","bundle_add_to_cart_form_location":"","bundle_editable_in_cart":false,"bundle_sold_individually_context":"","bundle_item_grouping":"","bundle_min_size":"","bundle_max_size":"","bundle_price":[],"bundled_items":[],"bundle_sell_ids":[],"group_of_quantity":0,"min_quantity":0,"max_quantity":"","exclude_order_quantity_value_rules":"no","exclude_category_quantity_rules":"no","combine_variations":"no","exclude_global_add_ons":[],"addons":[],"jetpack_sharing_enabled":true,"jetpack_likes_enabled":true,"_links":{"self":[{"href":"https:\/\/watchdeluxe.it\/de\/wp-json\/wp\/v2\/product\/119959","targetHints":{"allow":["GET"]}}],"collection":[{"href":"https:\/\/watchdeluxe.it\/de\/wp-json\/wp\/v2\/product"}],"about":[{"href":"https:\/\/watchdeluxe.it\/de\/wp-json\/wp\/v2\/types\/product"}],"wp:featuredmedia":[{"embeddable":true,"href":"https:\/\/watchdeluxe.it\/de\/wp-json\/wp\/v2\/media\/119956"}],"wp:attachment":[{"href":"https:\/\/watchdeluxe.it\/de\/wp-json\/wp\/v2\/media?parent=119959"}],"wp:term":[{"taxonomy":"product_brand","embeddable":true,"href":"https:\/\/watchdeluxe.it\/de\/wp-json\/wp\/v2\/product_brand?post=119959"},{"taxonomy":"product_cat","embeddable":true,"href":"https:\/\/watchdeluxe.it\/de\/wp-json\/wp\/v2\/product_cat?post=119959"},{"taxonomy":"product_tag","embeddable":true,"href":"https:\/\/watchdeluxe.it\/de\/wp-json\/wp\/v2\/product_tag?post=119959"},{"taxonomy":"berocket_brand","embeddable":true,"href":"https:\/\/watchdeluxe.it\/de\/wp-json\/wp\/v2\/berocket_brand?post=119959"},{"taxonomy":"woo-feed-brand","embeddable":true,"href":"https:\/\/watchdeluxe.it\/de\/wp-json\/wp\/v2\/woo-feed-brand?post=119959"}],"curies":[{"name":"wp","href":"https:\/\/api.w.org\/{rel}","templated":true}]}}