{"id":119723,"date":"2025-09-24T16:36:17","date_gmt":"2025-09-24T14:36:17","guid":{"rendered":"https:\/\/watchdeluxe.it\/prodotto\/tag-heuer-connected-kaliber-e4-ref-sbr8a10-bt6259\/"},"modified":"2025-09-24T16:36:17","modified_gmt":"2025-09-24T14:36:17","slug":"tag-heuer-connected-kaliber-e4-ref-sbr8a10-bt6259","status":"publish","type":"product","link":"https:\/\/watchdeluxe.it\/de\/prodotto\/tag-heuer-connected-kaliber-e4-ref-sbr8a10-bt6259\/","title":{"rendered":"Tag Heuer Connected Kaliber E4 Ref. SBR8A10.BT6259"},"content":{"rendered":"<p>Tag Heuer Connected Kaliber E4 Ref. SBR8A10.BT6259<\/p>\n<div class=\"col-12 col-lg-6\">\n<p> <span class=\"spec-title\"> Gr\u00f6\u00dfe <\/span> <span class=\"spec-value\"> 45 mm <\/span> <\/p>\n<\/div>\n<div class=\"col-12 col-lg-6\">\n<p> <span class=\"spec-title\"> Dicke <\/span> <span class=\"spec-value\"> 15,27 mm <\/span> <\/p>\n<\/div>\n<div class=\"col-12 col-lg-6\">\n<p> <span class=\"spec-title\"> Abstand zwischen den \u00d6sen <\/span> <span class=\"spec-value\"> 22.09 mm <\/span> <\/p>\n<\/div>\n<div class=\"col-12 col-lg-6\">\n<p> <span class=\"spec-title\"> Wasserbest\u00e4ndigkeit <\/span> <span class=\"spec-value\"> 50 m <\/span> <\/p>\n<\/div>\n<div class=\"col-12 col-lg-6\">\n<p> <span class=\"spec-title\"> Geh\u00e4use K\u00f6rper <\/span> <span class=\"spec-value\"> Stahl <\/span> <\/p>\n<\/div>\n<div class=\"col-12 col-lg-6\">\n<p> <span class=\"spec-title\"> L\u00fcnette <\/span> <span class=\"spec-value\"> Feste L\u00fcnette Keramik <\/span> <\/p>\n<div class=\"col-12 col-lg-6\">\n<p> <span class=\"spec-title\"> Material des Armbands <\/span> <span class=\"spec-value\"> Gummi <\/span> <\/p>\n<\/div>\n<div class=\"col-12 col-lg-6\">\n<p> <span class=\"spec-title\"> Farbe <\/span> <span class=\"spec-value\"> Schwarz <\/span> <\/p>\n<\/div>\n<div class=\"col-12 col-lg-6\">\n<p> <span class=\"spec-title\"> Schnalle <\/span> <span class=\"spec-value\"> Faltschlie\u00dfe mit Kn\u00f6pfen &#8211; Stahl <\/span> <\/p>\n<\/div>\n<div class=\"col-12 col-lg-6\">\n<p> <span class=\"spec-title\"> Austauschbare Armb\u00e4nder\/Armb\u00e4nder System <\/span> <span class=\"spec-value\"> Ja <\/span> <\/p>\n<div class=\"col-12 col-lg-6\">\n<p> <span class=\"spec-title\"> Sensoren <\/span> <span class=\"spec-value\"> Herzschlag, Kompass, Mikrofon, Barometer <\/span> <\/p>\n<\/div>\n<div class=\"col-12 col-lg-6\">\n<p> <span class=\"spec-title\"> Das Betriebssystem <\/span> <span class=\"spec-value\"> Wear OS von Google <\/span> <\/p>\n<\/div>\n<div class=\"col-12 col-lg-6\">\n<p> <span class=\"spec-title\"> Kompatibilit\u00e4t <\/span> <span class=\"spec-value\"> Android\u2122 8.1 bis 15 (au\u00dfer Go Edition) \/ iOS 15.4 bis 18.4* <\/span> <\/p>\n<\/div>\n<div class=\"col-12 col-lg-6\">\n<p> <span class=\"spec-title\"> Vorinstallierte Apps und Funktionalit\u00e4ten <\/span> <span class=\"spec-value\"> TAG Heuer Golf, TAG Heuer Sports (Laufen, Radfahren, Fitness, Schwimmen, andere Sportarten), TAG Heuer Wellness, NFT Viewer***. <\/span> <\/p>\n<\/div>\n<div class=\"col-12 col-lg-6\">\n<p> <span class=\"spec-title\"> Konnektivit\u00e4t <\/span> <span class=\"spec-value\"> Wi-Fi, NFC, GNSS <\/span> <\/p>\n<\/div>\n<div class=\"col-12 col-lg-6\">\n<p> <span class=\"spec-title\"> SAR <\/span> <span class=\"spec-value\"> 0,9390 W\/kg <\/span><\/p>\n<p><span class=\"spec-title\">Chipsatz <\/span> <span class=\"spec-value\"> Qualcomm\u00ae Snapdragon Wear\u2122 4100+ <\/span> <\/p>\n<\/div>\n<\/div>\n<\/div>\n","protected":false},"excerpt":{"rendered":"<p>Tag Heuer Connected Kaliber E4 Ref. SBR8A10.BT6259 Gr\u00f6\u00dfe 45 mm Dicke 15,27 mm Abstand zwischen den \u00d6sen 22.09 mm Wasserbest\u00e4ndigkeit 50 m Geh\u00e4use K\u00f6rper Stahl L\u00fcnette Feste L\u00fcnette Keramik Material des Armbands Gummi Farbe Schwarz Schnalle Faltschlie\u00dfe mit Kn\u00f6pfen &#8211; Stahl Austauschbare Armb\u00e4nder\/Armb\u00e4nder System Ja Sensoren Herzschlag, Kompass, Mikrofon, Barometer Das Betriebssystem Wear OS von [&hellip;]<\/p>\n","protected":false},"featured_media":119720,"template":"","meta":{"_crdt_document":"","advanced_seo_description":"","jetpack_seo_html_title":"","jetpack_seo_noindex":false},"product_brand":[2161],"product_cat":[2255],"product_tag":[3594],"berocket_brand":[],"woo-feed-brand":[],"class_list":{"0":"post-119723","1":"product","2":"type-product","3":"status-publish","4":"has-post-thumbnail","6":"product_brand-tag-heuer","7":"product_cat-tag-heuer-de","8":"product_tag-verbunden","10":"first","11":"instock","12":"sale","13":"taxable","14":"shipping-taxable","15":"purchasable","16":"product-type-simple"},"bundled_by":[],"bundle_stock_status":"instock","bundle_stock_quantity":1,"bundle_virtual":false,"bundle_layout":"","bundle_add_to_cart_form_location":"","bundle_editable_in_cart":false,"bundle_sold_individually_context":"","bundle_item_grouping":"","bundle_min_size":"","bundle_max_size":"","bundle_price":[],"bundled_items":[],"bundle_sell_ids":[],"group_of_quantity":0,"min_quantity":0,"max_quantity":"","exclude_order_quantity_value_rules":"no","exclude_category_quantity_rules":"no","combine_variations":"no","jetpack_sharing_enabled":true,"jetpack_likes_enabled":true,"_links":{"self":[{"href":"https:\/\/watchdeluxe.it\/de\/wp-json\/wp\/v2\/product\/119723","targetHints":{"allow":["GET"]}}],"collection":[{"href":"https:\/\/watchdeluxe.it\/de\/wp-json\/wp\/v2\/product"}],"about":[{"href":"https:\/\/watchdeluxe.it\/de\/wp-json\/wp\/v2\/types\/product"}],"wp:featuredmedia":[{"embeddable":true,"href":"https:\/\/watchdeluxe.it\/de\/wp-json\/wp\/v2\/media\/119720"}],"wp:attachment":[{"href":"https:\/\/watchdeluxe.it\/de\/wp-json\/wp\/v2\/media?parent=119723"}],"wp:term":[{"taxonomy":"product_brand","embeddable":true,"href":"https:\/\/watchdeluxe.it\/de\/wp-json\/wp\/v2\/product_brand?post=119723"},{"taxonomy":"product_cat","embeddable":true,"href":"https:\/\/watchdeluxe.it\/de\/wp-json\/wp\/v2\/product_cat?post=119723"},{"taxonomy":"product_tag","embeddable":true,"href":"https:\/\/watchdeluxe.it\/de\/wp-json\/wp\/v2\/product_tag?post=119723"},{"taxonomy":"berocket_brand","embeddable":true,"href":"https:\/\/watchdeluxe.it\/de\/wp-json\/wp\/v2\/berocket_brand?post=119723"},{"taxonomy":"woo-feed-brand","embeddable":true,"href":"https:\/\/watchdeluxe.it\/de\/wp-json\/wp\/v2\/woo-feed-brand?post=119723"}],"curies":[{"name":"wp","href":"https:\/\/api.w.org\/{rel}","templated":true}]}}