{"id":119601,"date":"2025-09-24T14:43:53","date_gmt":"2025-09-24T12:43:53","guid":{"rendered":"https:\/\/watchdeluxe.it\/prodotto\/nomos-club-campus-38-nachthimmel-ref-722-gb\/"},"modified":"2026-04-29T16:13:54","modified_gmt":"2026-04-29T14:13:54","slug":"nomos-club-campus-38-nachthimmel-ref-722-gb","status":"publish","type":"product","link":"https:\/\/watchdeluxe.it\/de\/prodotto\/nomos-club-campus-38-nachthimmel-ref-722-gb\/","title":{"rendered":"Nomos club campus 38 night sky Ref. 722"},"content":{"rendered":"<p>Nomos Club Campus 38 Nachthimmel ref. 722<\/p>\n<div class=\"list-couple\">\n<div class=\"specs-list\">\n<dl>\n<dt>Fall<\/dt>\n<dd>Edelstahl, zweiteiliger<br \/>\nSaphirglasboden<br \/>\nverschraubt<\/dd>\n<\/dl>\n<dl>\n<dt>Glas<\/dt>\n<dd>gew\u00f6lbtes Saphirglas<\/dd>\n<\/dl>\n<dl>\n<dt>Aufzug<\/dt>\n<dd>Handaufzug<\/dd>\n<\/dl>\n<dl>\n<dt>Abmessungen<\/dt>\n<dd>Durchmesser <span class=\"size-property\"> 38,5 mm <\/span><br \/>\nDicke <span class=\"size-property\"> 8,5 mm <\/span><br \/>\n\u00c4u\u00dfere Schlaufengr\u00f6\u00dfe <span class=\"size-property\"> 48,9 mm <\/span><\/dd>\n<\/dl>\n<dl>\n<dt>Wasserbest\u00e4ndigkeit<\/dt>\n<dd>10 atm (zum Schwimmen geeignet)<\/dd>\n<\/dl>\n<\/div>\n<div class=\"specs-list\">\n<dl>\n<dt>Zifferblatt<\/dt>\n<dd>nachtblau<br \/>\nArabische und r\u00f6mische Ziffern und Stundenmarkierungen mit wei\u00dfem Superluminova (blaue Lumineszenz)<\/dd>\n<\/dl>\n<dl>\n<dt>Zeiger<\/dt>\n<dd>Rhodiniert, mit wei\u00dfen Superluminova-Eins\u00e4tzen (blaue Lumineszenz), fluoreszierender oranger Sekundenzeiger<\/dd>\n<\/dl>\n<dl>\n<dt>Riemen<\/dt>\n<dd>Veganes Wildleder, umgen\u00e4ht, anthrazit<br \/>\n<span class=\"size-property\"> Stollenbreite 20 mm <\/span><\/dd>\n<\/dl>\n<\/div>\n<\/div>\n","protected":false},"excerpt":{"rendered":"<p>Nomos Club Campus 38 Nachthimmel ref. 722 Fall Edelstahl, zweiteiliger Saphirglasboden verschraubt Glas gew\u00f6lbtes Saphirglas Aufzug Handaufzug Abmessungen Durchmesser 38,5 mm Dicke 8,5 mm \u00c4u\u00dfere Schlaufengr\u00f6\u00dfe 48,9 mm Wasserbest\u00e4ndigkeit 10 atm (zum Schwimmen geeignet) Zifferblatt nachtblau Arabische und r\u00f6mische Ziffern und Stundenmarkierungen mit wei\u00dfem Superluminova (blaue Lumineszenz) Zeiger Rhodiniert, mit wei\u00dfen Superluminova-Eins\u00e4tzen (blaue Lumineszenz), fluoreszierender [&hellip;]<\/p>\n","protected":false},"featured_media":119594,"template":"","meta":{"_crdt_document":"","advanced_seo_description":"","jetpack_seo_html_title":"","jetpack_seo_noindex":false},"product_brand":[],"product_cat":[2382],"product_tag":[2383],"berocket_brand":[],"woo-feed-brand":[],"class_list":{"0":"post-119601","1":"product","2":"type-product","3":"status-publish","4":"has-post-thumbnail","6":"product_cat-nomos-glashutte-de","7":"product_tag-club-de","9":"first","10":"instock","11":"sale","12":"taxable","13":"shipping-taxable","14":"purchasable","15":"product-type-simple"},"bundled_by":[],"bundle_stock_status":"instock","bundle_stock_quantity":1,"bundle_virtual":false,"bundle_layout":"","bundle_add_to_cart_form_location":"","bundle_editable_in_cart":false,"bundle_sold_individually_context":"","bundle_item_grouping":"","bundle_min_size":"","bundle_max_size":"","bundle_price":[],"bundled_items":[],"bundle_sell_ids":[],"group_of_quantity":0,"min_quantity":0,"max_quantity":"","exclude_order_quantity_value_rules":"no","exclude_category_quantity_rules":"no","combine_variations":"no","jetpack_sharing_enabled":true,"jetpack_likes_enabled":true,"_links":{"self":[{"href":"https:\/\/watchdeluxe.it\/de\/wp-json\/wp\/v2\/product\/119601","targetHints":{"allow":["GET"]}}],"collection":[{"href":"https:\/\/watchdeluxe.it\/de\/wp-json\/wp\/v2\/product"}],"about":[{"href":"https:\/\/watchdeluxe.it\/de\/wp-json\/wp\/v2\/types\/product"}],"wp:featuredmedia":[{"embeddable":true,"href":"https:\/\/watchdeluxe.it\/de\/wp-json\/wp\/v2\/media\/119594"}],"wp:attachment":[{"href":"https:\/\/watchdeluxe.it\/de\/wp-json\/wp\/v2\/media?parent=119601"}],"wp:term":[{"taxonomy":"product_brand","embeddable":true,"href":"https:\/\/watchdeluxe.it\/de\/wp-json\/wp\/v2\/product_brand?post=119601"},{"taxonomy":"product_cat","embeddable":true,"href":"https:\/\/watchdeluxe.it\/de\/wp-json\/wp\/v2\/product_cat?post=119601"},{"taxonomy":"product_tag","embeddable":true,"href":"https:\/\/watchdeluxe.it\/de\/wp-json\/wp\/v2\/product_tag?post=119601"},{"taxonomy":"berocket_brand","embeddable":true,"href":"https:\/\/watchdeluxe.it\/de\/wp-json\/wp\/v2\/berocket_brand?post=119601"},{"taxonomy":"woo-feed-brand","embeddable":true,"href":"https:\/\/watchdeluxe.it\/de\/wp-json\/wp\/v2\/woo-feed-brand?post=119601"}],"curies":[{"name":"wp","href":"https:\/\/api.w.org\/{rel}","templated":true}]}}