{"id":119548,"date":"2025-09-24T14:23:57","date_gmt":"2025-09-24T12:23:57","guid":{"rendered":"https:\/\/watchdeluxe.it\/prodotto\/hublot-klassische-fusion-rosegold-42-mm-gruen-ref-542-ox-8980-rx\/"},"modified":"2026-04-13T12:14:08","modified_gmt":"2026-04-13T10:14:08","slug":"hublot-klassische-fusion-rosegold-42-mm-gruen-ref-542-ox-8980-rx","status":"publish","type":"product","link":"https:\/\/watchdeluxe.it\/de\/prodotto\/hublot-klassische-fusion-rosegold-42-mm-gruen-ref-542-ox-8980-rx\/","title":{"rendered":"Hublot klassische Fusion Ros\u00e9gold 42 mm gr\u00fcn Ref. 542.OX.8980.RX"},"content":{"rendered":"<p>Hublot klassische Fusion Ros\u00e9gold 42 mm gr\u00fcn Ref. 542.OX.8980.RX<\/p>\n<p>Geh\u00e4use aus Rotgold 42 mm<\/p>\n<p>Gr\u00fcnes Zifferblatt<\/p>\n<p>Datum auf 3 Uhr<\/p>\n<p>Gr\u00fcnes Kautschukband<\/p>\n<p>Faltschlie\u00dfe aus Ros\u00e9gold<\/p>\n<p>Automatikwerk Kaliber Hub1110<\/p>\n<p>Saphirglas<\/p>\n<p>Wasserdichtigkeit 50 m<\/p>\n","protected":false},"excerpt":{"rendered":"<p>Hublot klassische Fusion Ros\u00e9gold 42 mm gr\u00fcn Ref. 542.OX.8980.RX Geh\u00e4use aus Rotgold 42 mm Gr\u00fcnes Zifferblatt Datum auf 3 Uhr Gr\u00fcnes Kautschukband Faltschlie\u00dfe aus Ros\u00e9gold Automatikwerk Kaliber Hub1110 Saphirglas Wasserdichtigkeit 50 m<\/p>\n","protected":false},"featured_media":119545,"template":"","meta":{"_crdt_document":"","advanced_seo_description":"","jetpack_seo_html_title":"","jetpack_seo_noindex":false},"product_brand":[2149],"product_cat":[1917],"product_tag":[3889],"berocket_brand":[],"woo-feed-brand":[],"class_list":{"0":"post-119548","1":"product","2":"type-product","3":"status-publish","4":"has-post-thumbnail","6":"product_brand-hublot","7":"product_cat-hublot","8":"product_tag-classic-fusion-2","10":"first","11":"instock","12":"sale","13":"taxable","14":"shipping-taxable","15":"purchasable","16":"product-type-simple"},"bundled_by":[],"bundle_stock_status":"instock","bundle_stock_quantity":1,"bundle_virtual":false,"bundle_layout":"","bundle_add_to_cart_form_location":"","bundle_editable_in_cart":false,"bundle_sold_individually_context":"","bundle_item_grouping":"","bundle_min_size":"","bundle_max_size":"","bundle_price":[],"bundled_items":[],"bundle_sell_ids":[],"group_of_quantity":0,"min_quantity":0,"max_quantity":"","exclude_order_quantity_value_rules":"no","exclude_category_quantity_rules":"no","combine_variations":"no","exclude_global_add_ons":[],"addons":[],"jetpack_sharing_enabled":true,"jetpack_likes_enabled":true,"_links":{"self":[{"href":"https:\/\/watchdeluxe.it\/de\/wp-json\/wp\/v2\/product\/119548","targetHints":{"allow":["GET"]}}],"collection":[{"href":"https:\/\/watchdeluxe.it\/de\/wp-json\/wp\/v2\/product"}],"about":[{"href":"https:\/\/watchdeluxe.it\/de\/wp-json\/wp\/v2\/types\/product"}],"wp:featuredmedia":[{"embeddable":true,"href":"https:\/\/watchdeluxe.it\/de\/wp-json\/wp\/v2\/media\/119545"}],"wp:attachment":[{"href":"https:\/\/watchdeluxe.it\/de\/wp-json\/wp\/v2\/media?parent=119548"}],"wp:term":[{"taxonomy":"product_brand","embeddable":true,"href":"https:\/\/watchdeluxe.it\/de\/wp-json\/wp\/v2\/product_brand?post=119548"},{"taxonomy":"product_cat","embeddable":true,"href":"https:\/\/watchdeluxe.it\/de\/wp-json\/wp\/v2\/product_cat?post=119548"},{"taxonomy":"product_tag","embeddable":true,"href":"https:\/\/watchdeluxe.it\/de\/wp-json\/wp\/v2\/product_tag?post=119548"},{"taxonomy":"berocket_brand","embeddable":true,"href":"https:\/\/watchdeluxe.it\/de\/wp-json\/wp\/v2\/berocket_brand?post=119548"},{"taxonomy":"woo-feed-brand","embeddable":true,"href":"https:\/\/watchdeluxe.it\/de\/wp-json\/wp\/v2\/woo-feed-brand?post=119548"}],"curies":[{"name":"wp","href":"https:\/\/api.w.org\/{rel}","templated":true}]}}