{"id":119481,"date":"2025-09-24T13:28:24","date_gmt":"2025-09-24T11:28:24","guid":{"rendered":"https:\/\/watchdeluxe.it\/prodotto\/nomos-tangente-neomatik-platin-grau-ref-189\/"},"modified":"2025-09-24T13:28:24","modified_gmt":"2025-09-24T11:28:24","slug":"nomos-tangente-neomatik-platin-grau-ref-189","status":"publish","type":"product","link":"https:\/\/watchdeluxe.it\/de\/prodotto\/nomos-tangente-neomatik-platin-grau-ref-189\/","title":{"rendered":"Nomos Tangente Neomatik Platin Grau Ref. 189"},"content":{"rendered":"<p>Nomos Tangente Neomatik Platin Grau Ref. 189<\/p>\n<div class=\"list-couple\">\n<div class=\"specs-list\">\n<dl>\n<dt>Geh\u00e4use<\/dt>\n<dd>\nEdelstahl, zweiteiliger Saphirglasboden<\/dd>\n<\/dl>\n<dl>\n<dt>Glas<\/dt>\n<dd>Saphirglas mit Antireflexionsbeschichtung auf der Innenseite<\/dd>\n<\/dl>\n<dl>\n<dt>Laden Sie<\/dt>\n<dd>automatisch<\/dd>\n<\/dl>\n<dl>\n<dt>Abmessungen<\/dt>\n<dd>Durchmesser <span class=\"size-property\"> 35,0 mm <\/span><br \/>\nDicke <span class=\"size-property\"> 6,9 mm <\/span><br \/>\n\u00c4u\u00dfere Schlaufengr\u00f6\u00dfe <span class=\"size-property\"> 43,0 mm <\/span><\/dd>\n<\/dl>\n<dl>\n<dt>Wasserbest\u00e4ndigkeit<\/dt>\n<dd>3 atm (spritzwassergesch\u00fctzt)<\/dd>\n<\/dl>\n<\/div>\n<div class=\"specs-list\">\n<dl>\n<dt>Zifferblatt<\/dt>\n<dd>galvanisiert, rhodiniert<\/dd>\n<\/dl>\n<dl>\n<dt>Zeiger<\/dt>\n<dd>Rhodiniert<\/dd>\n<\/dl>\n<dl>\n<dt>Riemen<\/dt>\n<dd>Horween Genuine Shell Cordovan schwarz, genietet<br \/>\n<span class=\"size-property\"> Ansto\u00dfbreite 18 mm <\/span><\/dd>\n<\/dl>\n<\/div>\n<\/div>\n","protected":false},"excerpt":{"rendered":"<p>Nomos Tangente Neomatik Platin Grau Ref. 189 Geh\u00e4use Edelstahl, zweiteiliger Saphirglasboden Glas Saphirglas mit Antireflexionsbeschichtung auf der Innenseite Laden Sie automatisch Abmessungen Durchmesser 35,0 mm Dicke 6,9 mm \u00c4u\u00dfere Schlaufengr\u00f6\u00dfe 43,0 mm Wasserbest\u00e4ndigkeit 3 atm (spritzwassergesch\u00fctzt) Zifferblatt galvanisiert, rhodiniert Zeiger Rhodiniert Riemen Horween Genuine Shell Cordovan schwarz, genietet Ansto\u00dfbreite 18 mm<\/p>\n","protected":false},"featured_media":119477,"template":"","meta":{"_crdt_document":"","advanced_seo_description":"","jetpack_seo_html_title":"","jetpack_seo_noindex":false},"product_brand":[2154],"product_cat":[1919],"product_tag":[3740],"berocket_brand":[],"woo-feed-brand":[],"class_list":{"0":"post-119481","1":"product","2":"type-product","3":"status-publish","4":"has-post-thumbnail","6":"product_brand-nomos-glashutte","7":"product_cat-nomos-glashutte","8":"product_tag-tangente-2","10":"first","11":"instock","12":"sale","13":"taxable","14":"shipping-taxable","15":"purchasable","16":"product-type-simple"},"bundled_by":[],"bundle_stock_status":"instock","bundle_stock_quantity":1,"bundle_virtual":false,"bundle_layout":"","bundle_add_to_cart_form_location":"","bundle_editable_in_cart":false,"bundle_sold_individually_context":"","bundle_item_grouping":"","bundle_min_size":"","bundle_max_size":"","bundle_price":[],"bundled_items":[],"bundle_sell_ids":[],"group_of_quantity":0,"min_quantity":0,"max_quantity":"","exclude_order_quantity_value_rules":"no","exclude_category_quantity_rules":"no","combine_variations":"no","jetpack_sharing_enabled":true,"jetpack_likes_enabled":true,"_links":{"self":[{"href":"https:\/\/watchdeluxe.it\/de\/wp-json\/wp\/v2\/product\/119481","targetHints":{"allow":["GET"]}}],"collection":[{"href":"https:\/\/watchdeluxe.it\/de\/wp-json\/wp\/v2\/product"}],"about":[{"href":"https:\/\/watchdeluxe.it\/de\/wp-json\/wp\/v2\/types\/product"}],"wp:featuredmedia":[{"embeddable":true,"href":"https:\/\/watchdeluxe.it\/de\/wp-json\/wp\/v2\/media\/119477"}],"wp:attachment":[{"href":"https:\/\/watchdeluxe.it\/de\/wp-json\/wp\/v2\/media?parent=119481"}],"wp:term":[{"taxonomy":"product_brand","embeddable":true,"href":"https:\/\/watchdeluxe.it\/de\/wp-json\/wp\/v2\/product_brand?post=119481"},{"taxonomy":"product_cat","embeddable":true,"href":"https:\/\/watchdeluxe.it\/de\/wp-json\/wp\/v2\/product_cat?post=119481"},{"taxonomy":"product_tag","embeddable":true,"href":"https:\/\/watchdeluxe.it\/de\/wp-json\/wp\/v2\/product_tag?post=119481"},{"taxonomy":"berocket_brand","embeddable":true,"href":"https:\/\/watchdeluxe.it\/de\/wp-json\/wp\/v2\/berocket_brand?post=119481"},{"taxonomy":"woo-feed-brand","embeddable":true,"href":"https:\/\/watchdeluxe.it\/de\/wp-json\/wp\/v2\/woo-feed-brand?post=119481"}],"curies":[{"name":"wp","href":"https:\/\/api.w.org\/{rel}","templated":true}]}}