{"id":119399,"date":"2025-09-24T11:08:49","date_gmt":"2025-09-24T09:08:49","guid":{"rendered":"https:\/\/watchdeluxe.it\/prodotto\/hamilton-khaki-aviation-pilot-pionier-43-mm-ref-h76709510\/"},"modified":"2025-09-24T11:08:49","modified_gmt":"2025-09-24T09:08:49","slug":"hamilton-khaki-aviation-pilot-pionier-43-mm-ref-h76709510","status":"publish","type":"product","link":"https:\/\/watchdeluxe.it\/de\/prodotto\/hamilton-khaki-aviation-pilot-pionier-43-mm-ref-h76709510\/","title":{"rendered":"Hamilton Khaki Aviation Pilot Pionier 43 mm Ref. H76709510"},"content":{"rendered":"<p>Hamilton Khaki Aviation Pilot Pionier 43 mm Ref. H76709510<\/p>\n<ul>\n<li><span class=\"attribute-label\">Kaliber<\/span> <span class=\"attribute-value\">ETA 6498-1<\/span><\/li>\n<li><span class=\"attribute-label\">Kollektion<\/span> <span class=\"attribute-value\">Khaki Luftfahrt<\/span><\/li>\n<li><span class=\"attribute-label\">Uhrwerk<\/span> <span class=\"attribute-value\">Mechanisch<\/span><\/li>\n<li><span class=\"attribute-label\">Funktionen der Uhr<\/span> <span class=\"attribute-value\">Kleine Sekunde<\/span><\/li>\n<li><span class=\"attribute-label\">Abmessungen des Geh\u00e4uses<\/span> <span class=\"attribute-value\">43mm<\/span><\/li>\n<li><span class=\"attribute-label\">Dicke (mm)<\/span> <span class=\"attribute-value\">13<\/span><\/li>\n<li><span class=\"attribute-label\">Zifferblatt Farbe<\/span> <span class=\"attribute-value\">Wei\u00df<\/span><\/li>\n<li><span class=\"attribute-label\">Material Geh\u00e4use<\/span> <span class=\"attribute-value\">Bronze und Titan<\/span><\/li>\n<li><span class=\"attribute-label\">Glas<\/span> <span class=\"attribute-value\">Saphir<\/span><\/li>\n<li><span class=\"attribute-label\">Breite der Schleife<\/span> <span class=\"attribute-value\">20 mm<\/span><\/li>\n<li><span class=\"attribute-label\">Gangreserve<\/span> <span class=\"attribute-value\">50 Stunden<\/span><\/li>\n<li><span class=\"attribute-label\">Wasserdichtigkeit<\/span> <span class=\"attribute-value\">10 bar (100m)<\/span><\/li>\n<li><span class=\"attribute-label\">Anti-Reflexion<\/span> <span class=\"attribute-value\">Ja<\/span><\/li>\n<li><span class=\"attribute-label\">Sichtbare R\u00fcckseite<\/span> <span class=\"attribute-value\">Ja<\/span><\/li>\n<li><span class=\"attribute-label\">Super Luminova<\/span> <span class=\"attribute-value\">Ja<\/span><\/li>\n<\/ul>\n","protected":false},"excerpt":{"rendered":"<p>Hamilton Khaki Aviation Pilot Pionier 43 mm Ref. H76709510 Kaliber ETA 6498-1 Kollektion Khaki Luftfahrt Uhrwerk Mechanisch Funktionen der Uhr Kleine Sekunde Abmessungen des Geh\u00e4uses 43mm Dicke (mm) 13 Zifferblatt Farbe Wei\u00df Material Geh\u00e4use Bronze und Titan Glas Saphir Breite der Schleife 20 mm Gangreserve 50 Stunden Wasserdichtigkeit 10 bar (100m) Anti-Reflexion Ja Sichtbare R\u00fcckseite [&hellip;]<\/p>\n","protected":false},"featured_media":119396,"template":"","meta":{"_crdt_document":"","advanced_seo_description":"","jetpack_seo_html_title":"","jetpack_seo_noindex":false,"jetpack_post_was_ever_published":false},"product_brand":[2144],"product_cat":[2303],"product_tag":[2313],"berocket_brand":[],"woo-feed-brand":[],"class_list":{"0":"post-119399","1":"product","2":"type-product","3":"status-publish","4":"has-post-thumbnail","6":"product_brand-hamitlon","7":"product_cat-hamilton-de","8":"product_tag-khaki-de","10":"first","11":"instock","12":"sale","13":"taxable","14":"shipping-taxable","15":"purchasable","16":"product-type-simple"},"bundled_by":[],"bundle_stock_status":"instock","bundle_stock_quantity":1,"bundle_virtual":false,"bundle_layout":"","bundle_add_to_cart_form_location":"","bundle_editable_in_cart":false,"bundle_sold_individually_context":"","bundle_item_grouping":"","bundle_min_size":"","bundle_max_size":"","bundle_price":[],"bundled_items":[],"bundle_sell_ids":[],"group_of_quantity":0,"min_quantity":0,"max_quantity":"","exclude_order_quantity_value_rules":"no","exclude_category_quantity_rules":"no","combine_variations":"no","exclude_global_add_ons":[],"addons":[],"jetpack_sharing_enabled":true,"jetpack_likes_enabled":true,"_links":{"self":[{"href":"https:\/\/watchdeluxe.it\/de\/wp-json\/wp\/v2\/product\/119399","targetHints":{"allow":["GET"]}}],"collection":[{"href":"https:\/\/watchdeluxe.it\/de\/wp-json\/wp\/v2\/product"}],"about":[{"href":"https:\/\/watchdeluxe.it\/de\/wp-json\/wp\/v2\/types\/product"}],"wp:featuredmedia":[{"embeddable":true,"href":"https:\/\/watchdeluxe.it\/de\/wp-json\/wp\/v2\/media\/119396"}],"wp:attachment":[{"href":"https:\/\/watchdeluxe.it\/de\/wp-json\/wp\/v2\/media?parent=119399"}],"wp:term":[{"taxonomy":"product_brand","embeddable":true,"href":"https:\/\/watchdeluxe.it\/de\/wp-json\/wp\/v2\/product_brand?post=119399"},{"taxonomy":"product_cat","embeddable":true,"href":"https:\/\/watchdeluxe.it\/de\/wp-json\/wp\/v2\/product_cat?post=119399"},{"taxonomy":"product_tag","embeddable":true,"href":"https:\/\/watchdeluxe.it\/de\/wp-json\/wp\/v2\/product_tag?post=119399"},{"taxonomy":"berocket_brand","embeddable":true,"href":"https:\/\/watchdeluxe.it\/de\/wp-json\/wp\/v2\/berocket_brand?post=119399"},{"taxonomy":"woo-feed-brand","embeddable":true,"href":"https:\/\/watchdeluxe.it\/de\/wp-json\/wp\/v2\/woo-feed-brand?post=119399"}],"curies":[{"name":"wp","href":"https:\/\/api.w.org\/{rel}","templated":true}]}}