{"id":116944,"date":"2025-07-15T17:30:53","date_gmt":"2025-07-15T15:30:53","guid":{"rendered":"https:\/\/watchdeluxe.it\/prodotto\/montblanc-fuellfederhalter-montblanc-meisterstueck-doue-classique-in-80-tagen-um-die-welt-ref-132893\/"},"modified":"2026-01-16T15:35:28","modified_gmt":"2026-01-16T14:35:28","slug":"montblanc-fuellfederhalter-montblanc-meisterstueck-doue-classique-in-80-tagen-um-die-welt-ref-132893","status":"publish","type":"product","link":"https:\/\/watchdeluxe.it\/de\/prodotto\/montblanc-fuellfederhalter-montblanc-meisterstueck-doue-classique-in-80-tagen-um-die-welt-ref-132893\/","title":{"rendered":"Montblanc F\u00fcllfederhalter Montblanc Meisterst\u00fcck Dou\u00e9 Classique In 80 Tagen um die Welt ref. 132893"},"content":{"rendered":"<p>Montblanc F\u00fcllfederhalter Montblanc Meisterst\u00fcck Dou\u00e9 Classique In 80 Tagen um die Welt ref. 132893<\/p>\n<p>Kollektion: Meisterst\u00fcck .<br \/>\nSchreibsystem: F\u00fcllfederhalter.<br \/>\nFeder: Handgefertigte 14 K Goldfeder mit eingravierter 14\/11, eine Hommage an das Datum von Foggs Abreise aus Yokohama, und 21\/12, das Datum seiner R\u00fcckkehr in den Londoner Club, um die Wette gem\u00e4\u00df seinem ehrgeizigen Plan zu gewinnen. Au\u00dferdem ist es mit der Darstellung eines Hei\u00dfluftballons verziert, eine Anspielung auf den ersten Abenteuerroman von Jules Verne. (M)<br \/>\nClip: Der aus Platin gefertigte Clip zeigt das rot lackierte Herz-Ass, das die Vereinigung von Phileas Fogg und Prinzessin Auda symbolisiert.<br \/>\nKorpus: Korpus aus feinem dunkelblauen Lack<br \/>\nKappe: Metallkappe mit einem eleganten lasergravierten Zug. Auf der Oberseite der Kappe ist die Chronologie der Reise eingepr\u00e4gt: 36 Tage von Yokohoma nach London, insgesamt 80 Tage um die Welt. Das Design der Kappe verewigt die Druckventile und den Rauch der Lokomotive<br \/>\nFarbe: dunkelblau<br \/>\nMa\u00dfe: 139,8 mm x 14 mm.<br \/>\nGewicht: 50,14 g<\/p>\n","protected":false},"excerpt":{"rendered":"<p>Montblanc F\u00fcllfederhalter Montblanc Meisterst\u00fcck Dou\u00e9 Classique In 80 Tagen um die Welt ref. 132893 Kollektion: Meisterst\u00fcck . Schreibsystem: F\u00fcllfederhalter. Feder: Handgefertigte 14 K Goldfeder mit eingravierter 14\/11, eine Hommage an das Datum von Foggs Abreise aus Yokohama, und 21\/12, das Datum seiner R\u00fcckkehr in den Londoner Club, um die Wette gem\u00e4\u00df seinem ehrgeizigen Plan zu [&hellip;]<\/p>\n","protected":false},"featured_media":116927,"template":"","meta":{"_crdt_document":"","advanced_seo_description":"","jetpack_seo_html_title":"","jetpack_seo_noindex":false},"product_brand":[],"product_cat":[2250],"product_tag":[4004],"berocket_brand":[],"woo-feed-brand":[],"class_list":{"0":"post-116944","1":"product","2":"type-product","3":"status-publish","4":"has-post-thumbnail","6":"product_cat-montblanc-de","7":"product_tag-penne-de","9":"first","10":"instock","11":"sale","12":"taxable","13":"shipping-taxable","14":"purchasable","15":"product-type-simple"},"bundled_by":[],"bundle_stock_status":"instock","bundle_stock_quantity":1,"bundle_virtual":false,"bundle_layout":"","bundle_add_to_cart_form_location":"","bundle_editable_in_cart":false,"bundle_sold_individually_context":"","bundle_item_grouping":"","bundle_min_size":"","bundle_max_size":"","bundle_price":[],"bundled_items":[],"bundle_sell_ids":[],"group_of_quantity":0,"min_quantity":0,"max_quantity":"","exclude_order_quantity_value_rules":"no","exclude_category_quantity_rules":"no","combine_variations":"no","jetpack_sharing_enabled":true,"jetpack_likes_enabled":true,"_links":{"self":[{"href":"https:\/\/watchdeluxe.it\/de\/wp-json\/wp\/v2\/product\/116944","targetHints":{"allow":["GET"]}}],"collection":[{"href":"https:\/\/watchdeluxe.it\/de\/wp-json\/wp\/v2\/product"}],"about":[{"href":"https:\/\/watchdeluxe.it\/de\/wp-json\/wp\/v2\/types\/product"}],"wp:featuredmedia":[{"embeddable":true,"href":"https:\/\/watchdeluxe.it\/de\/wp-json\/wp\/v2\/media\/116927"}],"wp:attachment":[{"href":"https:\/\/watchdeluxe.it\/de\/wp-json\/wp\/v2\/media?parent=116944"}],"wp:term":[{"taxonomy":"product_brand","embeddable":true,"href":"https:\/\/watchdeluxe.it\/de\/wp-json\/wp\/v2\/product_brand?post=116944"},{"taxonomy":"product_cat","embeddable":true,"href":"https:\/\/watchdeluxe.it\/de\/wp-json\/wp\/v2\/product_cat?post=116944"},{"taxonomy":"product_tag","embeddable":true,"href":"https:\/\/watchdeluxe.it\/de\/wp-json\/wp\/v2\/product_tag?post=116944"},{"taxonomy":"berocket_brand","embeddable":true,"href":"https:\/\/watchdeluxe.it\/de\/wp-json\/wp\/v2\/berocket_brand?post=116944"},{"taxonomy":"woo-feed-brand","embeddable":true,"href":"https:\/\/watchdeluxe.it\/de\/wp-json\/wp\/v2\/woo-feed-brand?post=116944"}],"curies":[{"name":"wp","href":"https:\/\/api.w.org\/{rel}","templated":true}]}}