{"id":116691,"date":"2025-07-15T15:20:46","date_gmt":"2025-07-15T13:20:46","guid":{"rendered":"https:\/\/watchdeluxe.it\/prodotto\/grand-seiko-elegance-ref-sbgw301g\/"},"modified":"2025-07-15T15:20:46","modified_gmt":"2025-07-15T13:20:46","slug":"grand-seiko-elegance-ref-sbgw301g","status":"publish","type":"product","link":"https:\/\/watchdeluxe.it\/de\/prodotto\/grand-seiko-elegance-ref-sbgw301g\/","title":{"rendered":"Grand Seiko Elegance ref. SBGW301G"},"content":{"rendered":"<p>Grand Seiko Elegance ref. SBGW301G<\/p>\n<div class=\"_item\">\n<div class=\"_header\">\u00c4u\u00dferes<\/div>\n<div class=\"_body\">\n<table class=\"_table\">\n<tbody>\n<tr>\n<th>\u00c4u\u00dferes:<\/th>\n<td>Edelstahl mit Saphirglas<\/td>\n<\/tr>\n<tr>\n<th rowspan=\"2\">Geh\u00e4useboden:<\/th>\n<td>Transparenter Boden<\/td>\n<\/tr>\n<tr>\n<td>Geh\u00e4useboden mit 6 Schrauben<\/td>\n<\/tr>\n<tr>\n<th>Material Glas:<\/th>\n<td>Quadratisches Saphirglas<\/td>\n<\/tr>\n<tr>\n<th>Glasbeschichtung:<\/th>\n<td>Antireflexionsbeschichtung auf der Innenseite<\/td>\n<\/tr>\n<tr>\n<th>Geh\u00e4usegr\u00f6\u00dfe:<\/th>\n<td>Durchmesser 37.3mm Lug-to-lug 44.3mm Dicke 11.7mm<\/td>\n<\/tr>\n<tr>\n<th>Breite des Armbands:<\/th>\n<td>19mm<\/td>\n<\/tr>\n<tr>\n<th>Material des Armbands:<\/th>\n<td>Krokodilleder<\/td>\n<\/tr>\n<tr>\n<th>L\u00e4nge des Armbands:<\/th>\n<td>195mm<\/td>\n<\/tr>\n<\/tbody>\n<\/table>\n<\/div>\n<\/div>\n<div class=\"_item\">\n<div class=\"_header\">Bewegung<\/div>\n<div class=\"_body\">\n<table class=\"_table\">\n<tbody>\n<tr>\n<th>Kalibercode:<\/th>\n<td>9S64 Anleitung<\/td>\n<\/tr>\n<tr>\n<th>Gangreserve:<\/th>\n<td>Ca. 72 Stunden (3 Tage)<\/td>\n<\/tr>\n<tr>\n<th>Wenn statisch:<\/th>\n<td>+5 bis -3 Sekunden pro Tag<\/td>\n<\/tr>\n<tr>\n<th>Genauigkeit bei normalem Gebrauch<\/th>\n<td>+10 bis -1 Sekunden pro Tag<\/td>\n<\/tr>\n<\/tbody>\n<\/table>\n<\/div>\n<\/div>\n<div class=\"_item\">\n<div class=\"_header\">Funktionen<\/div>\n<div class=\"_body\">\n<table class=\"_table\">\n<tbody>\n<tr>\n<th>Wasserdicht:<\/th>\n<td>Spritzwassergesch\u00fctzt<\/td>\n<\/tr>\n<tr>\n<th>Magnetischer Widerstand:<\/th>\n<td>4.800 A\/m<\/td>\n<\/tr>\n<tr>\n<th>Gewicht:<\/th>\n<td>61 g<\/td>\n<\/tr>\n<tr>\n<th>Weitere Details \/ Merkmale:<\/th>\n<td>\n<ul class=\"list-type-bullet\">\n<li>24 Rubine<\/li>\n<\/ul>\n<\/td>\n<\/tr>\n<\/tbody>\n<\/table>\n<\/div>\n<\/div>\n","protected":false},"excerpt":{"rendered":"<p>Grand Seiko Elegance ref. SBGW301G \u00c4u\u00dferes \u00c4u\u00dferes: Edelstahl mit Saphirglas Geh\u00e4useboden: Transparenter Boden Geh\u00e4useboden mit 6 Schrauben Material Glas: Quadratisches Saphirglas Glasbeschichtung: Antireflexionsbeschichtung auf der Innenseite Geh\u00e4usegr\u00f6\u00dfe: Durchmesser 37.3mm Lug-to-lug 44.3mm Dicke 11.7mm Breite des Armbands: 19mm Material des Armbands: Krokodilleder L\u00e4nge des Armbands: 195mm Bewegung Kalibercode: 9S64 Anleitung Gangreserve: Ca. 72 Stunden (3 Tage) [&hellip;]<\/p>\n","protected":false},"featured_media":116688,"template":"","meta":{"_crdt_document":"","advanced_seo_description":"","jetpack_seo_html_title":"","jetpack_seo_noindex":false,"jetpack_post_was_ever_published":false},"product_brand":[2148],"product_cat":[3906],"product_tag":[3982],"berocket_brand":[],"woo-feed-brand":[],"class_list":{"0":"post-116691","1":"product","2":"type-product","3":"status-publish","4":"has-post-thumbnail","6":"product_brand-grand-seiko","7":"product_cat-grand-seiko","8":"product_tag-elegance-2","10":"first","11":"instock","12":"sale","13":"taxable","14":"shipping-taxable","15":"purchasable","16":"product-type-simple"},"bundled_by":[],"bundle_stock_status":"instock","bundle_stock_quantity":1,"bundle_virtual":false,"bundle_layout":"","bundle_add_to_cart_form_location":"","bundle_editable_in_cart":false,"bundle_sold_individually_context":"","bundle_item_grouping":"","bundle_min_size":"","bundle_max_size":"","bundle_price":[],"bundled_items":[],"bundle_sell_ids":[],"group_of_quantity":0,"min_quantity":0,"max_quantity":"","exclude_order_quantity_value_rules":"no","exclude_category_quantity_rules":"no","combine_variations":"no","exclude_global_add_ons":[],"addons":[],"jetpack_sharing_enabled":true,"jetpack_likes_enabled":true,"_links":{"self":[{"href":"https:\/\/watchdeluxe.it\/de\/wp-json\/wp\/v2\/product\/116691","targetHints":{"allow":["GET"]}}],"collection":[{"href":"https:\/\/watchdeluxe.it\/de\/wp-json\/wp\/v2\/product"}],"about":[{"href":"https:\/\/watchdeluxe.it\/de\/wp-json\/wp\/v2\/types\/product"}],"wp:featuredmedia":[{"embeddable":true,"href":"https:\/\/watchdeluxe.it\/de\/wp-json\/wp\/v2\/media\/116688"}],"wp:attachment":[{"href":"https:\/\/watchdeluxe.it\/de\/wp-json\/wp\/v2\/media?parent=116691"}],"wp:term":[{"taxonomy":"product_brand","embeddable":true,"href":"https:\/\/watchdeluxe.it\/de\/wp-json\/wp\/v2\/product_brand?post=116691"},{"taxonomy":"product_cat","embeddable":true,"href":"https:\/\/watchdeluxe.it\/de\/wp-json\/wp\/v2\/product_cat?post=116691"},{"taxonomy":"product_tag","embeddable":true,"href":"https:\/\/watchdeluxe.it\/de\/wp-json\/wp\/v2\/product_tag?post=116691"},{"taxonomy":"berocket_brand","embeddable":true,"href":"https:\/\/watchdeluxe.it\/de\/wp-json\/wp\/v2\/berocket_brand?post=116691"},{"taxonomy":"woo-feed-brand","embeddable":true,"href":"https:\/\/watchdeluxe.it\/de\/wp-json\/wp\/v2\/woo-feed-brand?post=116691"}],"curies":[{"name":"wp","href":"https:\/\/api.w.org\/{rel}","templated":true}]}}