{"id":116337,"date":"2025-07-14T16:36:45","date_gmt":"2025-07-14T14:36:45","guid":{"rendered":"https:\/\/watchdeluxe.it\/prodotto\/panerai-radiomir-achttageuhr-ref-pam01347\/"},"modified":"2025-07-14T16:36:45","modified_gmt":"2025-07-14T14:36:45","slug":"panerai-radiomir-achttageuhr-ref-pam01347","status":"publish","type":"product","link":"https:\/\/watchdeluxe.it\/de\/prodotto\/panerai-radiomir-achttageuhr-ref-pam01347\/","title":{"rendered":"Panerai Radiomir Achttageuhr Ref. PAM01347"},"content":{"rendered":"<p>Panerai Radiomir Achttageuhr Ref. PAM01347<\/p>\n<div class=\"mt-32 sm:mt-80\">\n<ul class=\"mt-16 grid grid-cols-[repeat(2,1fr)] gap-x-10 gap-y-20 sm:mt-33 sm:grid-cols-[repeat(auto-fill,minmax(20%,_1fr))] sm:gap-y-30\">\n<li class=\"\"><span class=\" font-serif text-body-12 leading-[1] sm:text-captions-14 block\">Gestalten Sie <\/span><span class=\" text-body-12 font-medium sm:text-captions-14\">Gestalten Sie<\/span><\/li>\n<li class=\"\"><span class=\" font-serif text-body-12 leading-[1] sm:text-captions-14 block\">Gr\u00f6\u00dfe <\/span><span class=\" text-body-12 font-medium sm:text-captions-14\">45 MM<\/span><\/li>\n<li class=\"\"><span class=\" font-serif text-body-12 leading-[1] sm:text-captions-14 block\">Material Geh\u00e4use<\/span><span class=\" text-body-12 font-medium sm:text-captions-14\">und Stahl\u2122<\/span><\/li>\n<li class=\"\"><span class=\" font-serif text-body-12 leading-[1] sm:text-captions-14 block\">Glas Typ <\/span><span class=\" text-body-12 font-medium sm:text-captions-14\">Saphir<\/span><\/li>\n<li class=\"\"><span class=\" font-serif text-body-12 leading-[1] sm:text-captions-14 block\">Wasserdichtigkeit <\/span><span class=\" text-body-12 font-medium sm:text-captions-14\">100 M<\/span><\/li>\n<\/ul>\n<\/div>\n<div class=\"mt-32 sm:mt-80\">\n<h3 class=\" font-serif text-headline-18 sm:text-headline-28 flex items-center gap-10 border-b border-[#CCC5BC] pb-17 sm:gap-27\"><picture class=\"h-24 w-24 object-contain sm:h-36 sm:w-36 relative block\"><img decoding=\"async\" class=\"object-contain h-full w-full\" draggable=\"false\" src=\"https:\/\/www.astrua.com\/_next\/image?url=https%3A%2F%2Fmedia.astrua.com%2Fproduction%2F0132182_0.png&amp;w=3840&amp;q=90\" sizes=\"10vw\" srcset=\"\/_next\/image?url=https%3A%2F%2Fmedia.astrua.com%2Fproduction%2F0132182_0.png&amp;w=64&amp;q=90 64w, \/_next\/image?url=https%3A%2F%2Fmedia.astrua.com%2Fproduction%2F0132182_0.png&amp;w=96&amp;q=90 96w, \/_next\/image?url=https%3A%2F%2Fmedia.astrua.com%2Fproduction%2F0132182_0.png&amp;w=128&amp;q=90 128w, \/_next\/image?url=https%3A%2F%2Fmedia.astrua.com%2Fproduction%2F0132182_0.png&amp;w=256&amp;q=90 256w, \/_next\/image?url=https%3A%2F%2Fmedia.astrua.com%2Fproduction%2F0132182_0.png&amp;w=384&amp;q=90 384w, \/_next\/image?url=https%3A%2F%2Fmedia.astrua.com%2Fproduction%2F0132182_0.png&amp;w=640&amp;q=90 640w, \/_next\/image?url=https%3A%2F%2Fmedia.astrua.com%2Fproduction%2F0132182_0.png&amp;w=750&amp;q=90 750w, \/_next\/image?url=https%3A%2F%2Fmedia.astrua.com%2Fproduction%2F0132182_0.png&amp;w=828&amp;q=90 828w, \/_next\/image?url=https%3A%2F%2Fmedia.astrua.com%2Fproduction%2F0132182_0.png&amp;w=1080&amp;q=90 1080w, \/_next\/image?url=https%3A%2F%2Fmedia.astrua.com%2Fproduction%2F0132182_0.png&amp;w=1200&amp;q=90 1200w, \/_next\/image?url=https%3A%2F%2Fmedia.astrua.com%2Fproduction%2F0132182_0.png&amp;w=1920&amp;q=90 1920w, \/_next\/image?url=https%3A%2F%2Fmedia.astrua.com%2Fproduction%2F0132182_0.png&amp;w=2048&amp;q=90 2048w, \/_next\/image?url=https%3A%2F%2Fmedia.astrua.com%2Fproduction%2F0132182_0.png&amp;w=3840&amp;q=90 3840w\" alt=\"\" data-nimg=\"fill\"><\/picture>Bewegung<\/h3>\n<ul class=\"mt-16 grid grid-cols-[repeat(2,1fr)] gap-x-10 gap-y-20 sm:mt-33 sm:grid-cols-[repeat(auto-fill,minmax(20%,_1fr))] sm:gap-y-30\">\n<li class=\"\"><span class=\" font-serif text-body-12 leading-[1] sm:text-captions-14 block\">Uhrwerk <\/span><span class=\" text-body-12 font-medium sm:text-captions-14\">Handaufzug<\/span><\/li>\n<li class=\"\"><span class=\" font-serif text-body-12 leading-[1] sm:text-captions-14 block\">Kaliber <\/span><span class=\" text-body-12 font-medium sm:text-captions-14\">P.5000<\/span><\/li>\n<\/ul>\n<\/div>\n<div class=\"mt-32 sm:mt-80\">\n<h3 class=\" font-serif text-headline-18 sm:text-headline-28 flex items-center gap-10 border-b border-[#CCC5BC] pb-17 sm:gap-27\"><picture class=\"h-24 w-24 object-contain sm:h-36 sm:w-36 relative block\"><img decoding=\"async\" class=\"object-contain h-full w-full\" draggable=\"false\" src=\"https:\/\/www.astrua.com\/_next\/image?url=https%3A%2F%2Fmedia.astrua.com%2Fproduction%2F0132180_0.png&amp;w=3840&amp;q=90\" sizes=\"10vw\" srcset=\"\/_next\/image?url=https%3A%2F%2Fmedia.astrua.com%2Fproduction%2F0132180_0.png&amp;w=64&amp;q=90 64w, \/_next\/image?url=https%3A%2F%2Fmedia.astrua.com%2Fproduction%2F0132180_0.png&amp;w=96&amp;q=90 96w, \/_next\/image?url=https%3A%2F%2Fmedia.astrua.com%2Fproduction%2F0132180_0.png&amp;w=128&amp;q=90 128w, \/_next\/image?url=https%3A%2F%2Fmedia.astrua.com%2Fproduction%2F0132180_0.png&amp;w=256&amp;q=90 256w, \/_next\/image?url=https%3A%2F%2Fmedia.astrua.com%2Fproduction%2F0132180_0.png&amp;w=384&amp;q=90 384w, \/_next\/image?url=https%3A%2F%2Fmedia.astrua.com%2Fproduction%2F0132180_0.png&amp;w=640&amp;q=90 640w, \/_next\/image?url=https%3A%2F%2Fmedia.astrua.com%2Fproduction%2F0132180_0.png&amp;w=750&amp;q=90 750w, \/_next\/image?url=https%3A%2F%2Fmedia.astrua.com%2Fproduction%2F0132180_0.png&amp;w=828&amp;q=90 828w, \/_next\/image?url=https%3A%2F%2Fmedia.astrua.com%2Fproduction%2F0132180_0.png&amp;w=1080&amp;q=90 1080w, \/_next\/image?url=https%3A%2F%2Fmedia.astrua.com%2Fproduction%2F0132180_0.png&amp;w=1200&amp;q=90 1200w, \/_next\/image?url=https%3A%2F%2Fmedia.astrua.com%2Fproduction%2F0132180_0.png&amp;w=1920&amp;q=90 1920w, \/_next\/image?url=https%3A%2F%2Fmedia.astrua.com%2Fproduction%2F0132180_0.png&amp;w=2048&amp;q=90 2048w, \/_next\/image?url=https%3A%2F%2Fmedia.astrua.com%2Fproduction%2F0132180_0.png&amp;w=3840&amp;q=90 3840w\" alt=\"\" data-nimg=\"fill\"><\/picture>Funktionen<\/h3>\n<ul class=\"mt-16 grid grid-cols-[repeat(2,1fr)] gap-x-10 gap-y-20 sm:mt-33 sm:grid-cols-[repeat(auto-fill,minmax(20%,_1fr))] sm:gap-y-30\">\n<li class=\"\"><span class=\" font-serif text-body-12 leading-[1] sm:text-captions-14 block\">Komplikation <\/span><span class=\" text-body-12 font-medium sm:text-captions-14\">Nur Zeit<\/span><\/li>\n<\/ul>\n<\/div>\n<div class=\"mt-32 sm:mt-80\">\n<h3 class=\" font-serif text-headline-18 sm:text-headline-28 flex items-center gap-10 border-b border-[#CCC5BC] pb-17 sm:gap-27\"><picture class=\"h-24 w-24 object-contain sm:h-36 sm:w-36 relative block\"><img decoding=\"async\" class=\"object-contain h-full w-full\" draggable=\"false\" src=\"https:\/\/www.astrua.com\/_next\/image?url=https%3A%2F%2Fmedia.astrua.com%2Fproduction%2F0132208_0.png&amp;w=3840&amp;q=90\" sizes=\"10vw\" srcset=\"\/_next\/image?url=https%3A%2F%2Fmedia.astrua.com%2Fproduction%2F0132208_0.png&amp;w=64&amp;q=90 64w, \/_next\/image?url=https%3A%2F%2Fmedia.astrua.com%2Fproduction%2F0132208_0.png&amp;w=96&amp;q=90 96w, \/_next\/image?url=https%3A%2F%2Fmedia.astrua.com%2Fproduction%2F0132208_0.png&amp;w=128&amp;q=90 128w, \/_next\/image?url=https%3A%2F%2Fmedia.astrua.com%2Fproduction%2F0132208_0.png&amp;w=256&amp;q=90 256w, \/_next\/image?url=https%3A%2F%2Fmedia.astrua.com%2Fproduction%2F0132208_0.png&amp;w=384&amp;q=90 384w, \/_next\/image?url=https%3A%2F%2Fmedia.astrua.com%2Fproduction%2F0132208_0.png&amp;w=640&amp;q=90 640w, \/_next\/image?url=https%3A%2F%2Fmedia.astrua.com%2Fproduction%2F0132208_0.png&amp;w=750&amp;q=90 750w, \/_next\/image?url=https%3A%2F%2Fmedia.astrua.com%2Fproduction%2F0132208_0.png&amp;w=828&amp;q=90 828w, \/_next\/image?url=https%3A%2F%2Fmedia.astrua.com%2Fproduction%2F0132208_0.png&amp;w=1080&amp;q=90 1080w, \/_next\/image?url=https%3A%2F%2Fmedia.astrua.com%2Fproduction%2F0132208_0.png&amp;w=1200&amp;q=90 1200w, \/_next\/image?url=https%3A%2F%2Fmedia.astrua.com%2Fproduction%2F0132208_0.png&amp;w=1920&amp;q=90 1920w, \/_next\/image?url=https%3A%2F%2Fmedia.astrua.com%2Fproduction%2F0132208_0.png&amp;w=2048&amp;q=90 2048w, \/_next\/image?url=https%3A%2F%2Fmedia.astrua.com%2Fproduction%2F0132208_0.png&amp;w=3840&amp;q=90 3840w\" alt=\"\" data-nimg=\"fill\"><\/picture>W\u00e4hlen Sie<\/h3>\n<ul class=\"mt-16 grid grid-cols-[repeat(2,1fr)] gap-x-10 gap-y-20 sm:mt-33 sm:grid-cols-[repeat(auto-fill,minmax(20%,_1fr))] sm:gap-y-30\">\n<li class=\"\"><span class=\" font-serif text-body-12 leading-[1] sm:text-captions-14 block\">W\u00e4hlen Sie <\/span><span class=\" text-body-12 font-medium sm:text-captions-14\">SCHOKOLADE<\/span><\/li>\n<\/ul>\n<\/div>\n<div class=\"mt-32 sm:mt-80\">\n<h3 class=\" font-serif text-headline-18 sm:text-headline-28 flex items-center gap-10 border-b border-[#CCC5BC] pb-17 sm:gap-27\"><picture class=\"h-24 w-24 object-contain sm:h-36 sm:w-36 relative block\"><img decoding=\"async\" class=\"object-contain h-full w-full\" draggable=\"false\" src=\"https:\/\/www.astrua.com\/_next\/image?url=https%3A%2F%2Fmedia.astrua.com%2Fproduction%2F0132174_0.png&amp;w=3840&amp;q=90\" sizes=\"10vw\" srcset=\"\/_next\/image?url=https%3A%2F%2Fmedia.astrua.com%2Fproduction%2F0132174_0.png&amp;w=64&amp;q=90 64w, \/_next\/image?url=https%3A%2F%2Fmedia.astrua.com%2Fproduction%2F0132174_0.png&amp;w=96&amp;q=90 96w, \/_next\/image?url=https%3A%2F%2Fmedia.astrua.com%2Fproduction%2F0132174_0.png&amp;w=128&amp;q=90 128w, \/_next\/image?url=https%3A%2F%2Fmedia.astrua.com%2Fproduction%2F0132174_0.png&amp;w=256&amp;q=90 256w, \/_next\/image?url=https%3A%2F%2Fmedia.astrua.com%2Fproduction%2F0132174_0.png&amp;w=384&amp;q=90 384w, \/_next\/image?url=https%3A%2F%2Fmedia.astrua.com%2Fproduction%2F0132174_0.png&amp;w=640&amp;q=90 640w, \/_next\/image?url=https%3A%2F%2Fmedia.astrua.com%2Fproduction%2F0132174_0.png&amp;w=750&amp;q=90 750w, \/_next\/image?url=https%3A%2F%2Fmedia.astrua.com%2Fproduction%2F0132174_0.png&amp;w=828&amp;q=90 828w, \/_next\/image?url=https%3A%2F%2Fmedia.astrua.com%2Fproduction%2F0132174_0.png&amp;w=1080&amp;q=90 1080w, \/_next\/image?url=https%3A%2F%2Fmedia.astrua.com%2Fproduction%2F0132174_0.png&amp;w=1200&amp;q=90 1200w, \/_next\/image?url=https%3A%2F%2Fmedia.astrua.com%2Fproduction%2F0132174_0.png&amp;w=1920&amp;q=90 1920w, \/_next\/image?url=https%3A%2F%2Fmedia.astrua.com%2Fproduction%2F0132174_0.png&amp;w=2048&amp;q=90 2048w, \/_next\/image?url=https%3A%2F%2Fmedia.astrua.com%2Fproduction%2F0132174_0.png&amp;w=3840&amp;q=90 3840w\" alt=\"\" data-nimg=\"fill\"><\/picture>Armb\u00e4nder<\/h3>\n<ul class=\"mt-16 grid grid-cols-[repeat(2,1fr)] gap-x-10 gap-y-20 sm:mt-33 sm:grid-cols-[repeat(auto-fill,minmax(20%,_1fr))] sm:gap-y-30\">\n<li class=\"\"><span class=\" font-serif text-body-12 leading-[1] sm:text-captions-14 block\">Riemen <\/span><span class=\" text-body-12 font-medium sm:text-captions-14\">Kalbsleder<\/span><\/li>\n<\/ul>\n<\/div>\n","protected":false},"excerpt":{"rendered":"<p>Panerai Radiomir Achttageuhr Ref. PAM01347 Gestalten Sie Gestalten Sie Gr\u00f6\u00dfe 45 MM Material Geh\u00e4useund Stahl\u2122 Glas Typ Saphir Wasserdichtigkeit 100 M Bewegung Uhrwerk Handaufzug Kaliber P.5000 Funktionen Komplikation Nur Zeit W\u00e4hlen Sie W\u00e4hlen Sie SCHOKOLADE Armb\u00e4nder Riemen Kalbsleder<\/p>\n","protected":false},"featured_media":116333,"template":"","meta":{"_crdt_document":"","advanced_seo_description":"","jetpack_seo_html_title":"","jetpack_seo_noindex":false,"jetpack_post_was_ever_published":false},"product_brand":[2184],"product_cat":[2287],"product_tag":[2319],"berocket_brand":[],"woo-feed-brand":[],"class_list":{"0":"post-116337","1":"product","2":"type-product","3":"status-publish","4":"has-post-thumbnail","6":"product_brand-panerai","7":"product_cat-panerai-de","8":"product_tag-radiomir-de","10":"first","11":"instock","12":"sale","13":"taxable","14":"shipping-taxable","15":"purchasable","16":"product-type-simple"},"bundled_by":[],"bundle_stock_status":"instock","bundle_stock_quantity":1,"bundle_virtual":false,"bundle_layout":"","bundle_add_to_cart_form_location":"","bundle_editable_in_cart":false,"bundle_sold_individually_context":"","bundle_item_grouping":"","bundle_min_size":"","bundle_max_size":"","bundle_price":[],"bundled_items":[],"bundle_sell_ids":[],"group_of_quantity":0,"min_quantity":0,"max_quantity":"","exclude_order_quantity_value_rules":"no","exclude_category_quantity_rules":"no","combine_variations":"no","exclude_global_add_ons":[],"addons":[],"jetpack_sharing_enabled":true,"jetpack_likes_enabled":true,"_links":{"self":[{"href":"https:\/\/watchdeluxe.it\/de\/wp-json\/wp\/v2\/product\/116337","targetHints":{"allow":["GET"]}}],"collection":[{"href":"https:\/\/watchdeluxe.it\/de\/wp-json\/wp\/v2\/product"}],"about":[{"href":"https:\/\/watchdeluxe.it\/de\/wp-json\/wp\/v2\/types\/product"}],"wp:featuredmedia":[{"embeddable":true,"href":"https:\/\/watchdeluxe.it\/de\/wp-json\/wp\/v2\/media\/116333"}],"wp:attachment":[{"href":"https:\/\/watchdeluxe.it\/de\/wp-json\/wp\/v2\/media?parent=116337"}],"wp:term":[{"taxonomy":"product_brand","embeddable":true,"href":"https:\/\/watchdeluxe.it\/de\/wp-json\/wp\/v2\/product_brand?post=116337"},{"taxonomy":"product_cat","embeddable":true,"href":"https:\/\/watchdeluxe.it\/de\/wp-json\/wp\/v2\/product_cat?post=116337"},{"taxonomy":"product_tag","embeddable":true,"href":"https:\/\/watchdeluxe.it\/de\/wp-json\/wp\/v2\/product_tag?post=116337"},{"taxonomy":"berocket_brand","embeddable":true,"href":"https:\/\/watchdeluxe.it\/de\/wp-json\/wp\/v2\/berocket_brand?post=116337"},{"taxonomy":"woo-feed-brand","embeddable":true,"href":"https:\/\/watchdeluxe.it\/de\/wp-json\/wp\/v2\/woo-feed-brand?post=116337"}],"curies":[{"name":"wp","href":"https:\/\/api.w.org\/{rel}","templated":true}]}}