{"id":116294,"date":"2025-07-14T16:21:13","date_gmt":"2025-07-14T14:21:13","guid":{"rendered":"https:\/\/watchdeluxe.it\/prodotto\/longines-conquest-gruen-ref-l38304029\/"},"modified":"2025-07-14T16:21:13","modified_gmt":"2025-07-14T14:21:13","slug":"longines-conquest-gruen-ref-l38304029","status":"publish","type":"product","link":"https:\/\/watchdeluxe.it\/de\/prodotto\/longines-conquest-gruen-ref-l38304029\/","title":{"rendered":"Longines Conquest gr\u00fcn ref. L38304029"},"content":{"rendered":"<p>Longines Conquest gr\u00fcn ref. L38304029<\/p>\n<p>Antrieb\/Uhrwerk: <strong>Mechanisch<\/strong><br \/>\nAufzugsart: <strong>Automatisch<\/strong><br \/>\nAnzeige: <strong>Analog<\/strong><br \/>\nFunktionen: <strong>Nur Zeit<\/strong><br \/>\nWasserdicht: <strong>10 ATM wasserdicht<\/strong><br \/>\nGeh\u00e4usematerial: <strong>Stahl<\/strong><br \/>\nGeh\u00e4usefarbe: <strong>Stahl<\/strong><br \/>\nZifferblattfarbe:         <strong>Gr\u00fcn<\/strong><br \/>\nArmbandmaterial: <strong>Kautschuk<\/strong><br \/>\nArmbandfarbe: <strong>Gr\u00fcn<\/strong><br \/>\nGeh\u00e4usedurchmesser (mm): <strong>41<\/strong><br \/>\nGeh\u00e4usedicke: <strong>11<\/strong><br \/>\nUhrenglas: <strong>Saphir<\/strong><br \/>\nUhrenboden: <strong>Transparent<\/strong><br \/>\nGewicht (g):        <strong>113<\/strong><\/p>\n","protected":false},"excerpt":{"rendered":"<p>Longines Conquest gr\u00fcn ref. L38304029 Antrieb\/Uhrwerk: Mechanisch Aufzugsart: Automatisch Anzeige: Analog Funktionen: Nur Zeit Wasserdicht: 10 ATM wasserdicht Geh\u00e4usematerial: Stahl Geh\u00e4usefarbe: Stahl Zifferblattfarbe: Gr\u00fcn Armbandmaterial: Kautschuk Armbandfarbe: Gr\u00fcn Geh\u00e4usedurchmesser (mm): 41 Geh\u00e4usedicke: 11 Uhrenglas: Saphir Uhrenboden: Transparent Gewicht (g): 113<\/p>\n","protected":false},"featured_media":116288,"template":"","meta":{"_crdt_document":"","advanced_seo_description":"","jetpack_seo_html_title":"","jetpack_seo_noindex":false,"jetpack_post_was_ever_published":false},"product_brand":[2151],"product_cat":[1923],"product_tag":[4060],"berocket_brand":[],"woo-feed-brand":[],"class_list":{"0":"post-116294","1":"product","2":"type-product","3":"status-publish","4":"has-post-thumbnail","6":"product_brand-longines","7":"product_cat-longines","8":"product_tag-conquest-2","10":"first","11":"instock","12":"sale","13":"taxable","14":"shipping-taxable","15":"purchasable","16":"product-type-simple"},"bundled_by":[],"bundle_stock_status":"instock","bundle_stock_quantity":1,"bundle_virtual":false,"bundle_layout":"","bundle_add_to_cart_form_location":"","bundle_editable_in_cart":false,"bundle_sold_individually_context":"","bundle_item_grouping":"","bundle_min_size":"","bundle_max_size":"","bundle_price":[],"bundled_items":[],"bundle_sell_ids":[],"group_of_quantity":0,"min_quantity":0,"max_quantity":"","exclude_order_quantity_value_rules":"no","exclude_category_quantity_rules":"no","combine_variations":"no","exclude_global_add_ons":[],"addons":[],"jetpack_sharing_enabled":true,"jetpack_likes_enabled":true,"_links":{"self":[{"href":"https:\/\/watchdeluxe.it\/de\/wp-json\/wp\/v2\/product\/116294","targetHints":{"allow":["GET"]}}],"collection":[{"href":"https:\/\/watchdeluxe.it\/de\/wp-json\/wp\/v2\/product"}],"about":[{"href":"https:\/\/watchdeluxe.it\/de\/wp-json\/wp\/v2\/types\/product"}],"wp:featuredmedia":[{"embeddable":true,"href":"https:\/\/watchdeluxe.it\/de\/wp-json\/wp\/v2\/media\/116288"}],"wp:attachment":[{"href":"https:\/\/watchdeluxe.it\/de\/wp-json\/wp\/v2\/media?parent=116294"}],"wp:term":[{"taxonomy":"product_brand","embeddable":true,"href":"https:\/\/watchdeluxe.it\/de\/wp-json\/wp\/v2\/product_brand?post=116294"},{"taxonomy":"product_cat","embeddable":true,"href":"https:\/\/watchdeluxe.it\/de\/wp-json\/wp\/v2\/product_cat?post=116294"},{"taxonomy":"product_tag","embeddable":true,"href":"https:\/\/watchdeluxe.it\/de\/wp-json\/wp\/v2\/product_tag?post=116294"},{"taxonomy":"berocket_brand","embeddable":true,"href":"https:\/\/watchdeluxe.it\/de\/wp-json\/wp\/v2\/berocket_brand?post=116294"},{"taxonomy":"woo-feed-brand","embeddable":true,"href":"https:\/\/watchdeluxe.it\/de\/wp-json\/wp\/v2\/woo-feed-brand?post=116294"}],"curies":[{"name":"wp","href":"https:\/\/api.w.org\/{rel}","templated":true}]}}