{"id":116169,"date":"2025-07-14T15:22:26","date_gmt":"2025-07-14T13:22:26","guid":{"rendered":"https:\/\/watchdeluxe.it\/prodotto\/mido-multifort-tv-grosses-datum-ref-m0495263704100\/"},"modified":"2025-07-14T15:22:26","modified_gmt":"2025-07-14T13:22:26","slug":"mido-multifort-tv-grosses-datum-ref-m0495263704100","status":"publish","type":"product","link":"https:\/\/watchdeluxe.it\/de\/prodotto\/mido-multifort-tv-grosses-datum-ref-m0495263704100\/","title":{"rendered":"Mido Multifort Tv Gro\u00dfes Datum ref. M0495263704100"},"content":{"rendered":"<p>Mido Multifort Tv Gro\u00dfes Datum ref. M0495263704100<\/p>\n<p>Geh\u00e4use: Edelstahl, 40 mm Durchmesser, 11,5 mm dick<\/p>\n<p>Zifferblatt: Blau mit \u00dcbergang zu Schwarz, applizierte Stundenmarkierungen mit Leuchtmasse<\/p>\n<p>Datum: Gro\u00dfes Datum bei 12 Uhr<\/p>\n<p>Glas: Saphirglas mit innerer und \u00e4u\u00dferer Antireflexionsbehandlung<\/p>\n<p>R\u00fcckseite: Transparent mit sichtbarer Bewegung<\/p>\n<p>Krone: Schraube<\/p>\n<p>Uhrwerk: Mido-Automatikwerk auf ETA-Basis, Gangreserve bis zu 80 Stunden<\/p>\n<p>Riemen: Stoff und Leder innen blau mit 22 mm Befestigung<\/p>\n<p>Wasserdichtigkeit: 10 ATM (100 Meter)<\/p>\n","protected":false},"excerpt":{"rendered":"<p>Mido Multifort Tv Gro\u00dfes Datum ref. M0495263704100 Geh\u00e4use: Edelstahl, 40 mm Durchmesser, 11,5 mm dick Zifferblatt: Blau mit \u00dcbergang zu Schwarz, applizierte Stundenmarkierungen mit Leuchtmasse Datum: Gro\u00dfes Datum bei 12 Uhr Glas: Saphirglas mit innerer und \u00e4u\u00dferer Antireflexionsbehandlung R\u00fcckseite: Transparent mit sichtbarer Bewegung Krone: Schraube Uhrwerk: Mido-Automatikwerk auf ETA-Basis, Gangreserve bis zu 80 Stunden Riemen: [&hellip;]<\/p>\n","protected":false},"featured_media":116166,"template":"","meta":{"_crdt_document":"","advanced_seo_description":"","jetpack_seo_html_title":"","jetpack_seo_noindex":false},"product_brand":[2153],"product_cat":[2938],"product_tag":[2939],"berocket_brand":[],"woo-feed-brand":[],"class_list":{"0":"post-116169","1":"product","2":"type-product","3":"status-publish","4":"has-post-thumbnail","6":"product_brand-mido","7":"product_cat-mido-de","8":"product_tag-multifort-de","10":"first","11":"instock","12":"sale","13":"taxable","14":"shipping-taxable","15":"purchasable","16":"product-type-simple"},"bundled_by":[],"bundle_stock_status":"instock","bundle_stock_quantity":1,"bundle_virtual":false,"bundle_layout":"","bundle_add_to_cart_form_location":"","bundle_editable_in_cart":false,"bundle_sold_individually_context":"","bundle_item_grouping":"","bundle_min_size":"","bundle_max_size":"","bundle_price":[],"bundled_items":[],"bundle_sell_ids":[],"group_of_quantity":0,"min_quantity":0,"max_quantity":"","exclude_order_quantity_value_rules":"no","exclude_category_quantity_rules":"no","combine_variations":"no","jetpack_sharing_enabled":true,"jetpack_likes_enabled":true,"_links":{"self":[{"href":"https:\/\/watchdeluxe.it\/de\/wp-json\/wp\/v2\/product\/116169","targetHints":{"allow":["GET"]}}],"collection":[{"href":"https:\/\/watchdeluxe.it\/de\/wp-json\/wp\/v2\/product"}],"about":[{"href":"https:\/\/watchdeluxe.it\/de\/wp-json\/wp\/v2\/types\/product"}],"wp:featuredmedia":[{"embeddable":true,"href":"https:\/\/watchdeluxe.it\/de\/wp-json\/wp\/v2\/media\/116166"}],"wp:attachment":[{"href":"https:\/\/watchdeluxe.it\/de\/wp-json\/wp\/v2\/media?parent=116169"}],"wp:term":[{"taxonomy":"product_brand","embeddable":true,"href":"https:\/\/watchdeluxe.it\/de\/wp-json\/wp\/v2\/product_brand?post=116169"},{"taxonomy":"product_cat","embeddable":true,"href":"https:\/\/watchdeluxe.it\/de\/wp-json\/wp\/v2\/product_cat?post=116169"},{"taxonomy":"product_tag","embeddable":true,"href":"https:\/\/watchdeluxe.it\/de\/wp-json\/wp\/v2\/product_tag?post=116169"},{"taxonomy":"berocket_brand","embeddable":true,"href":"https:\/\/watchdeluxe.it\/de\/wp-json\/wp\/v2\/berocket_brand?post=116169"},{"taxonomy":"woo-feed-brand","embeddable":true,"href":"https:\/\/watchdeluxe.it\/de\/wp-json\/wp\/v2\/woo-feed-brand?post=116169"}],"curies":[{"name":"wp","href":"https:\/\/api.w.org\/{rel}","templated":true}]}}