{"id":116114,"date":"2025-07-14T10:32:58","date_gmt":"2025-07-14T08:32:58","guid":{"rendered":"https:\/\/watchdeluxe.it\/prodotto\/breitling-top-time-b-31-ref-ab3113281a1\/"},"modified":"2025-07-14T10:32:58","modified_gmt":"2025-07-14T08:32:58","slug":"breitling-top-time-b-31-ref-ab3113281a1","status":"publish","type":"product","link":"https:\/\/watchdeluxe.it\/de\/prodotto\/breitling-top-time-b-31-ref-ab3113281a1\/","title":{"rendered":"Breitling Top Time B 31 Ref. AB3113281A1"},"content":{"rendered":"<p>Breitling Top Time B 31 Ref. AB3113281A1<\/p>\n<div class=\"sc-59f902fd-0 kSDZnm sc-95eb054c-2 PbFWw\" data-test-id=\"Section\">\n<p class=\"sc-59f902fd-0 kSDZnm sc-99f1fd2f-0 NUQxh sc-95eb054c-4 kbgdmi\" data-test-id=\"SectionTitle\">\n<div class=\"sc-59f902fd-0 kSDZnm sc-32f8a63d-0 iKoONW sc-95eb054c-5 exblBU\" data-test-id=\"NameValueWrapper-0\">\n<p class=\"sc-59f902fd-0 kSDZnm sc-99f1fd2f-0 NUQxh sc-95eb054c-6 hXAmFS\" data-test-id=\"Name-0\">Kaliber<\/p>\n<div class=\"sc-59f902fd-0 kSDZnm sc-95eb054c-8 YqKlL\" data-test-id=\"ValueBox-0\">\n<p class=\"sc-59f902fd-0 kSDZnm sc-99f1fd2f-0 NUQxh sc-95eb054c-7 dMTDAX\" data-test-id=\"Value-0\">Breitling B31 (Manufaktur)<\/p>\n<\/div>\n<\/div>\n<div class=\"sc-59f902fd-0 kSDZnm sc-32f8a63d-0 iKoONW sc-95eb054c-5 exblBU\" data-test-id=\"NameValueWrapper-1\">\n<p class=\"sc-59f902fd-0 kSDZnm sc-99f1fd2f-0 NUQxh sc-95eb054c-6 hXAmFS\" data-test-id=\"Name-1\">Bewegung<\/p>\n<div class=\"sc-59f902fd-0 kSDZnm sc-95eb054c-8 YqKlL\" data-test-id=\"ValueBox-1\">\n<p class=\"sc-59f902fd-0 kSDZnm sc-99f1fd2f-0 NUQxh sc-95eb054c-7 dMTDAX\" data-test-id=\"Value-1\">Mechanischer, automatischer Aufzug<\/p>\n<\/div>\n<\/div>\n<div class=\"sc-59f902fd-0 kSDZnm sc-32f8a63d-0 iKoONW sc-95eb054c-5 exblBU\" data-test-id=\"NameValueWrapper-2\">\n<p class=\"sc-59f902fd-0 kSDZnm sc-99f1fd2f-0 NUQxh sc-95eb054c-6 hXAmFS\" data-test-id=\"Name-2\">Gangreserve Ca. 78 Stunden<\/p>\n<\/div>\n<div class=\"sc-59f902fd-0 kSDZnm sc-32f8a63d-0 iKoONW sc-95eb054c-5 exblBU\" data-test-id=\"NameValueWrapper-3\">\n<p class=\"sc-59f902fd-0 kSDZnm sc-99f1fd2f-0 NUQxh sc-95eb054c-6 hXAmFS\" data-test-id=\"Name-3\">Vibration 28 800 a\/h<\/p>\n<\/div>\n<div class=\"sc-59f902fd-0 kSDZnm sc-32f8a63d-0 iKoONW sc-95eb054c-5 exblBU\" data-test-id=\"NameValueWrapper-4\">\n<p class=\"sc-59f902fd-0 kSDZnm sc-99f1fd2f-0 NUQxh sc-95eb054c-6 hXAmFS\" data-test-id=\"Name-4\">Kalender Ein Fenster im Zifferblatt<\/p>\n<\/div>\n<\/div>\n<div class=\"sc-59f902fd-0 kSDZnm sc-95eb054c-2 PbFWw\" data-test-id=\"Section\">\n<p class=\"sc-59f902fd-0 kSDZnm sc-99f1fd2f-0 NUQxh sc-95eb054c-4 kbgdmi\" data-test-id=\"SectionTitle\">Fall<\/p>\n<div class=\"sc-59f902fd-0 kSDZnm sc-32f8a63d-0 iKoONW sc-95eb054c-5 exblBU\" data-test-id=\"NameValueWrapper-0\">\n<p class=\"sc-59f902fd-0 kSDZnm sc-99f1fd2f-0 NUQxh sc-95eb054c-6 hXAmFS\" data-test-id=\"Name-0\">Geh\u00e4usematerial Edelstahl<\/p>\n<\/div>\n<div class=\"sc-59f902fd-0 kSDZnm sc-32f8a63d-0 iKoONW sc-95eb054c-5 exblBU\" data-test-id=\"NameValueWrapper-1\">\n<p class=\"sc-59f902fd-0 kSDZnm sc-99f1fd2f-0 NUQxh sc-95eb054c-6 hXAmFS\" data-test-id=\"Name-1\">Verschraubte R\u00fcckseite (Saphirglas)<\/p>\n<\/div>\n<div class=\"sc-59f902fd-0 kSDZnm sc-32f8a63d-0 iKoONW sc-95eb054c-5 exblBU\" data-test-id=\"NameValueWrapper-2\">\n<p class=\"sc-59f902fd-0 kSDZnm sc-99f1fd2f-0 NUQxh sc-95eb054c-6 hXAmFS\" data-test-id=\"Name-2\">Wasserdichtigkeit 10 bar<\/p>\n<\/div>\n<\/div>\n<div class=\"sc-59f902fd-0 kSDZnm sc-95eb054c-2 PbFWw\" data-test-id=\"Section\">\n<div class=\"sc-59f902fd-0 kSDZnm sc-32f8a63d-0 iKoONW sc-95eb054c-5 exblBU\" data-test-id=\"NameValueWrapper-3\">\n<p class=\"sc-59f902fd-0 kSDZnm sc-99f1fd2f-0 NUQxh sc-95eb054c-6 hXAmFS\" data-test-id=\"Name-3\">Feste L\u00fcnette<\/p>\n<\/div>\n<div class=\"sc-59f902fd-0 kSDZnm sc-32f8a63d-0 iKoONW sc-95eb054c-5 exblBU\" data-test-id=\"NameValueWrapper-4\">\n<p class=\"sc-59f902fd-0 kSDZnm sc-99f1fd2f-0 NUQxh sc-95eb054c-6 hXAmFS\" data-test-id=\"Name-4\">Nicht verschraubte Krone, zwei Gelenke<\/p>\n<\/div>\n<div class=\"sc-59f902fd-0 kSDZnm sc-32f8a63d-0 iKoONW sc-95eb054c-5 exblBU\" data-test-id=\"NameValueWrapper-5\">\n<p class=\"sc-59f902fd-0 kSDZnm sc-99f1fd2f-0 NUQxh sc-95eb054c-6 hXAmFS\" data-test-id=\"Name-5\">Konvexes Saphirglas, beidseitig entspiegelt<\/p>\n<\/div>\n<\/div>\n<div class=\"sc-59f902fd-0 kSDZnm sc-95eb054c-2 PbFWw\" data-test-id=\"Section\">\n<p class=\"sc-59f902fd-0 kSDZnm sc-99f1fd2f-0 NUQxh sc-95eb054c-4 kbgdmi\" data-test-id=\"SectionTitle\">Abmessungen<\/p>\n<div class=\"sc-59f902fd-0 kSDZnm sc-32f8a63d-0 iKoONW sc-95eb054c-5 exblBU\" data-test-id=\"NameValueWrapper-0\">\n<p class=\"sc-59f902fd-0 kSDZnm sc-99f1fd2f-0 NUQxh sc-95eb054c-6 hXAmFS\" data-test-id=\"Name-0\">Produktgewicht (ca.) 123,8 g<\/p>\n<\/div>\n<div class=\"sc-59f902fd-0 kSDZnm sc-32f8a63d-0 iKoONW sc-95eb054c-5 exblBU\" data-test-id=\"NameValueWrapper-1\">\n<p class=\"sc-59f902fd-0 kSDZnm sc-99f1fd2f-0 NUQxh sc-95eb054c-6 hXAmFS\" data-test-id=\"Name-1\">Gewicht des Uhrenkopfes (ca.) 54 g<\/p>\n<\/div>\n<div class=\"sc-59f902fd-0 kSDZnm sc-32f8a63d-0 iKoONW sc-95eb054c-5 exblBU\" data-test-id=\"NameValueWrapper-2\">\n<p class=\"sc-59f902fd-0 kSDZnm sc-99f1fd2f-0 NUQxh sc-95eb054c-6 hXAmFS\" data-test-id=\"Name-2\">38 mm Durchmesser<\/p>\n<\/div>\n<div class=\"sc-59f902fd-0 kSDZnm sc-32f8a63d-0 iKoONW sc-95eb054c-5 exblBU\" data-test-id=\"NameValueWrapper-3\">\n<p class=\"sc-59f902fd-0 kSDZnm sc-99f1fd2f-0 NUQxh sc-95eb054c-6 hXAmFS\" data-test-id=\"Name-3\">Breite der Nasen (zwischen den Nasen) 20,05 mm<\/p>\n<\/div>\n<\/div>\n<div class=\"sc-59f902fd-0 kSDZnm sc-95eb054c-2 PbFWw\" data-test-id=\"Section\">\n<p class=\"sc-59f902fd-0 kSDZnm sc-99f1fd2f-0 NUQxh sc-95eb054c-4 kbgdmi\" data-test-id=\"SectionTitle\">Riemen<\/p>\n<div class=\"sc-59f902fd-0 kSDZnm sc-32f8a63d-0 iKoONW sc-95eb054c-5 exblBU\" data-test-id=\"NameValueWrapper-0\">\n<p class=\"sc-59f902fd-0 kSDZnm sc-99f1fd2f-0 NUQxh sc-95eb054c-6 hXAmFS\" data-test-id=\"Name-0\">Material des Armbands Edelstahl<\/p>\n<\/div>\n<div class=\"sc-59f902fd-0 kSDZnm sc-32f8a63d-0 iKoONW sc-95eb054c-5 exblBU\" data-test-id=\"NameValueWrapper-1\">\n<p class=\"sc-59f902fd-0 kSDZnm sc-99f1fd2f-0 NUQxh sc-95eb054c-6 hXAmFS\" data-test-id=\"Name-1\">Farbe des Armbands Metallarmband<\/p>\n<\/div>\n<div class=\"sc-59f902fd-0 kSDZnm sc-32f8a63d-0 iKoONW sc-95eb054c-5 exblBU\" data-test-id=\"NameValueWrapper-2\">\n<p class=\"sc-59f902fd-0 kSDZnm sc-99f1fd2f-0 NUQxh sc-95eb054c-6 hXAmFS\" data-test-id=\"Name-2\">Gurttyp Gerade<\/p>\n<\/div>\n<div class=\"sc-59f902fd-0 kSDZnm sc-32f8a63d-0 iKoONW sc-95eb054c-5 exblBU\" data-test-id=\"NameValueWrapper-3\">\n<p class=\"sc-59f902fd-0 kSDZnm sc-99f1fd2f-0 NUQxh sc-95eb054c-6 hXAmFS\" data-test-id=\"Name-3\">20 mm Schleife<\/p>\n<\/div>\n<\/div>\n","protected":false},"excerpt":{"rendered":"<p>Breitling Top Time B 31 Ref. AB3113281A1 Kaliber Breitling B31 (Manufaktur) Bewegung Mechanischer, automatischer Aufzug Gangreserve Ca. 78 Stunden Vibration 28 800 a\/h Kalender Ein Fenster im Zifferblatt Fall Geh\u00e4usematerial Edelstahl Verschraubte R\u00fcckseite (Saphirglas) Wasserdichtigkeit 10 bar Feste L\u00fcnette Nicht verschraubte Krone, zwei Gelenke Konvexes Saphirglas, beidseitig entspiegelt Abmessungen Produktgewicht (ca.) 123,8 g Gewicht des [&hellip;]<\/p>\n","protected":false},"featured_media":116109,"template":"","meta":{"_crdt_document":"","advanced_seo_description":"","jetpack_seo_html_title":"","jetpack_seo_noindex":false},"product_brand":[],"product_cat":[2656],"product_tag":[3706],"berocket_brand":[],"woo-feed-brand":[],"class_list":{"0":"post-116114","1":"product","2":"type-product","3":"status-publish","4":"has-post-thumbnail","6":"product_cat-breitling-de","7":"product_tag-top0-zeit","9":"first","10":"instock","11":"sale","12":"taxable","13":"shipping-taxable","14":"purchasable","15":"product-type-simple"},"bundled_by":[],"bundle_stock_status":"instock","bundle_stock_quantity":1,"bundle_virtual":false,"bundle_layout":"","bundle_add_to_cart_form_location":"","bundle_editable_in_cart":false,"bundle_sold_individually_context":"","bundle_item_grouping":"","bundle_min_size":"","bundle_max_size":"","bundle_price":[],"bundled_items":[],"bundle_sell_ids":[],"group_of_quantity":0,"min_quantity":0,"max_quantity":"","exclude_order_quantity_value_rules":"no","exclude_category_quantity_rules":"no","combine_variations":"no","jetpack_sharing_enabled":true,"jetpack_likes_enabled":true,"_links":{"self":[{"href":"https:\/\/watchdeluxe.it\/de\/wp-json\/wp\/v2\/product\/116114","targetHints":{"allow":["GET"]}}],"collection":[{"href":"https:\/\/watchdeluxe.it\/de\/wp-json\/wp\/v2\/product"}],"about":[{"href":"https:\/\/watchdeluxe.it\/de\/wp-json\/wp\/v2\/types\/product"}],"wp:featuredmedia":[{"embeddable":true,"href":"https:\/\/watchdeluxe.it\/de\/wp-json\/wp\/v2\/media\/116109"}],"wp:attachment":[{"href":"https:\/\/watchdeluxe.it\/de\/wp-json\/wp\/v2\/media?parent=116114"}],"wp:term":[{"taxonomy":"product_brand","embeddable":true,"href":"https:\/\/watchdeluxe.it\/de\/wp-json\/wp\/v2\/product_brand?post=116114"},{"taxonomy":"product_cat","embeddable":true,"href":"https:\/\/watchdeluxe.it\/de\/wp-json\/wp\/v2\/product_cat?post=116114"},{"taxonomy":"product_tag","embeddable":true,"href":"https:\/\/watchdeluxe.it\/de\/wp-json\/wp\/v2\/product_tag?post=116114"},{"taxonomy":"berocket_brand","embeddable":true,"href":"https:\/\/watchdeluxe.it\/de\/wp-json\/wp\/v2\/berocket_brand?post=116114"},{"taxonomy":"woo-feed-brand","embeddable":true,"href":"https:\/\/watchdeluxe.it\/de\/wp-json\/wp\/v2\/woo-feed-brand?post=116114"}],"curies":[{"name":"wp","href":"https:\/\/api.w.org\/{rel}","templated":true}]}}