{"id":116100,"date":"2025-07-14T10:28:15","date_gmt":"2025-07-14T08:28:15","guid":{"rendered":"https:\/\/watchdeluxe.it\/prodotto\/baume-mercier-clifton-ref-m0a10793\/"},"modified":"2026-04-13T11:54:51","modified_gmt":"2026-04-13T09:54:51","slug":"baume-mercier-clifton-ref-m0a10793","status":"publish","type":"product","link":"https:\/\/watchdeluxe.it\/de\/prodotto\/baume-mercier-clifton-ref-m0a10793\/","title":{"rendered":"Baume &amp; Mercier Clifton Ref. M0A10793"},"content":{"rendered":"<p>Baume &amp; Mercier Clifton Ref. M0A10793<\/p>\n<p>Form Rund<br \/>\nGr\u00f6\u00dfe 39 mm<br \/>\nGeh\u00e4usematerial Edelstahl<br \/>\nGlasart Saphirglas<br \/>\nWasserdichtigkeit 50 m<\/p>\n<p>Bewegung<\/p>\n<p>Automatische Bewegung<\/p>\n<p>Funktionen<\/p>\n<p>Komplikation Nur Zeit<br \/>\nDatumsanzeige Datum<\/p>\n<p>W\u00e4hlen Sie<\/p>\n<p>Zifferblatt Silber<\/p>\n<p>Armb\u00e4nder<\/p>\n<p>Armband Edelstahl<\/p>\n","protected":false},"excerpt":{"rendered":"<p>Baume &amp; Mercier Clifton Ref. M0A10793 Form Rund Gr\u00f6\u00dfe 39 mm Geh\u00e4usematerial Edelstahl Glasart Saphirglas Wasserdichtigkeit 50 m Bewegung Automatische Bewegung Funktionen Komplikation Nur Zeit Datumsanzeige Datum W\u00e4hlen Sie Zifferblatt Silber Armb\u00e4nder Armband Edelstahl<\/p>\n","protected":false},"featured_media":168521,"template":"","meta":{"_crdt_document":"","advanced_seo_description":"","jetpack_seo_html_title":"","jetpack_seo_noindex":false},"product_brand":[],"product_cat":[2610],"product_tag":[2624],"berocket_brand":[],"woo-feed-brand":[],"class_list":{"0":"post-116100","1":"product","2":"type-product","3":"status-publish","4":"has-post-thumbnail","6":"product_cat-baume-mercier-de","7":"product_tag-clifton-de","9":"first","10":"instock","11":"sale","12":"taxable","13":"shipping-taxable","14":"purchasable","15":"product-type-simple"},"bundled_by":[],"bundle_stock_status":"instock","bundle_stock_quantity":1,"bundle_virtual":false,"bundle_layout":"","bundle_add_to_cart_form_location":"","bundle_editable_in_cart":false,"bundle_sold_individually_context":"","bundle_item_grouping":"","bundle_min_size":"","bundle_max_size":"","bundle_price":[],"bundled_items":[],"bundle_sell_ids":[],"group_of_quantity":0,"min_quantity":0,"max_quantity":"","exclude_order_quantity_value_rules":"no","exclude_category_quantity_rules":"no","combine_variations":"no","jetpack_sharing_enabled":true,"jetpack_likes_enabled":true,"_links":{"self":[{"href":"https:\/\/watchdeluxe.it\/de\/wp-json\/wp\/v2\/product\/116100","targetHints":{"allow":["GET"]}}],"collection":[{"href":"https:\/\/watchdeluxe.it\/de\/wp-json\/wp\/v2\/product"}],"about":[{"href":"https:\/\/watchdeluxe.it\/de\/wp-json\/wp\/v2\/types\/product"}],"wp:featuredmedia":[{"embeddable":true,"href":"https:\/\/watchdeluxe.it\/de\/wp-json\/wp\/v2\/media\/168521"}],"wp:attachment":[{"href":"https:\/\/watchdeluxe.it\/de\/wp-json\/wp\/v2\/media?parent=116100"}],"wp:term":[{"taxonomy":"product_brand","embeddable":true,"href":"https:\/\/watchdeluxe.it\/de\/wp-json\/wp\/v2\/product_brand?post=116100"},{"taxonomy":"product_cat","embeddable":true,"href":"https:\/\/watchdeluxe.it\/de\/wp-json\/wp\/v2\/product_cat?post=116100"},{"taxonomy":"product_tag","embeddable":true,"href":"https:\/\/watchdeluxe.it\/de\/wp-json\/wp\/v2\/product_tag?post=116100"},{"taxonomy":"berocket_brand","embeddable":true,"href":"https:\/\/watchdeluxe.it\/de\/wp-json\/wp\/v2\/berocket_brand?post=116100"},{"taxonomy":"woo-feed-brand","embeddable":true,"href":"https:\/\/watchdeluxe.it\/de\/wp-json\/wp\/v2\/woo-feed-brand?post=116100"}],"curies":[{"name":"wp","href":"https:\/\/api.w.org\/{rel}","templated":true}]}}