{"id":115922,"date":"2025-07-11T15:17:34","date_gmt":"2025-07-11T13:17:34","guid":{"rendered":"https:\/\/watchdeluxe.it\/prodotto\/breitling-top-time-gino-bartali-ref-ab01767a1c1a1\/"},"modified":"2025-07-11T15:17:34","modified_gmt":"2025-07-11T13:17:34","slug":"breitling-top-time-gino-bartali-ref-ab01767a1c1a1","status":"publish","type":"product","link":"https:\/\/watchdeluxe.it\/de\/prodotto\/breitling-top-time-gino-bartali-ref-ab01767a1c1a1\/","title":{"rendered":"Breitling Top time Gino Bartali ref. AB01767A1C1A1"},"content":{"rendered":"<p>Breitling Top time Gino Bartali ref. AB01767A1C1A1<\/p>\n<div class=\"sc-59f902fd-0 kSDZnm sc-95eb054c-2 PbFWw\" data-test-id=\"Section\">\n<p class=\"sc-59f902fd-0 kSDZnm sc-99f1fd2f-0 NUQxh sc-95eb054c-4 kbgdmi\" data-test-id=\"SectionTitle\">\n<div class=\"sc-59f902fd-0 kSDZnm sc-32f8a63d-0 iKoONW sc-95eb054c-5 exblBU\" data-test-id=\"NameValueWrapper-0\">\n<p class=\"sc-59f902fd-0 kSDZnm sc-99f1fd2f-0 NUQxh sc-95eb054c-6 hXAmFS\" data-test-id=\"Name-0\">Breitling Kaliber 01 (Manufaktur)<\/p>\n<\/div>\n<div class=\"sc-59f902fd-0 kSDZnm sc-32f8a63d-0 iKoONW sc-95eb054c-5 exblBU\" data-test-id=\"NameValueWrapper-1\">\n<p class=\"sc-59f902fd-0 kSDZnm sc-99f1fd2f-0 NUQxh sc-95eb054c-6 hXAmFS\" data-test-id=\"Name-1\">Uhrwerk Mechanisch, automatischer Aufzug<\/p>\n<\/div>\n<div class=\"sc-59f902fd-0 kSDZnm sc-32f8a63d-0 iKoONW sc-95eb054c-5 exblBU\" data-test-id=\"NameValueWrapper-2\">\n<p class=\"sc-59f902fd-0 kSDZnm sc-99f1fd2f-0 NUQxh sc-95eb054c-6 hXAmFS\" data-test-id=\"Name-2\">Gangreserve Ca. 70 Stunden<\/p>\n<\/div>\n<div class=\"sc-59f902fd-0 kSDZnm sc-32f8a63d-0 iKoONW sc-95eb054c-5 exblBU\" data-test-id=\"NameValueWrapper-3\">\n<p class=\"sc-59f902fd-0 kSDZnm sc-99f1fd2f-0 NUQxh sc-95eb054c-6 hXAmFS\" data-test-id=\"Name-3\">Chronograph 1\/4 Sekunde, 30 Minuten<\/p>\n<\/div>\n<div class=\"sc-59f902fd-0 kSDZnm sc-32f8a63d-0 iKoONW sc-95eb054c-5 exblBU\" data-test-id=\"NameValueWrapper-4\">\n<p class=\"sc-59f902fd-0 kSDZnm sc-99f1fd2f-0 NUQxh sc-95eb054c-6 hXAmFS\" data-test-id=\"Name-4\">Vibration 28 800 a\/h<\/p>\n<\/div>\n<div class=\"sc-59f902fd-0 kSDZnm sc-32f8a63d-0 iKoONW sc-95eb054c-5 exblBU\" data-test-id=\"NameValueWrapper-5\">\n<p class=\"sc-59f902fd-0 kSDZnm sc-99f1fd2f-0 NUQxh sc-95eb054c-6 hXAmFS\" data-test-id=\"Name-5\">34 Rubine<\/p>\n<\/div>\n<\/div>\n<div class=\"sc-59f902fd-0 kSDZnm sc-95eb054c-2 PbFWw\" data-test-id=\"Section\">\n<p class=\"sc-59f902fd-0 kSDZnm sc-99f1fd2f-0 NUQxh sc-95eb054c-4 kbgdmi\" data-test-id=\"SectionTitle\">Fall<\/p>\n<div class=\"sc-59f902fd-0 kSDZnm sc-32f8a63d-0 iKoONW sc-95eb054c-5 exblBU\" data-test-id=\"NameValueWrapper-0\">\n<p class=\"sc-59f902fd-0 kSDZnm sc-99f1fd2f-0 NUQxh sc-95eb054c-6 hXAmFS\" data-test-id=\"Name-0\">Geh\u00e4usematerial Edelstahl<\/p>\n<\/div>\n<div class=\"sc-59f902fd-0 kSDZnm sc-32f8a63d-0 iKoONW sc-95eb054c-5 exblBU\" data-test-id=\"NameValueWrapper-1\">\n<p class=\"sc-59f902fd-0 kSDZnm sc-99f1fd2f-0 NUQxh sc-95eb054c-6 hXAmFS\" data-test-id=\"Name-1\">Verschraubte R\u00fcckseite (Saphirglas)<\/p>\n<\/div>\n<div class=\"sc-59f902fd-0 kSDZnm sc-32f8a63d-0 iKoONW sc-95eb054c-5 exblBU\" data-test-id=\"NameValueWrapper-2\">\n<p class=\"sc-59f902fd-0 kSDZnm sc-99f1fd2f-0 NUQxh sc-95eb054c-6 hXAmFS\" data-test-id=\"Name-2\">Wasserdichtigkeit 10 bar<\/p>\n<\/div>\n<\/div>\n<div class=\"sc-59f902fd-0 kSDZnm sc-95eb054c-2 PbFWw\" data-test-id=\"Section\">\n<div class=\"sc-59f902fd-0 kSDZnm sc-32f8a63d-0 iKoONW sc-95eb054c-5 exblBU\" data-test-id=\"NameValueWrapper-3\">\n<p class=\"sc-59f902fd-0 kSDZnm sc-99f1fd2f-0 NUQxh sc-95eb054c-6 hXAmFS\" data-test-id=\"Name-3\">Feste L\u00fcnette<\/p>\n<\/div>\n<div class=\"sc-59f902fd-0 kSDZnm sc-32f8a63d-0 iKoONW sc-95eb054c-5 exblBU\" data-test-id=\"NameValueWrapper-4\">\n<p class=\"sc-59f902fd-0 kSDZnm sc-99f1fd2f-0 NUQxh sc-95eb054c-6 hXAmFS\" data-test-id=\"Name-4\">Nicht verschraubte Krone, zwei Gelenke<\/p>\n<\/div>\n<div class=\"sc-59f902fd-0 kSDZnm sc-32f8a63d-0 iKoONW sc-95eb054c-5 exblBU\" data-test-id=\"NameValueWrapper-5\">\n<p class=\"sc-59f902fd-0 kSDZnm sc-99f1fd2f-0 NUQxh sc-95eb054c-6 hXAmFS\" data-test-id=\"Name-5\">Saphirglas<\/p>\n<\/div>\n<\/div>\n<div class=\"sc-59f902fd-0 kSDZnm sc-95eb054c-2 PbFWw\" data-test-id=\"Section\">\n<p class=\"sc-59f902fd-0 kSDZnm sc-99f1fd2f-0 NUQxh sc-95eb054c-4 kbgdmi\" data-test-id=\"SectionTitle\">Abmessungen<\/p>\n<div class=\"sc-59f902fd-0 kSDZnm sc-32f8a63d-0 iKoONW sc-95eb054c-5 exblBU\" data-test-id=\"NameValueWrapper-0\">\n<p class=\"sc-59f902fd-0 kSDZnm sc-99f1fd2f-0 NUQxh sc-95eb054c-6 hXAmFS\" data-test-id=\"Name-0\">Produktgewicht (ca.) 141,8 g<\/p>\n<\/div>\n<div class=\"sc-59f902fd-0 kSDZnm sc-32f8a63d-0 iKoONW sc-95eb054c-5 exblBU\" data-test-id=\"NameValueWrapper-1\">\n<p class=\"sc-59f902fd-0 kSDZnm sc-99f1fd2f-0 NUQxh sc-95eb054c-6 hXAmFS\" data-test-id=\"Name-1\">Gewicht des Uhrenkopfes (ca.) 77 g<\/p>\n<\/div>\n<div class=\"sc-59f902fd-0 kSDZnm sc-32f8a63d-0 iKoONW sc-95eb054c-5 exblBU\" data-test-id=\"NameValueWrapper-2\">\n<p class=\"sc-59f902fd-0 kSDZnm sc-99f1fd2f-0 NUQxh sc-95eb054c-6 hXAmFS\" data-test-id=\"Name-2\">Durchmesser 41 mm<\/p>\n<\/div>\n<div class=\"sc-59f902fd-0 kSDZnm sc-32f8a63d-0 iKoONW sc-95eb054c-5 exblBU\" data-test-id=\"NameValueWrapper-3\">\n<p class=\"sc-59f902fd-0 kSDZnm sc-99f1fd2f-0 NUQxh sc-95eb054c-6 hXAmFS\" data-test-id=\"Name-3\">Dicke 13,3 mm<\/p>\n<\/div>\n<div class=\"sc-59f902fd-0 kSDZnm sc-32f8a63d-0 iKoONW sc-95eb054c-5 exblBU\" data-test-id=\"NameValueWrapper-4\">\n<p class=\"sc-59f902fd-0 kSDZnm sc-99f1fd2f-0 NUQxh sc-95eb054c-6 hXAmFS\" data-test-id=\"Name-4\">H\u00f6he (obere Schleifenspitze bis untere Schleifenspitze) 50,36 mm<\/p>\n<\/div>\n<div class=\"sc-59f902fd-0 kSDZnm sc-32f8a63d-0 iKoONW sc-95eb054c-5 exblBU\" data-test-id=\"NameValueWrapper-5\">\n<p class=\"sc-59f902fd-0 kSDZnm sc-99f1fd2f-0 NUQxh sc-95eb054c-6 hXAmFS\" data-test-id=\"Name-5\">Breite der \u00d6sen (zwischen den \u00d6sen) 20 mm<\/p>\n<\/div>\n<\/div>\n","protected":false},"excerpt":{"rendered":"<p>Breitling Top time Gino Bartali ref. AB01767A1C1A1 Breitling Kaliber 01 (Manufaktur) Uhrwerk Mechanisch, automatischer Aufzug Gangreserve Ca. 70 Stunden Chronograph 1\/4 Sekunde, 30 Minuten Vibration 28 800 a\/h 34 Rubine Fall Geh\u00e4usematerial Edelstahl Verschraubte R\u00fcckseite (Saphirglas) Wasserdichtigkeit 10 bar Feste L\u00fcnette Nicht verschraubte Krone, zwei Gelenke Saphirglas Abmessungen Produktgewicht (ca.) 141,8 g Gewicht des Uhrenkopfes [&hellip;]<\/p>\n","protected":false},"featured_media":115918,"template":"","meta":{"_crdt_document":"","advanced_seo_description":"","jetpack_seo_html_title":"","jetpack_seo_noindex":false},"product_brand":[],"product_cat":[2656],"product_tag":[3706],"berocket_brand":[],"woo-feed-brand":[],"class_list":{"0":"post-115922","1":"product","2":"type-product","3":"status-publish","4":"has-post-thumbnail","6":"product_cat-breitling-de","7":"product_tag-top0-zeit","9":"first","10":"instock","11":"sale","12":"taxable","13":"shipping-taxable","14":"purchasable","15":"product-type-simple"},"bundled_by":[],"bundle_stock_status":"instock","bundle_stock_quantity":1,"bundle_virtual":false,"bundle_layout":"","bundle_add_to_cart_form_location":"","bundle_editable_in_cart":false,"bundle_sold_individually_context":"","bundle_item_grouping":"","bundle_min_size":"","bundle_max_size":"","bundle_price":[],"bundled_items":[],"bundle_sell_ids":[],"group_of_quantity":0,"min_quantity":0,"max_quantity":"","exclude_order_quantity_value_rules":"no","exclude_category_quantity_rules":"no","combine_variations":"no","jetpack_sharing_enabled":true,"jetpack_likes_enabled":true,"_links":{"self":[{"href":"https:\/\/watchdeluxe.it\/de\/wp-json\/wp\/v2\/product\/115922","targetHints":{"allow":["GET"]}}],"collection":[{"href":"https:\/\/watchdeluxe.it\/de\/wp-json\/wp\/v2\/product"}],"about":[{"href":"https:\/\/watchdeluxe.it\/de\/wp-json\/wp\/v2\/types\/product"}],"wp:featuredmedia":[{"embeddable":true,"href":"https:\/\/watchdeluxe.it\/de\/wp-json\/wp\/v2\/media\/115918"}],"wp:attachment":[{"href":"https:\/\/watchdeluxe.it\/de\/wp-json\/wp\/v2\/media?parent=115922"}],"wp:term":[{"taxonomy":"product_brand","embeddable":true,"href":"https:\/\/watchdeluxe.it\/de\/wp-json\/wp\/v2\/product_brand?post=115922"},{"taxonomy":"product_cat","embeddable":true,"href":"https:\/\/watchdeluxe.it\/de\/wp-json\/wp\/v2\/product_cat?post=115922"},{"taxonomy":"product_tag","embeddable":true,"href":"https:\/\/watchdeluxe.it\/de\/wp-json\/wp\/v2\/product_tag?post=115922"},{"taxonomy":"berocket_brand","embeddable":true,"href":"https:\/\/watchdeluxe.it\/de\/wp-json\/wp\/v2\/berocket_brand?post=115922"},{"taxonomy":"woo-feed-brand","embeddable":true,"href":"https:\/\/watchdeluxe.it\/de\/wp-json\/wp\/v2\/woo-feed-brand?post=115922"}],"curies":[{"name":"wp","href":"https:\/\/api.w.org\/{rel}","templated":true}]}}