{"id":115812,"date":"2025-07-11T12:31:20","date_gmt":"2025-07-11T10:31:20","guid":{"rendered":"https:\/\/watchdeluxe.it\/prodotto\/rado-captain-cook-keramik-chronograph-ref-r32189313\/"},"modified":"2025-07-11T12:31:20","modified_gmt":"2025-07-11T10:31:20","slug":"rado-captain-cook-keramik-chronograph-ref-r32189313","status":"publish","type":"product","link":"https:\/\/watchdeluxe.it\/de\/prodotto\/rado-captain-cook-keramik-chronograph-ref-r32189313\/","title":{"rendered":"Rado Captain Cook Keramik Chronograph Ref. R32189313"},"content":{"rendered":"<p>Rado Captain Cook Keramik Chronograph Ref. R32189313<\/p>\n<table class=\"woocommerce-product-attributes shop_attributes\" aria-label=\"Dettagli del prodotto\">\n<tbody>\n<tr class=\"woocommerce-product-attributes-item woocommerce-product-attributes-item--attribute_pa_collezione\">\n<th class=\"woocommerce-product-attributes-item__label\" scope=\"row\">Kollektion<\/th>\n<td class=\"woocommerce-product-attributes-item__value\">Kapit\u00e4n Cook<\/td>\n<\/tr>\n<tr class=\"woocommerce-product-attributes-item woocommerce-product-attributes-item--attribute_pa_movimento\">\n<th class=\"woocommerce-product-attributes-item__label\" scope=\"row\">Uhrwerk<\/th>\n<td class=\"woocommerce-product-attributes-item__value\">Automatisch<\/td>\n<\/tr>\n<tr class=\"woocommerce-product-attributes-item woocommerce-product-attributes-item--attribute_pa_vetro\">\n<th class=\"woocommerce-product-attributes-item__label\" scope=\"row\">Glas<\/th>\n<td class=\"woocommerce-product-attributes-item__value\">Saphir<\/td>\n<\/tr>\n<tr class=\"woocommerce-product-attributes-item woocommerce-product-attributes-item--attribute_pa_diametro-cassa\">\n<th class=\"woocommerce-product-attributes-item__label\" scope=\"row\">Geh\u00e4use-Durchmesser<\/th>\n<td class=\"woocommerce-product-attributes-item__value\">43 mm<\/td>\n<\/tr>\n<tr class=\"woocommerce-product-attributes-item woocommerce-product-attributes-item--attribute_pa_materiale-cassa\">\n<th class=\"woocommerce-product-attributes-item__label\" scope=\"row\">Geh\u00e4use-Material<\/th>\n<td class=\"woocommerce-product-attributes-item__value\">Plasma-Hightech-Keramik, Edelstahl, transparenter Saphirglasboden aus Titan<\/td>\n<\/tr>\n<tr class=\"woocommerce-product-attributes-item woocommerce-product-attributes-item--attribute_pa_brand\">\n<th class=\"woocommerce-product-attributes-item__label\" scope=\"row\">Marke<\/th>\n<td class=\"woocommerce-product-attributes-item__value\">Rado<\/td>\n<\/tr>\n<tr class=\"woocommerce-product-attributes-item woocommerce-product-attributes-item--attribute_pa_tipologia\">\n<th class=\"woocommerce-product-attributes-item__label\" scope=\"row\">Typ<\/th>\n<td class=\"woocommerce-product-attributes-item__value\">Rado<\/td>\n<\/tr>\n<\/tbody>\n<\/table>\n","protected":false},"excerpt":{"rendered":"<p>Rado Captain Cook Keramik Chronograph Ref. R32189313 Kollektion Kapit\u00e4n Cook Uhrwerk Automatisch Glas Saphir Geh\u00e4use-Durchmesser 43 mm Geh\u00e4use-Material Plasma-Hightech-Keramik, Edelstahl, transparenter Saphirglasboden aus Titan Marke Rado Typ Rado<\/p>\n","protected":false},"featured_media":115808,"template":"","meta":{"_crdt_document":"","advanced_seo_description":"","jetpack_seo_html_title":"","jetpack_seo_noindex":false},"product_brand":[2157],"product_cat":[2405],"product_tag":[2528],"berocket_brand":[],"woo-feed-brand":[],"class_list":{"0":"post-115812","1":"product","2":"type-product","3":"status-publish","4":"has-post-thumbnail","6":"product_brand-rado","7":"product_cat-rado-de","8":"product_tag-kapitan-cook","10":"first","11":"instock","12":"sale","13":"taxable","14":"shipping-taxable","15":"purchasable","16":"product-type-simple"},"bundled_by":[],"bundle_stock_status":"instock","bundle_stock_quantity":1,"bundle_virtual":false,"bundle_layout":"","bundle_add_to_cart_form_location":"","bundle_editable_in_cart":false,"bundle_sold_individually_context":"","bundle_item_grouping":"","bundle_min_size":"","bundle_max_size":"","bundle_price":[],"bundled_items":[],"bundle_sell_ids":[],"group_of_quantity":0,"min_quantity":0,"max_quantity":"","exclude_order_quantity_value_rules":"no","exclude_category_quantity_rules":"no","combine_variations":"no","jetpack_sharing_enabled":true,"jetpack_likes_enabled":true,"_links":{"self":[{"href":"https:\/\/watchdeluxe.it\/de\/wp-json\/wp\/v2\/product\/115812","targetHints":{"allow":["GET"]}}],"collection":[{"href":"https:\/\/watchdeluxe.it\/de\/wp-json\/wp\/v2\/product"}],"about":[{"href":"https:\/\/watchdeluxe.it\/de\/wp-json\/wp\/v2\/types\/product"}],"wp:featuredmedia":[{"embeddable":true,"href":"https:\/\/watchdeluxe.it\/de\/wp-json\/wp\/v2\/media\/115808"}],"wp:attachment":[{"href":"https:\/\/watchdeluxe.it\/de\/wp-json\/wp\/v2\/media?parent=115812"}],"wp:term":[{"taxonomy":"product_brand","embeddable":true,"href":"https:\/\/watchdeluxe.it\/de\/wp-json\/wp\/v2\/product_brand?post=115812"},{"taxonomy":"product_cat","embeddable":true,"href":"https:\/\/watchdeluxe.it\/de\/wp-json\/wp\/v2\/product_cat?post=115812"},{"taxonomy":"product_tag","embeddable":true,"href":"https:\/\/watchdeluxe.it\/de\/wp-json\/wp\/v2\/product_tag?post=115812"},{"taxonomy":"berocket_brand","embeddable":true,"href":"https:\/\/watchdeluxe.it\/de\/wp-json\/wp\/v2\/berocket_brand?post=115812"},{"taxonomy":"woo-feed-brand","embeddable":true,"href":"https:\/\/watchdeluxe.it\/de\/wp-json\/wp\/v2\/woo-feed-brand?post=115812"}],"curies":[{"name":"wp","href":"https:\/\/api.w.org\/{rel}","templated":true}]}}