{"id":115468,"date":"2025-06-19T15:39:38","date_gmt":"2025-06-19T13:39:38","guid":{"rendered":"https:\/\/watchdeluxe.it\/prodotto\/hublot-classic-fusion-chronograph-aus-rotgold-mit-diamanten-ref-521-ox-1180-lr-1704\/"},"modified":"2026-04-13T12:14:20","modified_gmt":"2026-04-13T10:14:20","slug":"hublot-classic-fusion-chronograph-aus-rotgold-mit-diamanten-ref-521-ox-1180-lr-1704","status":"publish","type":"product","link":"https:\/\/watchdeluxe.it\/de\/prodotto\/hublot-classic-fusion-chronograph-aus-rotgold-mit-diamanten-ref-521-ox-1180-lr-1704\/","title":{"rendered":"Hublot Classic Fusion Chronograph aus Rotgold mit Diamanten Ref. 521.OX.1180.LR.1704"},"content":{"rendered":"<p>Hublot Classic Fusion Chronograph aus Rotgold mit Diamanten Ref. 521.OX.1180.LR.1704<\/p>\n<p>Geh\u00e4use aus Rotgold 45 mm<\/p>\n<p>126 Diamanten in der L\u00fcnette und 244 Diamanten im Geh\u00e4use gefasst<\/p>\n<p>Automatisches Chronographenwerk<\/p>\n<p>Leder- und Kautschukband<\/p>\n<p>Faltschlie\u00dfe<\/p>\n<p>&nbsp;<\/p>\n","protected":false},"excerpt":{"rendered":"<p>Hublot Classic Fusion Chronograph aus Rotgold mit Diamanten Ref. 521.OX.1180.LR.1704 Geh\u00e4use aus Rotgold 45 mm 126 Diamanten in der L\u00fcnette und 244 Diamanten im Geh\u00e4use gefasst Automatisches Chronographenwerk Leder- und Kautschukband Faltschlie\u00dfe &nbsp;<\/p>\n","protected":false},"featured_media":114298,"template":"","meta":{"_crdt_document":"","advanced_seo_description":"","jetpack_seo_html_title":"","jetpack_seo_noindex":false},"product_brand":[2149],"product_cat":[2222],"product_tag":[2224],"berocket_brand":[],"woo-feed-brand":[],"class_list":{"0":"post-115468","1":"product","2":"type-product","3":"status-publish","4":"has-post-thumbnail","6":"product_brand-hublot","7":"product_cat-hublot-de","8":"product_tag-klassische-fusion","10":"first","11":"instock","12":"sale","13":"taxable","14":"shipping-taxable","15":"purchasable","16":"product-type-simple"},"bundled_by":[],"bundle_stock_status":"instock","bundle_stock_quantity":1,"bundle_virtual":false,"bundle_layout":"","bundle_add_to_cart_form_location":"","bundle_editable_in_cart":false,"bundle_sold_individually_context":"","bundle_item_grouping":"","bundle_min_size":"","bundle_max_size":"","bundle_price":[],"bundled_items":[],"bundle_sell_ids":[],"group_of_quantity":0,"min_quantity":0,"max_quantity":"","exclude_order_quantity_value_rules":"no","exclude_category_quantity_rules":"no","combine_variations":"no","exclude_global_add_ons":[],"addons":[],"jetpack_sharing_enabled":true,"jetpack_likes_enabled":true,"_links":{"self":[{"href":"https:\/\/watchdeluxe.it\/de\/wp-json\/wp\/v2\/product\/115468","targetHints":{"allow":["GET"]}}],"collection":[{"href":"https:\/\/watchdeluxe.it\/de\/wp-json\/wp\/v2\/product"}],"about":[{"href":"https:\/\/watchdeluxe.it\/de\/wp-json\/wp\/v2\/types\/product"}],"wp:featuredmedia":[{"embeddable":true,"href":"https:\/\/watchdeluxe.it\/de\/wp-json\/wp\/v2\/media\/114298"}],"wp:attachment":[{"href":"https:\/\/watchdeluxe.it\/de\/wp-json\/wp\/v2\/media?parent=115468"}],"wp:term":[{"taxonomy":"product_brand","embeddable":true,"href":"https:\/\/watchdeluxe.it\/de\/wp-json\/wp\/v2\/product_brand?post=115468"},{"taxonomy":"product_cat","embeddable":true,"href":"https:\/\/watchdeluxe.it\/de\/wp-json\/wp\/v2\/product_cat?post=115468"},{"taxonomy":"product_tag","embeddable":true,"href":"https:\/\/watchdeluxe.it\/de\/wp-json\/wp\/v2\/product_tag?post=115468"},{"taxonomy":"berocket_brand","embeddable":true,"href":"https:\/\/watchdeluxe.it\/de\/wp-json\/wp\/v2\/berocket_brand?post=115468"},{"taxonomy":"woo-feed-brand","embeddable":true,"href":"https:\/\/watchdeluxe.it\/de\/wp-json\/wp\/v2\/woo-feed-brand?post=115468"}],"curies":[{"name":"wp","href":"https:\/\/api.w.org\/{rel}","templated":true}]}}