{"id":115035,"date":"2025-05-09T16:59:41","date_gmt":"2025-05-09T14:59:41","guid":{"rendered":"https:\/\/watchdeluxe.it\/prodotto\/mido-multifort-8-zwei-kronen-ref-m0475071105100\/"},"modified":"2025-05-09T16:59:41","modified_gmt":"2025-05-09T14:59:41","slug":"mido-multifort-8-zwei-kronen-ref-m0475071105100","status":"publish","type":"product","link":"https:\/\/watchdeluxe.it\/de\/prodotto\/mido-multifort-8-zwei-kronen-ref-m0475071105100\/","title":{"rendered":"Mido Multifort 8 zwei Kronen ref. M0475071105100"},"content":{"rendered":"<p>Mido Multifort 8 zwei Kronen ref. M0475071105100<\/p>\n<ul>\n<li>Schweizer Automatikwerk powermatic80<\/li>\n<li>Saphirglas mit beidseitiger Antireflexbeschichtung<\/li>\n<li>Schwarzes Zifferblatt mit Indizes<\/li>\n<li>Rechteckiges Edelstahlgeh\u00e4use mit sichtbarem Geh\u00e4useboden<\/li>\n<li>Verschraubte Krone<\/li>\n<li>Wasserdicht bis zu 10 bar (100 m \/ 330 ft)<\/li>\n<li>Edelstahlarmband Ref. M605019261 <\/li>\n<\/ul>\n<p><em>Spezifikationen <\/em><\/p>\n<ul>\n<li>Gewicht 160 g<\/li>\n<li>H\u00f6he des Geh\u00e4uses 9,5 mm<\/li>\n<li>Durchmesser des Geh\u00e4uses 38.4 X 40MM<\/li>\n<li>Bight Gr\u00f6\u00dfe 12<\/li>\n<\/ul>\n<p><em>Bewegung<\/em><\/p>\n<ul>\n<li>Mido Automatik ETA Gangreserve von 72 Stunden<\/li>\n<\/ul>\n","protected":false},"excerpt":{"rendered":"<p>Mido Multifort 8 zwei Kronen ref. M0475071105100 Schweizer Automatikwerk powermatic80 Saphirglas mit beidseitiger Antireflexbeschichtung Schwarzes Zifferblatt mit Indizes Rechteckiges Edelstahlgeh\u00e4use mit sichtbarem Geh\u00e4useboden Verschraubte Krone Wasserdicht bis zu 10 bar (100 m \/ 330 ft) Edelstahlarmband Ref. M605019261 Spezifikationen Gewicht 160 g H\u00f6he des Geh\u00e4uses 9,5 mm Durchmesser des Geh\u00e4uses 38.4 X 40MM Bight Gr\u00f6\u00dfe [&hellip;]<\/p>\n","protected":false},"featured_media":115032,"template":"","meta":{"_crdt_document":"","advanced_seo_description":"","jetpack_seo_html_title":"","jetpack_seo_noindex":false},"product_brand":[2153],"product_cat":[2938],"product_tag":[2939],"berocket_brand":[],"woo-feed-brand":[],"class_list":{"0":"post-115035","1":"product","2":"type-product","3":"status-publish","4":"has-post-thumbnail","6":"product_brand-mido","7":"product_cat-mido-de","8":"product_tag-multifort-de","10":"first","11":"instock","12":"sale","13":"taxable","14":"shipping-taxable","15":"purchasable","16":"product-type-simple"},"bundled_by":[],"bundle_stock_status":"instock","bundle_stock_quantity":1,"bundle_virtual":false,"bundle_layout":"","bundle_add_to_cart_form_location":"","bundle_editable_in_cart":false,"bundle_sold_individually_context":"","bundle_item_grouping":"","bundle_min_size":"","bundle_max_size":"","bundle_price":[],"bundled_items":[],"bundle_sell_ids":[],"group_of_quantity":0,"min_quantity":0,"max_quantity":"","exclude_order_quantity_value_rules":"no","exclude_category_quantity_rules":"no","combine_variations":"no","jetpack_sharing_enabled":true,"jetpack_likes_enabled":true,"_links":{"self":[{"href":"https:\/\/watchdeluxe.it\/de\/wp-json\/wp\/v2\/product\/115035","targetHints":{"allow":["GET"]}}],"collection":[{"href":"https:\/\/watchdeluxe.it\/de\/wp-json\/wp\/v2\/product"}],"about":[{"href":"https:\/\/watchdeluxe.it\/de\/wp-json\/wp\/v2\/types\/product"}],"wp:featuredmedia":[{"embeddable":true,"href":"https:\/\/watchdeluxe.it\/de\/wp-json\/wp\/v2\/media\/115032"}],"wp:attachment":[{"href":"https:\/\/watchdeluxe.it\/de\/wp-json\/wp\/v2\/media?parent=115035"}],"wp:term":[{"taxonomy":"product_brand","embeddable":true,"href":"https:\/\/watchdeluxe.it\/de\/wp-json\/wp\/v2\/product_brand?post=115035"},{"taxonomy":"product_cat","embeddable":true,"href":"https:\/\/watchdeluxe.it\/de\/wp-json\/wp\/v2\/product_cat?post=115035"},{"taxonomy":"product_tag","embeddable":true,"href":"https:\/\/watchdeluxe.it\/de\/wp-json\/wp\/v2\/product_tag?post=115035"},{"taxonomy":"berocket_brand","embeddable":true,"href":"https:\/\/watchdeluxe.it\/de\/wp-json\/wp\/v2\/berocket_brand?post=115035"},{"taxonomy":"woo-feed-brand","embeddable":true,"href":"https:\/\/watchdeluxe.it\/de\/wp-json\/wp\/v2\/woo-feed-brand?post=115035"}],"curies":[{"name":"wp","href":"https:\/\/api.w.org\/{rel}","templated":true}]}}