{"id":114838,"date":"2025-05-08T15:56:20","date_gmt":"2025-05-08T13:56:20","guid":{"rendered":"https:\/\/watchdeluxe.it\/prodotto\/breitling-top-time-b31-ref-ab3113281a1x1\/"},"modified":"2025-05-08T15:56:20","modified_gmt":"2025-05-08T13:56:20","slug":"breitling-top-time-b31-ref-ab3113281a1x1","status":"publish","type":"product","link":"https:\/\/watchdeluxe.it\/de\/prodotto\/breitling-top-time-b31-ref-ab3113281a1x1\/","title":{"rendered":"Breitling Top Time B31 Ref. AB3113281A1X1"},"content":{"rendered":"<p>Breitling Top Time B31 Ref. AB3113281A1X1<\/p>\n<div class=\"row\">\n<div class=\"col-5 col-lg-4\">olution<\/div>\n<div class=\"col-7 col-lg-8\">TOP ZEIT<\/div>\n<\/div>\n<div class=\"row\">\n<div class=\"col-5 col-lg-4\">Typ<\/div>\n<div class=\"col-7 col-lg-8\">Nur Zeit<\/div>\n<\/div>\n<div class=\"row\">\n<div class=\"col-5 col-lg-4\">Bewegung<\/div>\n<div class=\"col-7 col-lg-8\">Automatisch<\/div>\n<\/div>\n<div class=\"row\">\n<div class=\"col-5 col-lg-4\">Abmessungen des Geh\u00e4uses<\/div>\n<div class=\"col-7 col-lg-8\">\u00d8 38 MM<\/div>\n<\/div>\n<div class=\"row\">\n<div class=\"col-5 col-lg-4\">Material<\/div>\n<div class=\"col-7 col-lg-8\">Stahl<\/div>\n<\/div>\n<div class=\"row\">\n<div class=\"col-5 col-lg-4\">Riemen<\/div>\n<div class=\"col-7 col-lg-8\">Kalbsleder<\/div>\n<\/div>\n<div class=\"row\">\n<div class=\"col-5 col-lg-4\">Wasserdicht<\/div>\n<div class=\"col-7 col-lg-8\">10 ATM<\/div>\n<\/div>\n<div class=\"row\">\n<div class=\"col-5 col-lg-4\">W\u00e4hlen Sie<\/div>\n<div class=\"col-7 col-lg-8\">Wei\u00df<\/div>\n<\/div>\n<div class=\"row\">\n<div class=\"col-5 col-lg-4\">Glas<\/div>\n<div class=\"col-7 col-lg-8\">Sapphire<\/div>\n<\/div>\n<div class=\"row\">\n<div class=\"col-5 col-lg-4\">Schlie\u00dfen<\/div>\n<div class=\"col-7 col-lg-8\">Ardiglione<\/div>\n<\/div>\n<div class=\"row\">\n<div class=\"col-5 col-lg-4\">Code<\/div>\n<div class=\"col-7 col-lg-8\">AB3113281A1X1<\/div>\n<\/div>\n","protected":false},"excerpt":{"rendered":"<p>Breitling Top Time B31 Ref. AB3113281A1X1 olution TOP ZEIT Typ Nur Zeit Bewegung Automatisch Abmessungen des Geh\u00e4uses \u00d8 38 MM Material Stahl Riemen Kalbsleder Wasserdicht 10 ATM W\u00e4hlen Sie Wei\u00df Glas Sapphire Schlie\u00dfen Ardiglione Code AB3113281A1X1<\/p>\n","protected":false},"featured_media":114832,"template":"","meta":{"_crdt_document":"","advanced_seo_description":"","jetpack_seo_html_title":"","jetpack_seo_noindex":false},"product_brand":[],"product_cat":[2656],"product_tag":[3706],"berocket_brand":[],"woo-feed-brand":[],"class_list":{"0":"post-114838","1":"product","2":"type-product","3":"status-publish","4":"has-post-thumbnail","6":"product_cat-breitling-de","7":"product_tag-top0-zeit","9":"first","10":"instock","11":"sale","12":"taxable","13":"shipping-taxable","14":"purchasable","15":"product-type-simple"},"bundled_by":[],"bundle_stock_status":"instock","bundle_stock_quantity":1,"bundle_virtual":false,"bundle_layout":"","bundle_add_to_cart_form_location":"","bundle_editable_in_cart":false,"bundle_sold_individually_context":"","bundle_item_grouping":"","bundle_min_size":"","bundle_max_size":"","bundle_price":[],"bundled_items":[],"bundle_sell_ids":[],"group_of_quantity":0,"min_quantity":0,"max_quantity":"","exclude_order_quantity_value_rules":"no","exclude_category_quantity_rules":"no","combine_variations":"no","jetpack_sharing_enabled":true,"jetpack_likes_enabled":true,"_links":{"self":[{"href":"https:\/\/watchdeluxe.it\/de\/wp-json\/wp\/v2\/product\/114838","targetHints":{"allow":["GET"]}}],"collection":[{"href":"https:\/\/watchdeluxe.it\/de\/wp-json\/wp\/v2\/product"}],"about":[{"href":"https:\/\/watchdeluxe.it\/de\/wp-json\/wp\/v2\/types\/product"}],"wp:featuredmedia":[{"embeddable":true,"href":"https:\/\/watchdeluxe.it\/de\/wp-json\/wp\/v2\/media\/114832"}],"wp:attachment":[{"href":"https:\/\/watchdeluxe.it\/de\/wp-json\/wp\/v2\/media?parent=114838"}],"wp:term":[{"taxonomy":"product_brand","embeddable":true,"href":"https:\/\/watchdeluxe.it\/de\/wp-json\/wp\/v2\/product_brand?post=114838"},{"taxonomy":"product_cat","embeddable":true,"href":"https:\/\/watchdeluxe.it\/de\/wp-json\/wp\/v2\/product_cat?post=114838"},{"taxonomy":"product_tag","embeddable":true,"href":"https:\/\/watchdeluxe.it\/de\/wp-json\/wp\/v2\/product_tag?post=114838"},{"taxonomy":"berocket_brand","embeddable":true,"href":"https:\/\/watchdeluxe.it\/de\/wp-json\/wp\/v2\/berocket_brand?post=114838"},{"taxonomy":"woo-feed-brand","embeddable":true,"href":"https:\/\/watchdeluxe.it\/de\/wp-json\/wp\/v2\/woo-feed-brand?post=114838"}],"curies":[{"name":"wp","href":"https:\/\/api.w.org\/{rel}","templated":true}]}}