{"id":114826,"date":"2025-05-08T15:52:40","date_gmt":"2025-05-08T13:52:40","guid":{"rendered":"https:\/\/watchdeluxe.it\/prodotto\/breitling-endurance-pro-schwarz-ref-x82310e51b1s2\/"},"modified":"2025-05-08T15:52:40","modified_gmt":"2025-05-08T13:52:40","slug":"breitling-endurance-pro-schwarz-ref-x82310e51b1s2","status":"publish","type":"product","link":"https:\/\/watchdeluxe.it\/de\/prodotto\/breitling-endurance-pro-schwarz-ref-x82310e51b1s2\/","title":{"rendered":"Breitling Endurance pro schwarz Ref. X82310E51B1S2"},"content":{"rendered":"<p>Breitling Endurance pro schwarz Ref. X82310E51B1S2<\/p>\n<div class=\"sc-59f902fd-0 kSDZnm sc-149e2564-2 ifAoZh\" data-test-id=\"Section\">\n<p class=\"sc-59f902fd-0 kSDZnm sc-99f1fd2f-0 NUQxh sc-149e2564-4 bGnZnz\" data-test-id=\"SectionTitle\">Bewegung<\/p>\n<div class=\"sc-59f902fd-0 kSDZnm sc-32f8a63d-0 iKoONW sc-149e2564-5 hoCRDl\" data-test-id=\"NameValueWrapper-0\">\n<p class=\"sc-59f902fd-0 kSDZnm sc-99f1fd2f-0 NUQxh sc-149e2564-6 kjVhdX\" data-test-id=\"Name-0\">Kaliber<\/p>\n<div class=\"sc-59f902fd-0 kSDZnm sc-149e2564-8 juAlza\" data-test-id=\"ValueBox-0\">\n<p class=\"sc-59f902fd-0 kSDZnm sc-99f1fd2f-0 NUQxh sc-149e2564-7 lcGbrO\" data-test-id=\"Value-0\">Breitling 82<\/p>\n<\/div>\n<\/div>\n<div class=\"sc-59f902fd-0 kSDZnm sc-32f8a63d-0 iKoONW sc-149e2564-5 hoCRDl\" data-test-id=\"NameValueWrapper-1\">\n<p class=\"sc-59f902fd-0 kSDZnm sc-99f1fd2f-0 NUQxh sc-149e2564-6 kjVhdX\" data-test-id=\"Name-1\">Bewegung<\/p>\n<div class=\"sc-59f902fd-0 kSDZnm sc-149e2564-8 juAlza\" data-test-id=\"ValueBox-1\">\n<p class=\"sc-59f902fd-0 kSDZnm sc-99f1fd2f-0 NUQxh sc-149e2564-7 lcGbrO\" data-test-id=\"Value-1\">SuperQuartz\u2122 thermokompensiert<\/p>\n<\/div>\n<\/div>\n<div class=\"sc-59f902fd-0 kSDZnm sc-32f8a63d-0 iKoONW sc-149e2564-5 hoCRDl\" data-test-id=\"NameValueWrapper-2\">\n<p class=\"sc-59f902fd-0 kSDZnm sc-99f1fd2f-0 NUQxh sc-149e2564-6 kjVhdX\" data-test-id=\"Name-2\">Chronograph<\/p>\n<div class=\"sc-59f902fd-0 kSDZnm sc-149e2564-8 juAlza\" data-test-id=\"ValueBox-2\">\n<p class=\"sc-59f902fd-0 kSDZnm sc-99f1fd2f-0 NUQxh sc-149e2564-7 lcGbrO\" data-test-id=\"Value-2\">1\/10 einer Sekunde, 30 Minuten<\/p>\n<\/div>\n<\/div>\n<div class=\"sc-59f902fd-0 kSDZnm sc-32f8a63d-0 iKoONW sc-149e2564-5 hoCRDl\" data-test-id=\"NameValueWrapper-3\">\n<p class=\"sc-59f902fd-0 kSDZnm sc-99f1fd2f-0 NUQxh sc-149e2564-6 kjVhdX\" data-test-id=\"Name-3\">Juwel<\/p>\n<div class=\"sc-59f902fd-0 kSDZnm sc-149e2564-8 juAlza\" data-test-id=\"ValueBox-3\">\n<p class=\"sc-59f902fd-0 kSDZnm sc-99f1fd2f-0 NUQxh sc-149e2564-7 lcGbrO\" data-test-id=\"Value-3\">4 Rubine<\/p>\n<\/div>\n<\/div>\n<div class=\"sc-59f902fd-0 kSDZnm sc-32f8a63d-0 iKoONW sc-149e2564-5 hoCRDl\" data-test-id=\"NameValueWrapper-4\">\n<p class=\"sc-59f902fd-0 kSDZnm sc-99f1fd2f-0 NUQxh sc-149e2564-6 kjVhdX\" data-test-id=\"Name-4\">Kalender<\/p>\n<div class=\"sc-59f902fd-0 kSDZnm sc-149e2564-8 juAlza\" data-test-id=\"ValueBox-4\">\n<p class=\"sc-59f902fd-0 kSDZnm sc-99f1fd2f-0 NUQxh sc-149e2564-7 lcGbrO\" data-test-id=\"Value-4\">Ein Fenster im Zifferblatt<\/p>\n<\/div>\n<\/div>\n<\/div>\n<div class=\"sc-59f902fd-0 kSDZnm sc-149e2564-2 ifAoZh\" data-test-id=\"Section\">\n<p class=\"sc-59f902fd-0 kSDZnm sc-99f1fd2f-0 NUQxh sc-149e2564-4 bGnZnz\" data-test-id=\"SectionTitle\">Fall<\/p>\n<div class=\"sc-59f902fd-0 kSDZnm sc-32f8a63d-0 iKoONW sc-149e2564-5 hoCRDl\" data-test-id=\"NameValueWrapper-0\">\n<p class=\"sc-59f902fd-0 kSDZnm sc-99f1fd2f-0 NUQxh sc-149e2564-6 kjVhdX\" data-test-id=\"Name-0\">Geh\u00e4use Material<\/p>\n<div class=\"sc-59f902fd-0 kSDZnm sc-149e2564-8 juAlza\" data-test-id=\"ValueBox-0\">\n<p class=\"sc-59f902fd-0 kSDZnm sc-99f1fd2f-0 NUQxh sc-149e2564-7 lcGbrO\" data-test-id=\"Value-0\">Breitlicht\u00ae<\/p>\n<\/div>\n<\/div>\n<div class=\"sc-59f902fd-0 kSDZnm sc-32f8a63d-0 iKoONW sc-149e2564-5 hoCRDl\" data-test-id=\"NameValueWrapper-1\">\n<p class=\"sc-59f902fd-0 kSDZnm sc-99f1fd2f-0 NUQxh sc-149e2564-6 kjVhdX\" data-test-id=\"Name-1\">R\u00fcckseitiges Geh\u00e4use<\/p>\n<div class=\"sc-59f902fd-0 kSDZnm sc-149e2564-8 juAlza\" data-test-id=\"ValueBox-1\">\n<p class=\"sc-59f902fd-0 kSDZnm sc-99f1fd2f-0 NUQxh sc-149e2564-7 lcGbrO\" data-test-id=\"Value-1\">Schraube<\/p>\n<\/div>\n<\/div>\n<div class=\"sc-59f902fd-0 kSDZnm sc-32f8a63d-0 iKoONW sc-149e2564-5 hoCRDl\" data-test-id=\"NameValueWrapper-2\">\n<p class=\"sc-59f902fd-0 kSDZnm sc-99f1fd2f-0 NUQxh sc-149e2564-6 kjVhdX\" data-test-id=\"Name-2\">Wasserbest\u00e4ndigkeit<\/p>\n<div class=\"sc-59f902fd-0 kSDZnm sc-149e2564-8 juAlza\" data-test-id=\"ValueBox-2\">\n<p class=\"sc-59f902fd-0 kSDZnm sc-99f1fd2f-0 NUQxh sc-149e2564-7 lcGbrO\" data-test-id=\"Value-2\">10 Takte<\/p>\n<\/div>\n<\/div>\n<\/div>\n<div class=\"sc-59f902fd-0 kSDZnm sc-149e2564-2 ifAoZh\" data-test-id=\"Section\">\n<div class=\"sc-59f902fd-0 kSDZnm sc-32f8a63d-0 iKoONW sc-149e2564-5 hoCRDl\" data-test-id=\"NameValueWrapper-3\">\n<p class=\"sc-59f902fd-0 kSDZnm sc-99f1fd2f-0 NUQxh sc-149e2564-6 kjVhdX\" data-test-id=\"Name-3\">L\u00fcnette<\/p>\n<div class=\"sc-59f902fd-0 kSDZnm sc-149e2564-8 juAlza\" data-test-id=\"ValueBox-3\">\n<p class=\"sc-59f902fd-0 kSDZnm sc-99f1fd2f-0 NUQxh sc-149e2564-7 lcGbrO\" data-test-id=\"Value-3\">Zweiwege, Windrose<\/p>\n<\/div>\n<\/div>\n<div class=\"sc-59f902fd-0 kSDZnm sc-32f8a63d-0 iKoONW sc-149e2564-5 hoCRDl\" data-test-id=\"NameValueWrapper-4\">\n<p class=\"sc-59f902fd-0 kSDZnm sc-99f1fd2f-0 NUQxh sc-149e2564-6 kjVhdX\" data-test-id=\"Name-4\">Krone<\/p>\n<div class=\"sc-59f902fd-0 kSDZnm sc-149e2564-8 juAlza\" data-test-id=\"ValueBox-4\">\n<p class=\"sc-59f902fd-0 kSDZnm sc-99f1fd2f-0 NUQxh sc-149e2564-7 lcGbrO\" data-test-id=\"Value-4\">Nicht verschraubt, zwei Gelenke<\/p>\n<\/div>\n<\/div>\n<div class=\"sc-59f902fd-0 kSDZnm sc-32f8a63d-0 iKoONW sc-149e2564-5 hoCRDl\" data-test-id=\"NameValueWrapper-5\">\n<p class=\"sc-59f902fd-0 kSDZnm sc-99f1fd2f-0 NUQxh sc-149e2564-6 kjVhdX\" data-test-id=\"Name-5\">Kristall<\/p>\n<div class=\"sc-59f902fd-0 kSDZnm sc-149e2564-8 juAlza\" data-test-id=\"ValueBox-5\">\n<p class=\"sc-59f902fd-0 kSDZnm sc-99f1fd2f-0 NUQxh sc-149e2564-7 lcGbrO\" data-test-id=\"Value-5\">Saphir, beidseitig antireflektierend<\/p>\n<\/div>\n<\/div>\n<\/div>\n<div class=\"sc-59f902fd-0 kSDZnm sc-149e2564-2 ifAoZh\" data-test-id=\"Section\">\n<p class=\"sc-59f902fd-0 kSDZnm sc-99f1fd2f-0 NUQxh sc-149e2564-4 bGnZnz\" data-test-id=\"SectionTitle\">Abmessungen<\/p>\n<div class=\"sc-59f902fd-0 kSDZnm sc-32f8a63d-0 iKoONW sc-149e2564-5 hoCRDl\" data-test-id=\"NameValueWrapper-0\">\n<p class=\"sc-59f902fd-0 kSDZnm sc-99f1fd2f-0 NUQxh sc-149e2564-6 kjVhdX\" data-test-id=\"Name-0\">Produktgewicht (ca.)<\/p>\n<div class=\"sc-59f902fd-0 kSDZnm sc-149e2564-8 juAlza\" data-test-id=\"ValueBox-0\">\n<p class=\"sc-59f902fd-0 kSDZnm sc-99f1fd2f-0 NUQxh sc-149e2564-7 lcGbrO\" data-test-id=\"Value-0\">66.13 g<\/p>\n<\/div>\n<\/div>\n<div class=\"sc-59f902fd-0 kSDZnm sc-32f8a63d-0 iKoONW sc-149e2564-5 hoCRDl\" data-test-id=\"NameValueWrapper-1\">\n<p class=\"sc-59f902fd-0 kSDZnm sc-99f1fd2f-0 NUQxh sc-149e2564-6 kjVhdX\" data-test-id=\"Name-1\">Gewicht des Uhrenkopfes (ca.)<\/p>\n<div class=\"sc-59f902fd-0 kSDZnm sc-149e2564-8 juAlza\" data-test-id=\"ValueBox-1\">\n<p class=\"sc-59f902fd-0 kSDZnm sc-99f1fd2f-0 NUQxh sc-149e2564-7 lcGbrO\" data-test-id=\"Value-1\">35.5 g<\/p>\n<\/div>\n<\/div>\n<div class=\"sc-59f902fd-0 kSDZnm sc-32f8a63d-0 iKoONW sc-149e2564-5 hoCRDl\" data-test-id=\"NameValueWrapper-2\">\n<p class=\"sc-59f902fd-0 kSDZnm sc-99f1fd2f-0 NUQxh sc-149e2564-6 kjVhdX\" data-test-id=\"Name-2\">Durchmesser<\/p>\n<div class=\"sc-59f902fd-0 kSDZnm sc-149e2564-8 juAlza\" data-test-id=\"ValueBox-2\">\n<p class=\"sc-59f902fd-0 kSDZnm sc-99f1fd2f-0 NUQxh sc-149e2564-7 lcGbrO\" data-test-id=\"Value-2\">44 mm<\/p>\n<\/div>\n<\/div>\n<div class=\"sc-59f902fd-0 kSDZnm sc-32f8a63d-0 iKoONW sc-149e2564-5 hoCRDl\" data-test-id=\"NameValueWrapper-3\">\n<p class=\"sc-59f902fd-0 kSDZnm sc-99f1fd2f-0 NUQxh sc-149e2564-6 kjVhdX\" data-test-id=\"Name-3\">Dicke<\/p>\n<div class=\"sc-59f902fd-0 kSDZnm sc-149e2564-8 juAlza\" data-test-id=\"ValueBox-3\">\n<p class=\"sc-59f902fd-0 kSDZnm sc-99f1fd2f-0 NUQxh sc-149e2564-7 lcGbrO\" data-test-id=\"Value-3\">12,5 mm<\/p>\n<\/div>\n<\/div>\n<div class=\"sc-59f902fd-0 kSDZnm sc-32f8a63d-0 iKoONW sc-149e2564-5 hoCRDl\" data-test-id=\"NameValueWrapper-4\">\n<p class=\"sc-59f902fd-0 kSDZnm sc-99f1fd2f-0 NUQxh sc-149e2564-6 kjVhdX\" data-test-id=\"Name-4\">H\u00f6he (Spitze der oberen Schleife bis Spitze der unteren Schleife)<\/p>\n<div class=\"sc-59f902fd-0 kSDZnm sc-149e2564-8 juAlza\" data-test-id=\"ValueBox-4\">\n<p class=\"sc-59f902fd-0 kSDZnm sc-99f1fd2f-0 NUQxh sc-149e2564-7 lcGbrO\" data-test-id=\"Value-4\">52.49 mm<\/p>\n<\/div>\n<\/div>\n<div class=\"sc-59f902fd-0 kSDZnm sc-32f8a63d-0 iKoONW sc-149e2564-5 hoCRDl\" data-test-id=\"NameValueWrapper-5\">\n<p class=\"sc-59f902fd-0 kSDZnm sc-99f1fd2f-0 NUQxh sc-149e2564-6 kjVhdX\" data-test-id=\"Name-5\">Schleifenbreite (zwischen Schleifen)<\/p>\n<div class=\"sc-59f902fd-0 kSDZnm sc-149e2564-8 juAlza\" data-test-id=\"ValueBox-5\">\n<p class=\"sc-59f902fd-0 kSDZnm sc-99f1fd2f-0 NUQxh sc-149e2564-7 lcGbrO\" data-test-id=\"Value-5\">22 mm<\/p>\n<\/div>\n<\/div>\n<\/div>\n<div class=\"sc-59f902fd-0 kSDZnm sc-149e2564-2 ifAoZh\" data-test-id=\"Section\">\n<p class=\"sc-59f902fd-0 kSDZnm sc-99f1fd2f-0 NUQxh sc-149e2564-4 bGnZnz\" data-test-id=\"SectionTitle\">Riemen<\/p>\n<div class=\"sc-59f902fd-0 kSDZnm sc-32f8a63d-0 iKoONW sc-149e2564-5 hoCRDl\" data-test-id=\"NameValueWrapper-0\">\n<p class=\"sc-59f902fd-0 kSDZnm sc-99f1fd2f-0 NUQxh sc-149e2564-6 kjVhdX\" data-test-id=\"Name-0\">Material des Gurtes<\/p>\n<div class=\"sc-59f902fd-0 kSDZnm sc-149e2564-8 juAlza\" data-test-id=\"ValueBox-0\">\n<p class=\"sc-59f902fd-0 kSDZnm sc-99f1fd2f-0 NUQxh sc-149e2564-7 lcGbrO\" data-test-id=\"Value-0\">Gummi<\/p>\n<\/div>\n<\/div>\n<div class=\"sc-59f902fd-0 kSDZnm sc-32f8a63d-0 iKoONW sc-149e2564-5 hoCRDl\" data-test-id=\"NameValueWrapper-1\">\n<p class=\"sc-59f902fd-0 kSDZnm sc-99f1fd2f-0 NUQxh sc-149e2564-6 kjVhdX\" data-test-id=\"Name-1\">Farbe des Armbands<\/p>\n<div class=\"sc-59f902fd-0 kSDZnm sc-149e2564-8 juAlza\" data-test-id=\"ValueBox-1\">\n<p class=\"sc-59f902fd-0 kSDZnm sc-99f1fd2f-0 NUQxh sc-149e2564-7 lcGbrO\" data-test-id=\"Value-1\">Schwarz<\/p>\n<\/div>\n<\/div>\n<div class=\"sc-59f902fd-0 kSDZnm sc-32f8a63d-0 iKoONW sc-149e2564-5 hoCRDl\" data-test-id=\"NameValueWrapper-2\">\n<p class=\"sc-59f902fd-0 kSDZnm sc-99f1fd2f-0 NUQxh sc-149e2564-6 kjVhdX\" data-test-id=\"Name-2\">Gurttyp<\/p>\n<div class=\"sc-59f902fd-0 kSDZnm sc-149e2564-8 juAlza\" data-test-id=\"ValueBox-2\">\n<p class=\"sc-59f902fd-0 kSDZnm sc-99f1fd2f-0 NUQxh sc-149e2564-7 lcGbrO\" data-test-id=\"Value-2\">Gerade<\/p>\n<\/div>\n<\/div>\n<div class=\"sc-59f902fd-0 kSDZnm sc-32f8a63d-0 iKoONW sc-149e2564-5 hoCRDl\" data-test-id=\"NameValueWrapper-3\">\n<p class=\"sc-59f902fd-0 kSDZnm sc-99f1fd2f-0 NUQxh sc-149e2564-6 kjVhdX\" data-test-id=\"Name-3\">Ansa<\/p>\n<div class=\"sc-59f902fd-0 kSDZnm sc-149e2564-8 juAlza\" data-test-id=\"ValueBox-3\">\n<p class=\"sc-59f902fd-0 kSDZnm sc-99f1fd2f-0 NUQxh sc-149e2564-7 lcGbrO\" data-test-id=\"Value-3\">22\/18 mm<\/p>\n<\/div>\n<\/div>\n<div class=\"sc-59f902fd-0 kSDZnm sc-32f8a63d-0 iKoONW sc-149e2564-5 hoCRDl\" data-test-id=\"NameValueWrapper-4\">\n<p class=\"sc-59f902fd-0 kSDZnm sc-99f1fd2f-0 NUQxh sc-149e2564-6 kjVhdX\" data-test-id=\"Name-4\">Material der Schnalle<\/p>\n<div class=\"sc-59f902fd-0 kSDZnm sc-149e2564-8 juAlza\" data-test-id=\"ValueBox-4\">\n<p class=\"sc-59f902fd-0 kSDZnm sc-99f1fd2f-0 NUQxh sc-149e2564-7 lcGbrO\" data-test-id=\"Value-4\">Breitlicht\u00ae<\/p>\n<\/div>\n<\/div>\n<div class=\"sc-59f902fd-0 kSDZnm sc-32f8a63d-0 iKoONW sc-149e2564-5 hoCRDl\" data-test-id=\"NameValueWrapper-5\">\n<p class=\"sc-59f902fd-0 kSDZnm sc-99f1fd2f-0 NUQxh sc-149e2564-6 kjVhdX\" data-test-id=\"Name-5\">Art der Schnalle<\/p>\n<div class=\"sc-59f902fd-0 kSDZnm sc-149e2564-8 juAlza\" data-test-id=\"ValueBox-5\">\n<p class=\"sc-59f902fd-0 kSDZnm sc-99f1fd2f-0 NUQxh sc-149e2564-7 lcGbrO\" data-test-id=\"Value-5\">Stacheldraht<\/p>\n<\/div>\n<\/div>\n<div class=\"sc-59f902fd-0 kSDZnm sc-32f8a63d-0 iKoONW sc-149e2564-5 hoCRDl\" data-test-id=\"NameValueWrapper-6\">\n<p class=\"sc-59f902fd-0 kSDZnm sc-99f1fd2f-0 NUQxh sc-149e2564-6 kjVhdX\" data-test-id=\"Name-6\">Gr\u00f6\u00dfe der Schnalle<\/p>\n<div class=\"sc-59f902fd-0 kSDZnm sc-149e2564-8 juAlza\" data-test-id=\"ValueBox-6\">\n<p class=\"sc-59f902fd-0 kSDZnm sc-99f1fd2f-0 NUQxh sc-149e2564-7 lcGbrO\" data-test-id=\"Value-6\">18 mm<\/p>\n<\/div>\n<\/div>\n<\/div>\n","protected":false},"excerpt":{"rendered":"<p>Breitling Endurance pro schwarz Ref. X82310E51B1S2 Bewegung Kaliber Breitling 82 Bewegung SuperQuartz\u2122 thermokompensiert Chronograph 1\/10 einer Sekunde, 30 Minuten Juwel 4 Rubine Kalender Ein Fenster im Zifferblatt Fall Geh\u00e4use Material Breitlicht\u00ae R\u00fcckseitiges Geh\u00e4use Schraube Wasserbest\u00e4ndigkeit 10 Takte L\u00fcnette Zweiwege, Windrose Krone Nicht verschraubt, zwei Gelenke Kristall Saphir, beidseitig antireflektierend Abmessungen Produktgewicht (ca.) 66.13 g Gewicht [&hellip;]<\/p>\n","protected":false},"featured_media":114820,"template":"","meta":{"_crdt_document":"","advanced_seo_description":"","jetpack_seo_html_title":"","jetpack_seo_noindex":false},"product_brand":[],"product_cat":[2656],"product_tag":[2688],"berocket_brand":[],"woo-feed-brand":[],"class_list":{"0":"post-114826","1":"product","2":"type-product","3":"status-publish","4":"has-post-thumbnail","6":"product_cat-breitling-de","7":"product_tag-ausdauer","9":"first","10":"outofstock","11":"sale","12":"taxable","13":"shipping-taxable","14":"purchasable","15":"product-type-simple"},"bundled_by":[],"bundle_stock_status":"outofstock","bundle_stock_quantity":0,"bundle_virtual":false,"bundle_layout":"","bundle_add_to_cart_form_location":"","bundle_editable_in_cart":false,"bundle_sold_individually_context":"","bundle_item_grouping":"","bundle_min_size":"","bundle_max_size":"","bundle_price":[],"bundled_items":[],"bundle_sell_ids":[],"group_of_quantity":0,"min_quantity":0,"max_quantity":"","exclude_order_quantity_value_rules":"no","exclude_category_quantity_rules":"no","combine_variations":"no","jetpack_sharing_enabled":true,"jetpack_likes_enabled":true,"_links":{"self":[{"href":"https:\/\/watchdeluxe.it\/de\/wp-json\/wp\/v2\/product\/114826","targetHints":{"allow":["GET"]}}],"collection":[{"href":"https:\/\/watchdeluxe.it\/de\/wp-json\/wp\/v2\/product"}],"about":[{"href":"https:\/\/watchdeluxe.it\/de\/wp-json\/wp\/v2\/types\/product"}],"wp:featuredmedia":[{"embeddable":true,"href":"https:\/\/watchdeluxe.it\/de\/wp-json\/wp\/v2\/media\/114820"}],"wp:attachment":[{"href":"https:\/\/watchdeluxe.it\/de\/wp-json\/wp\/v2\/media?parent=114826"}],"wp:term":[{"taxonomy":"product_brand","embeddable":true,"href":"https:\/\/watchdeluxe.it\/de\/wp-json\/wp\/v2\/product_brand?post=114826"},{"taxonomy":"product_cat","embeddable":true,"href":"https:\/\/watchdeluxe.it\/de\/wp-json\/wp\/v2\/product_cat?post=114826"},{"taxonomy":"product_tag","embeddable":true,"href":"https:\/\/watchdeluxe.it\/de\/wp-json\/wp\/v2\/product_tag?post=114826"},{"taxonomy":"berocket_brand","embeddable":true,"href":"https:\/\/watchdeluxe.it\/de\/wp-json\/wp\/v2\/berocket_brand?post=114826"},{"taxonomy":"woo-feed-brand","embeddable":true,"href":"https:\/\/watchdeluxe.it\/de\/wp-json\/wp\/v2\/woo-feed-brand?post=114826"}],"curies":[{"name":"wp","href":"https:\/\/api.w.org\/{rel}","templated":true}]}}