{"id":114577,"date":"2025-05-05T15:57:49","date_gmt":"2025-05-05T13:57:49","guid":{"rendered":"https:\/\/watchdeluxe.it\/prodotto\/hamilton-khaki-feld-gruen-ref-h70455160\/"},"modified":"2025-05-05T15:57:49","modified_gmt":"2025-05-05T13:57:49","slug":"hamilton-khaki-feld-gruen-ref-h70455160","status":"publish","type":"product","link":"https:\/\/watchdeluxe.it\/de\/prodotto\/hamilton-khaki-feld-gruen-ref-h70455160\/","title":{"rendered":"Hamilton Khaki Feld gr\u00fcn Ref. H70455160"},"content":{"rendered":"<p>Hamilton Khaki Feld gr\u00fcn Ref. H70455160<\/p>\n<ul class=\"row no-margin no-style-ul\">\n<li class=\"col col-1-2-m watch\">Referenz : H70455160<br \/>\nKaliber : H-10<br \/>\nKollektion : Khaki Field<br \/>\nUhrwerk : Automatikaufzug<br \/>\nGeh\u00e4useabmessungen : 38mm<br \/>\nDicke (mm) : 11.5<br \/>\nZifferblattfarbe : Gr\u00fcn<br \/>\nGeh\u00e4usematerial : Stahl<br \/>\nGlas : Saphir<br \/>\nAnsto\u00dfbreite : 20 mm<br \/>\nGangreserve : 80 Stunden<br \/>\nWasserdichtigkeit : 10 bar (100m)<br \/>\nGeh\u00e4useboden : Ja<\/li>\n<\/ul>\n<p>&nbsp;<\/p>\n<ul class=\"row no-margin no-style-ul\">\n<li class=\"col col-1-2-m strap\">\n<h4 aria-level=\"2\">ARMBAND\/ARMBAND<\/h4>\n<p>Accessoire REF : H6057041041<br \/>\nBandtyp : Stahlarmband<br \/>\nArt der Schnalle :  <span class=\"attribute-value\">Klappbare Schnalle<\/span><\/li>\n<\/ul>\n","protected":false},"excerpt":{"rendered":"<p>Hamilton Khaki Feld gr\u00fcn Ref. H70455160 Referenz : H70455160 Kaliber : H-10 Kollektion : Khaki Field Uhrwerk : Automatikaufzug Geh\u00e4useabmessungen : 38mm Dicke (mm) : 11.5 Zifferblattfarbe : Gr\u00fcn Geh\u00e4usematerial : Stahl Glas : Saphir Ansto\u00dfbreite : 20 mm Gangreserve : 80 Stunden Wasserdichtigkeit : 10 bar (100m) Geh\u00e4useboden : Ja &nbsp; ARMBAND\/ARMBAND Accessoire REF [&hellip;]<\/p>\n","protected":false},"featured_media":114573,"template":"","meta":{"_crdt_document":"","advanced_seo_description":"","jetpack_seo_html_title":"","jetpack_seo_noindex":false},"product_brand":[],"product_cat":[2303],"product_tag":[2313],"berocket_brand":[],"woo-feed-brand":[],"class_list":{"0":"post-114577","1":"product","2":"type-product","3":"status-publish","4":"has-post-thumbnail","6":"product_cat-hamilton-de","7":"product_tag-khaki-de","9":"first","10":"instock","11":"sale","12":"taxable","13":"shipping-taxable","14":"purchasable","15":"product-type-simple"},"bundled_by":[],"bundle_stock_status":"instock","bundle_stock_quantity":1,"bundle_virtual":false,"bundle_layout":"","bundle_add_to_cart_form_location":"","bundle_editable_in_cart":false,"bundle_sold_individually_context":"","bundle_item_grouping":"","bundle_min_size":"","bundle_max_size":"","bundle_price":[],"bundled_items":[],"bundle_sell_ids":[],"group_of_quantity":0,"min_quantity":0,"max_quantity":"","exclude_order_quantity_value_rules":"no","exclude_category_quantity_rules":"no","combine_variations":"no","jetpack_sharing_enabled":true,"jetpack_likes_enabled":true,"_links":{"self":[{"href":"https:\/\/watchdeluxe.it\/de\/wp-json\/wp\/v2\/product\/114577","targetHints":{"allow":["GET"]}}],"collection":[{"href":"https:\/\/watchdeluxe.it\/de\/wp-json\/wp\/v2\/product"}],"about":[{"href":"https:\/\/watchdeluxe.it\/de\/wp-json\/wp\/v2\/types\/product"}],"wp:featuredmedia":[{"embeddable":true,"href":"https:\/\/watchdeluxe.it\/de\/wp-json\/wp\/v2\/media\/114573"}],"wp:attachment":[{"href":"https:\/\/watchdeluxe.it\/de\/wp-json\/wp\/v2\/media?parent=114577"}],"wp:term":[{"taxonomy":"product_brand","embeddable":true,"href":"https:\/\/watchdeluxe.it\/de\/wp-json\/wp\/v2\/product_brand?post=114577"},{"taxonomy":"product_cat","embeddable":true,"href":"https:\/\/watchdeluxe.it\/de\/wp-json\/wp\/v2\/product_cat?post=114577"},{"taxonomy":"product_tag","embeddable":true,"href":"https:\/\/watchdeluxe.it\/de\/wp-json\/wp\/v2\/product_tag?post=114577"},{"taxonomy":"berocket_brand","embeddable":true,"href":"https:\/\/watchdeluxe.it\/de\/wp-json\/wp\/v2\/berocket_brand?post=114577"},{"taxonomy":"woo-feed-brand","embeddable":true,"href":"https:\/\/watchdeluxe.it\/de\/wp-json\/wp\/v2\/woo-feed-brand?post=114577"}],"curies":[{"name":"wp","href":"https:\/\/api.w.org\/{rel}","templated":true}]}}