{"id":114553,"date":"2025-09-22T16:22:21","date_gmt":"2025-09-22T14:22:21","guid":{"rendered":"https:\/\/watchdeluxe.it\/prodotto\/hamilton-ventur-lady-ef-h24211130\/"},"modified":"2025-09-22T16:22:24","modified_gmt":"2025-09-22T14:22:24","slug":"hamilton-ventur-lady-ef-h24211130","status":"publish","type":"product","link":"https:\/\/watchdeluxe.it\/de\/prodotto\/hamilton-ventur-lady-ef-h24211130\/","title":{"rendered":"Hamilton Ventur LADY ef. H24211130"},"content":{"rendered":"<p>Hamilton Ventur LADY ef. H24211130<\/p>\n<p>Energie\/Uhrwerk: <strong>Quarz<\/strong><br \/>\nAnzeige: <strong>Analog<\/strong><br \/>\nFunktionen: <strong>Nur Zeit<\/strong><br \/>\nWasserdicht: <strong>05 ATM wasserdicht<\/strong><br \/>\nGeh\u00e4usematerial: <strong>Stahl<\/strong><br \/>\nGeh\u00e4usefarbe: <strong>Stahl<\/strong><br \/>\nZifferblattfarbe: <strong>Schwarz<\/strong><br \/>\nArmbandmaterial:         <strong>Stahl<\/strong><br \/>\nFarbe des Armbands: <strong>Stahl<\/strong><br \/>\nGeh\u00e4usedurchmesser (mm): <strong>24<\/strong><br \/>\nUhrenglas:    <strong>Sapphire<\/strong><\/p>\n","protected":false},"excerpt":{"rendered":"<p>Hamilton Ventur LADY ef. H24211130 Energie\/Uhrwerk: Quarz Anzeige: Analog Funktionen: Nur Zeit Wasserdicht: 05 ATM wasserdicht Geh\u00e4usematerial: Stahl Geh\u00e4usefarbe: Stahl Zifferblattfarbe: Schwarz Armbandmaterial: Stahl Farbe des Armbands: Stahl Geh\u00e4usedurchmesser (mm): 24 Uhrenglas: Sapphire<\/p>\n","protected":false},"featured_media":114547,"template":"","meta":{"_crdt_document":"","advanced_seo_description":"","jetpack_seo_html_title":"","jetpack_seo_noindex":false},"product_brand":[],"product_cat":[2303],"product_tag":[2777],"berocket_brand":[],"woo-feed-brand":[],"class_list":{"0":"post-114553","1":"product","2":"type-product","3":"status-publish","4":"has-post-thumbnail","6":"product_cat-hamilton-de","7":"product_tag-ventura-de","9":"first","10":"instock","11":"sale","12":"taxable","13":"shipping-taxable","14":"purchasable","15":"product-type-simple"},"bundled_by":[],"bundle_stock_status":"instock","bundle_stock_quantity":1,"bundle_virtual":false,"bundle_layout":"","bundle_add_to_cart_form_location":"","bundle_editable_in_cart":false,"bundle_sold_individually_context":"","bundle_item_grouping":"","bundle_min_size":"","bundle_max_size":"","bundle_price":[],"bundled_items":[],"bundle_sell_ids":[],"group_of_quantity":0,"min_quantity":0,"max_quantity":"","exclude_order_quantity_value_rules":"no","exclude_category_quantity_rules":"no","combine_variations":"no","jetpack_sharing_enabled":true,"jetpack_likes_enabled":true,"_links":{"self":[{"href":"https:\/\/watchdeluxe.it\/de\/wp-json\/wp\/v2\/product\/114553","targetHints":{"allow":["GET"]}}],"collection":[{"href":"https:\/\/watchdeluxe.it\/de\/wp-json\/wp\/v2\/product"}],"about":[{"href":"https:\/\/watchdeluxe.it\/de\/wp-json\/wp\/v2\/types\/product"}],"wp:featuredmedia":[{"embeddable":true,"href":"https:\/\/watchdeluxe.it\/de\/wp-json\/wp\/v2\/media\/114547"}],"wp:attachment":[{"href":"https:\/\/watchdeluxe.it\/de\/wp-json\/wp\/v2\/media?parent=114553"}],"wp:term":[{"taxonomy":"product_brand","embeddable":true,"href":"https:\/\/watchdeluxe.it\/de\/wp-json\/wp\/v2\/product_brand?post=114553"},{"taxonomy":"product_cat","embeddable":true,"href":"https:\/\/watchdeluxe.it\/de\/wp-json\/wp\/v2\/product_cat?post=114553"},{"taxonomy":"product_tag","embeddable":true,"href":"https:\/\/watchdeluxe.it\/de\/wp-json\/wp\/v2\/product_tag?post=114553"},{"taxonomy":"berocket_brand","embeddable":true,"href":"https:\/\/watchdeluxe.it\/de\/wp-json\/wp\/v2\/berocket_brand?post=114553"},{"taxonomy":"woo-feed-brand","embeddable":true,"href":"https:\/\/watchdeluxe.it\/de\/wp-json\/wp\/v2\/woo-feed-brand?post=114553"}],"curies":[{"name":"wp","href":"https:\/\/api.w.org\/{rel}","templated":true}]}}