{"id":112865,"date":"2025-02-03T17:22:34","date_gmt":"2025-02-03T16:22:34","guid":{"rendered":"https:\/\/watchdeluxe.it\/prodotto\/breitling-avenger-gmt-44-night-missiomn-ref-s32320101b1x1\/"},"modified":"2026-04-10T16:39:33","modified_gmt":"2026-04-10T14:39:33","slug":"breitling-avenger-gmt-44-night-missiomn-ref-s32320101b1x1","status":"publish","type":"product","link":"https:\/\/watchdeluxe.it\/de\/prodotto\/breitling-avenger-gmt-44-night-missiomn-ref-s32320101b1x1\/","title":{"rendered":"Breitling Avenger GMT 44 Night Missiomn ref. S32320101B1X1"},"content":{"rendered":"<p>Breitling Avenger GMT 44 Night Missiomn ref. S32320101B1X1<\/p>\n<p>FormRund<br \/>\nGr\u00f6\u00dfe44 MM<br \/>\nGeh\u00e4usematerialKeramik<br \/>\nGlastypSaphir<br \/>\nWasserdichtigkeit300 M<\/p>\n<p>Bewegung<\/p>\n<p>WerkAutomatik<br \/>\nKaliberBreitling 32<\/p>\n<p>Funktionen<\/p>\n<p>KomplikationDoppelte Zeitzone<br \/>\nDatumsanzeigeDatum<\/p>\n<p>W\u00e4hlen Sie<\/p>\n<p>ZifferblattTarnmuster<\/p>\n<p>Armb\u00e4nder<\/p>\n<p>ArmbandKalb<\/p>\n","protected":false},"excerpt":{"rendered":"<p>Breitling Avenger GMT 44 Night Missiomn ref. S32320101B1X1 FormRund Gr\u00f6\u00dfe44 MM Geh\u00e4usematerialKeramik GlastypSaphir Wasserdichtigkeit300 M Bewegung WerkAutomatik KaliberBreitling 32 Funktionen KomplikationDoppelte Zeitzone DatumsanzeigeDatum W\u00e4hlen Sie ZifferblattTarnmuster Armb\u00e4nder ArmbandKalb<\/p>\n","protected":false},"featured_media":168611,"template":"","meta":{"_crdt_document":"","advanced_seo_description":"","jetpack_seo_html_title":"","jetpack_seo_noindex":false},"product_brand":[],"product_cat":[2656],"product_tag":[2681],"berocket_brand":[],"woo-feed-brand":[],"class_list":{"0":"post-112865","1":"product","2":"type-product","3":"status-publish","4":"has-post-thumbnail","6":"product_cat-breitling-de","7":"product_tag-avenger-de","9":"first","10":"instock","11":"sale","12":"taxable","13":"shipping-taxable","14":"purchasable","15":"product-type-simple"},"bundled_by":[],"bundle_stock_status":"instock","bundle_stock_quantity":1,"bundle_virtual":false,"bundle_layout":"","bundle_add_to_cart_form_location":"","bundle_editable_in_cart":false,"bundle_sold_individually_context":"","bundle_item_grouping":"","bundle_min_size":"","bundle_max_size":"","bundle_price":[],"bundled_items":[],"bundle_sell_ids":[],"group_of_quantity":0,"min_quantity":0,"max_quantity":"","exclude_order_quantity_value_rules":"no","exclude_category_quantity_rules":"no","combine_variations":"no","jetpack_sharing_enabled":true,"jetpack_likes_enabled":true,"_links":{"self":[{"href":"https:\/\/watchdeluxe.it\/de\/wp-json\/wp\/v2\/product\/112865","targetHints":{"allow":["GET"]}}],"collection":[{"href":"https:\/\/watchdeluxe.it\/de\/wp-json\/wp\/v2\/product"}],"about":[{"href":"https:\/\/watchdeluxe.it\/de\/wp-json\/wp\/v2\/types\/product"}],"wp:featuredmedia":[{"embeddable":true,"href":"https:\/\/watchdeluxe.it\/de\/wp-json\/wp\/v2\/media\/168611"}],"wp:attachment":[{"href":"https:\/\/watchdeluxe.it\/de\/wp-json\/wp\/v2\/media?parent=112865"}],"wp:term":[{"taxonomy":"product_brand","embeddable":true,"href":"https:\/\/watchdeluxe.it\/de\/wp-json\/wp\/v2\/product_brand?post=112865"},{"taxonomy":"product_cat","embeddable":true,"href":"https:\/\/watchdeluxe.it\/de\/wp-json\/wp\/v2\/product_cat?post=112865"},{"taxonomy":"product_tag","embeddable":true,"href":"https:\/\/watchdeluxe.it\/de\/wp-json\/wp\/v2\/product_tag?post=112865"},{"taxonomy":"berocket_brand","embeddable":true,"href":"https:\/\/watchdeluxe.it\/de\/wp-json\/wp\/v2\/berocket_brand?post=112865"},{"taxonomy":"woo-feed-brand","embeddable":true,"href":"https:\/\/watchdeluxe.it\/de\/wp-json\/wp\/v2\/woo-feed-brand?post=112865"}],"curies":[{"name":"wp","href":"https:\/\/api.w.org\/{rel}","templated":true}]}}