{"id":111855,"date":"2024-12-05T17:27:57","date_gmt":"2024-12-05T16:27:57","guid":{"rendered":"https:\/\/watchdeluxe.it\/prodotto\/montblanc-schwarzer-lederguertel-ref-199101\/"},"modified":"2024-12-05T17:27:57","modified_gmt":"2024-12-05T16:27:57","slug":"montblanc-schwarzer-lederguertel-ref-199101","status":"publish","type":"product","link":"https:\/\/watchdeluxe.it\/de\/prodotto\/montblanc-schwarzer-lederguertel-ref-199101\/","title":{"rendered":"Montblanc schwarzer Lederg\u00fcrtel Ref. 199101"},"content":{"rendered":"<p>Montblanc schwarzer Lederg\u00fcrtel Ref. 199101<\/p>\n<ul>\n<li>Hergestellt aus hochwertigem <strong>glattem Rindsleder<\/strong>;<\/li>\n<li>Rechteckige Schlie\u00dfe aus schwarz gef\u00e4rbtem Stahl mit polierter schwarzer PVD-Beschichtung;<\/li>\n<li>Schwarzes Leder;<\/li>\n<li><strong>Abmessungen<\/strong>: 120 cm x 5 cm x 3,5 cm<\/li>\n<\/ul>\n","protected":false},"excerpt":{"rendered":"<p>Montblanc schwarzer Lederg\u00fcrtel Ref. 199101 Hergestellt aus hochwertigem glattem Rindsleder; Rechteckige Schlie\u00dfe aus schwarz gef\u00e4rbtem Stahl mit polierter schwarzer PVD-Beschichtung; Schwarzes Leder; Abmessungen: 120 cm x 5 cm x 3,5 cm<\/p>\n","protected":false},"featured_media":111851,"template":"","meta":{"_crdt_document":"","advanced_seo_description":"","jetpack_seo_html_title":"","jetpack_seo_noindex":false},"product_brand":[],"product_cat":[2250,3721],"product_tag":[2275],"berocket_brand":[],"woo-feed-brand":[],"class_list":{"0":"post-111855","1":"product","2":"type-product","3":"status-publish","4":"has-post-thumbnail","6":"product_cat-montblanc-de","7":"product_cat-unkategorisiert","8":"product_tag-gurtel","10":"first","11":"instock","12":"sale","13":"taxable","14":"shipping-taxable","15":"purchasable","16":"product-type-simple"},"bundled_by":[],"bundle_stock_status":"instock","bundle_stock_quantity":1,"bundle_virtual":false,"bundle_layout":"","bundle_add_to_cart_form_location":"","bundle_editable_in_cart":false,"bundle_sold_individually_context":"","bundle_item_grouping":"","bundle_min_size":"","bundle_max_size":"","bundle_price":[],"bundled_items":[],"bundle_sell_ids":[],"group_of_quantity":0,"min_quantity":0,"max_quantity":"","exclude_order_quantity_value_rules":"no","exclude_category_quantity_rules":"no","combine_variations":"no","jetpack_sharing_enabled":true,"jetpack_likes_enabled":true,"_links":{"self":[{"href":"https:\/\/watchdeluxe.it\/de\/wp-json\/wp\/v2\/product\/111855","targetHints":{"allow":["GET"]}}],"collection":[{"href":"https:\/\/watchdeluxe.it\/de\/wp-json\/wp\/v2\/product"}],"about":[{"href":"https:\/\/watchdeluxe.it\/de\/wp-json\/wp\/v2\/types\/product"}],"wp:featuredmedia":[{"embeddable":true,"href":"https:\/\/watchdeluxe.it\/de\/wp-json\/wp\/v2\/media\/111851"}],"wp:attachment":[{"href":"https:\/\/watchdeluxe.it\/de\/wp-json\/wp\/v2\/media?parent=111855"}],"wp:term":[{"taxonomy":"product_brand","embeddable":true,"href":"https:\/\/watchdeluxe.it\/de\/wp-json\/wp\/v2\/product_brand?post=111855"},{"taxonomy":"product_cat","embeddable":true,"href":"https:\/\/watchdeluxe.it\/de\/wp-json\/wp\/v2\/product_cat?post=111855"},{"taxonomy":"product_tag","embeddable":true,"href":"https:\/\/watchdeluxe.it\/de\/wp-json\/wp\/v2\/product_tag?post=111855"},{"taxonomy":"berocket_brand","embeddable":true,"href":"https:\/\/watchdeluxe.it\/de\/wp-json\/wp\/v2\/berocket_brand?post=111855"},{"taxonomy":"woo-feed-brand","embeddable":true,"href":"https:\/\/watchdeluxe.it\/de\/wp-json\/wp\/v2\/woo-feed-brand?post=111855"}],"curies":[{"name":"wp","href":"https:\/\/api.w.org\/{rel}","templated":true}]}}