{"id":111817,"date":"2024-12-05T17:20:22","date_gmt":"2024-12-05T16:20:22","guid":{"rendered":"https:\/\/watchdeluxe.it\/prodotto\/montblanc-kreditkartenetui-4cc-meisterstueck-dunkel-rost-ref-198811\/"},"modified":"2024-12-05T17:20:22","modified_gmt":"2024-12-05T16:20:22","slug":"montblanc-kreditkartenetui-4cc-meisterstueck-dunkel-rost-ref-198811","status":"publish","type":"product","link":"https:\/\/watchdeluxe.it\/de\/prodotto\/montblanc-kreditkartenetui-4cc-meisterstueck-dunkel-rost-ref-198811\/","title":{"rendered":"Montblanc Kreditkartenetui 4cc Meisterst\u00fcck dunkel Rost Ref. 198811"},"content":{"rendered":"<p>Montblanc Meisterst\u00fcck 4cc Kartenetui Dunkelrost Ref. 198811 Das Meisterst\u00fcck 4cc Kartenetui ist der perfekte Begleiter f\u00fcr jeden Tag und bietet Platz f\u00fcr Visitenkarten und vier F\u00e4cher f\u00fcr Kreditkarten. Warmes rostfarbenes Leder und das kultige Montblanc Emblem auf der Vorderseite vervollst\u00e4ndigen den Stil.<\/p>\n<p>&nbsp;<\/p>\n<p>Material Vollnarbiges Rindsleder Farbe Dunkelrost<\/p>\n<p>Futterstoff<\/p>\n<p>Abmessungen 70 x 20 x 105 mm<\/p>\n","protected":false},"excerpt":{"rendered":"<p>Montblanc Meisterst\u00fcck 4cc Kartenetui Dunkelrost Ref. 198811 Das Meisterst\u00fcck 4cc Kartenetui ist der perfekte Begleiter f\u00fcr jeden Tag und bietet Platz f\u00fcr Visitenkarten und vier F\u00e4cher f\u00fcr Kreditkarten. Warmes rostfarbenes Leder und das kultige Montblanc Emblem auf der Vorderseite vervollst\u00e4ndigen den Stil. &nbsp; Material Vollnarbiges Rindsleder Farbe Dunkelrost Futterstoff Abmessungen 70 x 20 x 105 [&hellip;]<\/p>\n","protected":false},"featured_media":111813,"template":"","meta":{"_crdt_document":"","advanced_seo_description":"","jetpack_seo_html_title":"","jetpack_seo_noindex":false},"product_brand":[1907],"product_cat":[2250],"product_tag":[3150],"berocket_brand":[],"woo-feed-brand":[],"class_list":{"0":"post-111817","1":"product","2":"type-product","3":"status-publish","4":"has-post-thumbnail","6":"product_brand-montblanc","7":"product_cat-montblanc-de","8":"product_tag-karteninhaber","10":"first","11":"instock","12":"sale","13":"taxable","14":"shipping-taxable","15":"purchasable","16":"product-type-simple"},"bundled_by":[],"bundle_stock_status":"instock","bundle_stock_quantity":1,"bundle_virtual":false,"bundle_layout":"","bundle_add_to_cart_form_location":"","bundle_editable_in_cart":false,"bundle_sold_individually_context":"","bundle_item_grouping":"","bundle_min_size":"","bundle_max_size":"","bundle_price":[],"bundled_items":[],"bundle_sell_ids":[],"group_of_quantity":0,"min_quantity":0,"max_quantity":"","exclude_order_quantity_value_rules":"no","exclude_category_quantity_rules":"no","combine_variations":"no","exclude_global_add_ons":[],"addons":[],"jetpack_sharing_enabled":true,"jetpack_likes_enabled":true,"_links":{"self":[{"href":"https:\/\/watchdeluxe.it\/de\/wp-json\/wp\/v2\/product\/111817","targetHints":{"allow":["GET"]}}],"collection":[{"href":"https:\/\/watchdeluxe.it\/de\/wp-json\/wp\/v2\/product"}],"about":[{"href":"https:\/\/watchdeluxe.it\/de\/wp-json\/wp\/v2\/types\/product"}],"wp:featuredmedia":[{"embeddable":true,"href":"https:\/\/watchdeluxe.it\/de\/wp-json\/wp\/v2\/media\/111813"}],"wp:attachment":[{"href":"https:\/\/watchdeluxe.it\/de\/wp-json\/wp\/v2\/media?parent=111817"}],"wp:term":[{"taxonomy":"product_brand","embeddable":true,"href":"https:\/\/watchdeluxe.it\/de\/wp-json\/wp\/v2\/product_brand?post=111817"},{"taxonomy":"product_cat","embeddable":true,"href":"https:\/\/watchdeluxe.it\/de\/wp-json\/wp\/v2\/product_cat?post=111817"},{"taxonomy":"product_tag","embeddable":true,"href":"https:\/\/watchdeluxe.it\/de\/wp-json\/wp\/v2\/product_tag?post=111817"},{"taxonomy":"berocket_brand","embeddable":true,"href":"https:\/\/watchdeluxe.it\/de\/wp-json\/wp\/v2\/berocket_brand?post=111817"},{"taxonomy":"woo-feed-brand","embeddable":true,"href":"https:\/\/watchdeluxe.it\/de\/wp-json\/wp\/v2\/woo-feed-brand?post=111817"}],"curies":[{"name":"wp","href":"https:\/\/api.w.org\/{rel}","templated":true}]}}