{"id":111377,"date":"2025-09-23T16:20:58","date_gmt":"2025-09-23T14:20:58","guid":{"rendered":"https:\/\/watchdeluxe.it\/prodotto\/zenith-defy-skyline-chronograph-ref-03-9500-3600-01-i001\/"},"modified":"2026-04-09T09:47:58","modified_gmt":"2026-04-09T07:47:58","slug":"zenith-defy-skyline-chronograph-ref-03-9500-3600-01-i001","status":"publish","type":"product","link":"https:\/\/watchdeluxe.it\/de\/prodotto\/zenith-defy-skyline-chronograph-ref-03-9500-3600-01-i001\/","title":{"rendered":"Zenith Defy Skyline Chronograph Ref. 03.9500.3600\/01.I001"},"content":{"rendered":"<p>Zenith Defy Skyline Chronograph Ref. 03.9500.3600\/01.I001<\/p>\n<p>FormRund<br \/>\nGr\u00f6\u00dfe42 MM<br \/>\nGeh\u00e4usematerialStahl<br \/>\nWasserdichtigkeit100 M<\/p>\n<p>Bewegung<\/p>\n<p>BewegungAutomatisch<\/p>\n<p>Funktionen<\/p>\n<p>KomplikationChronograph<br \/>\nDatumsanzeigeDatum<\/p>\n<p>W\u00e4hlen Sie<\/p>\n<p>ZifferblattSilber mit Sonnenschliff<\/p>\n<p>Armb\u00e4nder<\/p>\n<p>ArmbandStahl<\/p>\n","protected":false},"excerpt":{"rendered":"<p>Zenith Defy Skyline Chronograph Ref. 03.9500.3600\/01.I001 FormRund Gr\u00f6\u00dfe42 MM Geh\u00e4usematerialStahl Wasserdichtigkeit100 M Bewegung BewegungAutomatisch Funktionen KomplikationChronograph DatumsanzeigeDatum W\u00e4hlen Sie ZifferblattSilber mit Sonnenschliff Armb\u00e4nder ArmbandStahl<\/p>\n","protected":false},"featured_media":164550,"template":"","meta":{"_crdt_document":"","advanced_seo_description":"","jetpack_seo_html_title":"","jetpack_seo_noindex":false},"product_brand":[],"product_cat":[1924],"product_tag":[1430],"berocket_brand":[],"woo-feed-brand":[],"class_list":{"0":"post-111377","1":"product","2":"type-product","3":"status-publish","4":"has-post-thumbnail","6":"product_cat-zenith","7":"product_tag-defy","9":"first","10":"instock","11":"sale","12":"taxable","13":"shipping-taxable","14":"purchasable","15":"product-type-simple"},"bundled_by":[],"bundle_stock_status":"instock","bundle_stock_quantity":1,"bundle_virtual":false,"bundle_layout":"","bundle_add_to_cart_form_location":"","bundle_editable_in_cart":false,"bundle_sold_individually_context":"","bundle_item_grouping":"","bundle_min_size":"","bundle_max_size":"","bundle_price":[],"bundled_items":[],"bundle_sell_ids":[],"group_of_quantity":0,"min_quantity":0,"max_quantity":"","exclude_order_quantity_value_rules":"no","exclude_category_quantity_rules":"no","combine_variations":"no","jetpack_sharing_enabled":true,"jetpack_likes_enabled":true,"_links":{"self":[{"href":"https:\/\/watchdeluxe.it\/de\/wp-json\/wp\/v2\/product\/111377","targetHints":{"allow":["GET"]}}],"collection":[{"href":"https:\/\/watchdeluxe.it\/de\/wp-json\/wp\/v2\/product"}],"about":[{"href":"https:\/\/watchdeluxe.it\/de\/wp-json\/wp\/v2\/types\/product"}],"wp:featuredmedia":[{"embeddable":true,"href":"https:\/\/watchdeluxe.it\/de\/wp-json\/wp\/v2\/media\/164550"}],"wp:attachment":[{"href":"https:\/\/watchdeluxe.it\/de\/wp-json\/wp\/v2\/media?parent=111377"}],"wp:term":[{"taxonomy":"product_brand","embeddable":true,"href":"https:\/\/watchdeluxe.it\/de\/wp-json\/wp\/v2\/product_brand?post=111377"},{"taxonomy":"product_cat","embeddable":true,"href":"https:\/\/watchdeluxe.it\/de\/wp-json\/wp\/v2\/product_cat?post=111377"},{"taxonomy":"product_tag","embeddable":true,"href":"https:\/\/watchdeluxe.it\/de\/wp-json\/wp\/v2\/product_tag?post=111377"},{"taxonomy":"berocket_brand","embeddable":true,"href":"https:\/\/watchdeluxe.it\/de\/wp-json\/wp\/v2\/berocket_brand?post=111377"},{"taxonomy":"woo-feed-brand","embeddable":true,"href":"https:\/\/watchdeluxe.it\/de\/wp-json\/wp\/v2\/woo-feed-brand?post=111377"}],"curies":[{"name":"wp","href":"https:\/\/api.w.org\/{rel}","templated":true}]}}