{"id":111231,"date":"2024-11-26T16:51:10","date_gmt":"2024-11-26T15:51:10","guid":{"rendered":"https:\/\/watchdeluxe.it\/prodotto\/omega-seamaster-planet-ocean-600m-chronograph-ref-215-32-46-51-01-004\/"},"modified":"2024-11-26T16:51:10","modified_gmt":"2024-11-26T15:51:10","slug":"omega-seamaster-planet-ocean-600m-chronograph-ref-215-32-46-51-01-004","status":"publish","type":"product","link":"https:\/\/watchdeluxe.it\/de\/prodotto\/omega-seamaster-planet-ocean-600m-chronograph-ref-215-32-46-51-01-004\/","title":{"rendered":"Omega Seamaster Planet Ocean 600M Chronograph Ref. 215.32.46.51.01.004"},"content":{"rendered":"<p>Planet Ocean 600M Chronograph Ref. 215.32.46.51.01.004<\/p>\n<p><b>Uhrwerk:<\/b> Automatischer Aufzug<br \/>\n<b>Gangreserve:<\/b> 60 Stunden<br \/>\n<b>Zifferblatt:<\/b> Grau<br \/>\n<b>Indikatoren:<\/b> Arabische Ziffern und Indizes<br \/>\n<b>Geh\u00e4use:<\/b> Stahl<br \/>\n<b>Gr\u00f6\u00dfe:<\/b> 45,5 mm <b>Armband:<\/b> Grau Gummi <b>Wasserdichtigkeit:<\/b> 60 bar<\/p>\n<p><b>Glas:<\/b> Kratzfestes Saphirglas mit beidseitiger Mehrschicht-Antireflexionsbeschichtung<\/p>\n","protected":false},"excerpt":{"rendered":"<p>Planet Ocean 600M Chronograph Ref. 215.32.46.51.01.004 Uhrwerk: Automatischer Aufzug Gangreserve: 60 Stunden Zifferblatt: Grau Indikatoren: Arabische Ziffern und Indizes Geh\u00e4use: Stahl Gr\u00f6\u00dfe: 45,5 mm Armband: Grau Gummi Wasserdichtigkeit: 60 bar Glas: Kratzfestes Saphirglas mit beidseitiger Mehrschicht-Antireflexionsbeschichtung<\/p>\n","protected":false},"featured_media":111228,"template":"","meta":{"_crdt_document":"","advanced_seo_description":"","jetpack_seo_html_title":"","jetpack_seo_noindex":false},"product_brand":[2155],"product_cat":[2280],"product_tag":[3987],"berocket_brand":[],"woo-feed-brand":[],"class_list":{"0":"post-111231","1":"product","2":"type-product","3":"status-publish","4":"has-post-thumbnail","6":"product_brand-omega","7":"product_cat-omega-de","8":"product_tag-planet-ozean","10":"first","11":"instock","12":"sale","13":"taxable","14":"shipping-taxable","15":"purchasable","16":"product-type-simple"},"bundled_by":[],"bundle_stock_status":"instock","bundle_stock_quantity":1,"bundle_virtual":false,"bundle_layout":"","bundle_add_to_cart_form_location":"","bundle_editable_in_cart":false,"bundle_sold_individually_context":"","bundle_item_grouping":"","bundle_min_size":"","bundle_max_size":"","bundle_price":[],"bundled_items":[],"bundle_sell_ids":[],"group_of_quantity":0,"min_quantity":0,"max_quantity":"","exclude_order_quantity_value_rules":"no","exclude_category_quantity_rules":"no","combine_variations":"no","jetpack_sharing_enabled":true,"jetpack_likes_enabled":true,"_links":{"self":[{"href":"https:\/\/watchdeluxe.it\/de\/wp-json\/wp\/v2\/product\/111231","targetHints":{"allow":["GET"]}}],"collection":[{"href":"https:\/\/watchdeluxe.it\/de\/wp-json\/wp\/v2\/product"}],"about":[{"href":"https:\/\/watchdeluxe.it\/de\/wp-json\/wp\/v2\/types\/product"}],"wp:featuredmedia":[{"embeddable":true,"href":"https:\/\/watchdeluxe.it\/de\/wp-json\/wp\/v2\/media\/111228"}],"wp:attachment":[{"href":"https:\/\/watchdeluxe.it\/de\/wp-json\/wp\/v2\/media?parent=111231"}],"wp:term":[{"taxonomy":"product_brand","embeddable":true,"href":"https:\/\/watchdeluxe.it\/de\/wp-json\/wp\/v2\/product_brand?post=111231"},{"taxonomy":"product_cat","embeddable":true,"href":"https:\/\/watchdeluxe.it\/de\/wp-json\/wp\/v2\/product_cat?post=111231"},{"taxonomy":"product_tag","embeddable":true,"href":"https:\/\/watchdeluxe.it\/de\/wp-json\/wp\/v2\/product_tag?post=111231"},{"taxonomy":"berocket_brand","embeddable":true,"href":"https:\/\/watchdeluxe.it\/de\/wp-json\/wp\/v2\/berocket_brand?post=111231"},{"taxonomy":"woo-feed-brand","embeddable":true,"href":"https:\/\/watchdeluxe.it\/de\/wp-json\/wp\/v2\/woo-feed-brand?post=111231"}],"curies":[{"name":"wp","href":"https:\/\/api.w.org\/{rel}","templated":true}]}}