{"id":110949,"date":"2024-11-26T14:37:14","date_gmt":"2024-11-26T13:37:14","guid":{"rendered":"https:\/\/watchdeluxe.it\/prodotto\/nomos-tangente-38-datum-poporange-ref-179-s13\/"},"modified":"2025-05-12T15:37:27","modified_gmt":"2025-05-12T13:37:27","slug":"nomos-tangente-38-datum-poporange-ref-179-s13","status":"publish","type":"product","link":"https:\/\/watchdeluxe.it\/de\/prodotto\/nomos-tangente-38-datum-poporange-ref-179-s13\/","title":{"rendered":"Nomos Tangente 38 Datum Poporange ref. 179.s13"},"content":{"rendered":"<p>Nomos Tangente 38 Datum Poporange ref. 179.s13<\/p>\n<div class=\"list-couple\">\n<div class=\"specs-list\">\n<dl>\n<dt>Geh\u00e4use<\/dt>\n<dd>\nEdelstahl, zweiteiliger Saphirglasboden<\/dd>\n<\/dl>\n<dl>\n<dt>Glas<\/dt>\n<dd>Saphirglas<\/dd>\n<\/dl>\n<dl>\n<dt>Laden Sie<\/dt>\n<dd>manuell<\/dd>\n<\/dl>\n<dl>\n<dt>Abmessungen<\/dt>\n<dd>\n<p>Durchmesser <span class=\"size-property\"> 37,5 mm <\/span> Dicke<span class=\"size-property\"> 6,8 mm <\/span> \u00c4u\u00dfere Schlaufengr\u00f6\u00dfe<span class=\"size-property\"> 47,7 mm <\/span><\/dd>\n<\/dl>\n<dl>\n<dt>Wasserbest\u00e4ndigkeit<\/dt>\n<dd>3 atm (spritzwassergesch\u00fctzt)<\/dd>\n<\/dl>\n<\/div>\n<div class=\"specs-list\">\n<dl>\n<dt>W\u00e4hlen Sie<\/dt>\n<dd>\n<p>dunkelorangefarbene Secondina orangefarbene Datumsanzeige bei 6 Uhr, Datumshintergrund dunkelorange<\/dd>\n<\/dl>\n<dl>\n<dt>Zeiger<\/dt>\n<dd>rhodiniert<\/dd>\n<\/dl>\n<dl>\n<dt>Riemen<\/dt>\n<dd>\ndunkelgraues, gewebtes, wasserabweisendes Gewebeband<span class=\"size-property\"> Ansto\u00dfbreite 19 mm <\/span><\/dd>\n<\/dl>\n<dl>\n<dt>LIMITIERTE AUFLAGE MIT GRAVUR<\/dt>\n<dd>Limitierte Auflage Tangente &#8211; 175 Jahre Uhrmacherei Glash\u00fctte Poporange 1\/175<\/dd>\n<\/dl>\n<\/div>\n<\/div>\n","protected":false},"excerpt":{"rendered":"<p>Nomos Tangente 38 Datum Poporange ref. 179.s13 Geh\u00e4use Edelstahl, zweiteiliger Saphirglasboden Glas Saphirglas Laden Sie manuell Abmessungen Durchmesser 37,5 mm Dicke 6,8 mm \u00c4u\u00dfere Schlaufengr\u00f6\u00dfe 47,7 mm Wasserbest\u00e4ndigkeit 3 atm (spritzwassergesch\u00fctzt) W\u00e4hlen Sie dunkelorangefarbene Secondina orangefarbene Datumsanzeige bei 6 Uhr, Datumshintergrund dunkelorange Zeiger rhodiniert Riemen dunkelgraues, gewebtes, wasserabweisendes Gewebeband Ansto\u00dfbreite 19 mm LIMITIERTE AUFLAGE MIT [&hellip;]<\/p>\n","protected":false},"featured_media":110946,"template":"","meta":{"_crdt_document":"","advanced_seo_description":"","jetpack_seo_html_title":"","jetpack_seo_noindex":false},"product_brand":[2154],"product_cat":[2382],"product_tag":[2421],"berocket_brand":[],"woo-feed-brand":[],"class_list":{"0":"post-110949","1":"product","2":"type-product","3":"status-publish","4":"has-post-thumbnail","6":"product_brand-nomos-glashutte","7":"product_cat-nomos-glashutte-de","8":"product_tag-tangent-de","10":"first","11":"instock","12":"sale","13":"taxable","14":"shipping-taxable","15":"purchasable","16":"product-type-simple"},"bundled_by":[],"bundle_stock_status":"instock","bundle_stock_quantity":1,"bundle_virtual":false,"bundle_layout":"","bundle_add_to_cart_form_location":"","bundle_editable_in_cart":false,"bundle_sold_individually_context":"","bundle_item_grouping":"","bundle_min_size":"","bundle_max_size":"","bundle_price":[],"bundled_items":[],"bundle_sell_ids":[],"group_of_quantity":0,"min_quantity":0,"max_quantity":"","exclude_order_quantity_value_rules":"no","exclude_category_quantity_rules":"no","combine_variations":"no","jetpack_sharing_enabled":true,"jetpack_likes_enabled":true,"_links":{"self":[{"href":"https:\/\/watchdeluxe.it\/de\/wp-json\/wp\/v2\/product\/110949","targetHints":{"allow":["GET"]}}],"collection":[{"href":"https:\/\/watchdeluxe.it\/de\/wp-json\/wp\/v2\/product"}],"about":[{"href":"https:\/\/watchdeluxe.it\/de\/wp-json\/wp\/v2\/types\/product"}],"wp:featuredmedia":[{"embeddable":true,"href":"https:\/\/watchdeluxe.it\/de\/wp-json\/wp\/v2\/media\/110946"}],"wp:attachment":[{"href":"https:\/\/watchdeluxe.it\/de\/wp-json\/wp\/v2\/media?parent=110949"}],"wp:term":[{"taxonomy":"product_brand","embeddable":true,"href":"https:\/\/watchdeluxe.it\/de\/wp-json\/wp\/v2\/product_brand?post=110949"},{"taxonomy":"product_cat","embeddable":true,"href":"https:\/\/watchdeluxe.it\/de\/wp-json\/wp\/v2\/product_cat?post=110949"},{"taxonomy":"product_tag","embeddable":true,"href":"https:\/\/watchdeluxe.it\/de\/wp-json\/wp\/v2\/product_tag?post=110949"},{"taxonomy":"berocket_brand","embeddable":true,"href":"https:\/\/watchdeluxe.it\/de\/wp-json\/wp\/v2\/berocket_brand?post=110949"},{"taxonomy":"woo-feed-brand","embeddable":true,"href":"https:\/\/watchdeluxe.it\/de\/wp-json\/wp\/v2\/woo-feed-brand?post=110949"}],"curies":[{"name":"wp","href":"https:\/\/api.w.org\/{rel}","templated":true}]}}