{"id":110583,"date":"2024-11-25T15:28:35","date_gmt":"2024-11-25T14:28:35","guid":{"rendered":"https:\/\/watchdeluxe.it\/prodotto\/montblanc-slim-brieftasche-trio-soft-4-faecher-ref-198145\/"},"modified":"2024-11-25T15:28:35","modified_gmt":"2024-11-25T14:28:35","slug":"montblanc-slim-brieftasche-trio-soft-4-faecher-ref-198145","status":"publish","type":"product","link":"https:\/\/watchdeluxe.it\/de\/prodotto\/montblanc-slim-brieftasche-trio-soft-4-faecher-ref-198145\/","title":{"rendered":"Montblanc Slim Brieftasche TRIO SOFT 4 F\u00e4cher Ref. 198145"},"content":{"rendered":"<p>Montblanc Slim Wallet TRIO SOFT 4 F\u00e4cher Ref. 198145 Slim Wallet TRIO SOFT aus weicherem schwarzem Leder, mit vier Kreditkartenf\u00e4chern, einem separaten Fach f\u00fcr Geldscheine und dem Montblanc Emblem. Diese dreifach schmale Brieftasche ist so konzipiert, dass sie alle Ihre wichtigen Dinge aufnimmt und bequem in Ihre Tasche passt. Abmessungen: 100 x 10 x 80 mm Merkmale: Schwarzes Leder. Vier Kreditkartenf\u00e4cher, ein separates Fach f\u00fcr Geldscheine<\/p>\n","protected":false},"excerpt":{"rendered":"<p>Montblanc Slim Wallet TRIO SOFT 4 F\u00e4cher Ref. 198145 Slim Wallet TRIO SOFT aus weicherem schwarzem Leder, mit vier Kreditkartenf\u00e4chern, einem separaten Fach f\u00fcr Geldscheine und dem Montblanc Emblem. Diese dreifach schmale Brieftasche ist so konzipiert, dass sie alle Ihre wichtigen Dinge aufnimmt und bequem in Ihre Tasche passt. Abmessungen: 100 x 10 x 80 [&hellip;]<\/p>\n","protected":false},"featured_media":110580,"template":"","meta":{"_crdt_document":"","advanced_seo_description":"","jetpack_seo_html_title":"","jetpack_seo_noindex":false},"product_brand":[],"product_cat":[2250],"product_tag":[2346],"berocket_brand":[],"woo-feed-brand":[],"class_list":{"0":"post-110583","1":"product","2":"type-product","3":"status-publish","4":"has-post-thumbnail","6":"product_cat-montblanc-de","7":"product_tag-brieftasche","9":"first","10":"instock","11":"sale","12":"taxable","13":"shipping-taxable","14":"purchasable","15":"product-type-simple"},"bundled_by":[],"bundle_stock_status":"instock","bundle_stock_quantity":1,"bundle_virtual":false,"bundle_layout":"","bundle_add_to_cart_form_location":"","bundle_editable_in_cart":false,"bundle_sold_individually_context":"","bundle_item_grouping":"","bundle_min_size":"","bundle_max_size":"","bundle_price":[],"bundled_items":[],"bundle_sell_ids":[],"group_of_quantity":0,"min_quantity":0,"max_quantity":"","exclude_order_quantity_value_rules":"no","exclude_category_quantity_rules":"no","combine_variations":"no","jetpack_sharing_enabled":true,"jetpack_likes_enabled":true,"_links":{"self":[{"href":"https:\/\/watchdeluxe.it\/de\/wp-json\/wp\/v2\/product\/110583","targetHints":{"allow":["GET"]}}],"collection":[{"href":"https:\/\/watchdeluxe.it\/de\/wp-json\/wp\/v2\/product"}],"about":[{"href":"https:\/\/watchdeluxe.it\/de\/wp-json\/wp\/v2\/types\/product"}],"wp:featuredmedia":[{"embeddable":true,"href":"https:\/\/watchdeluxe.it\/de\/wp-json\/wp\/v2\/media\/110580"}],"wp:attachment":[{"href":"https:\/\/watchdeluxe.it\/de\/wp-json\/wp\/v2\/media?parent=110583"}],"wp:term":[{"taxonomy":"product_brand","embeddable":true,"href":"https:\/\/watchdeluxe.it\/de\/wp-json\/wp\/v2\/product_brand?post=110583"},{"taxonomy":"product_cat","embeddable":true,"href":"https:\/\/watchdeluxe.it\/de\/wp-json\/wp\/v2\/product_cat?post=110583"},{"taxonomy":"product_tag","embeddable":true,"href":"https:\/\/watchdeluxe.it\/de\/wp-json\/wp\/v2\/product_tag?post=110583"},{"taxonomy":"berocket_brand","embeddable":true,"href":"https:\/\/watchdeluxe.it\/de\/wp-json\/wp\/v2\/berocket_brand?post=110583"},{"taxonomy":"woo-feed-brand","embeddable":true,"href":"https:\/\/watchdeluxe.it\/de\/wp-json\/wp\/v2\/woo-feed-brand?post=110583"}],"curies":[{"name":"wp","href":"https:\/\/api.w.org\/{rel}","templated":true}]}}