{"id":110507,"date":"2024-11-25T12:03:13","date_gmt":"2024-11-25T11:03:13","guid":{"rendered":"https:\/\/watchdeluxe.it\/prodotto\/montblanc-fuellfederhalter-masters-of-art-hommage-an-gustav-klimt-limited-edition-4810-ref-130225\/"},"modified":"2026-01-16T15:51:25","modified_gmt":"2026-01-16T14:51:25","slug":"montblanc-fuellfederhalter-masters-of-art-hommage-an-gustav-klimt-limited-edition-4810-ref-130225","status":"publish","type":"product","link":"https:\/\/watchdeluxe.it\/de\/prodotto\/montblanc-fuellfederhalter-masters-of-art-hommage-an-gustav-klimt-limited-edition-4810-ref-130225\/","title":{"rendered":"Montblanc F\u00fcllfederhalter Masters of Art Hommage an Gustav Klimt Limited Edition 4810 ref. 130225"},"content":{"rendered":"<p>Montblanc F\u00fcllfederhalter Masters of Art Hommage an Gustav Klimt Limited Edition 4810 ref. 130225 Material: <strong>Lack<\/strong> Farbe:<strong>Blau<\/strong> Stifttyp:<strong>F\u00fcllfederhalter<\/strong> L\u00e4nge (cm):<strong>14.69<\/strong> Breite (cm):<strong>1.76<\/strong> Tiefe (cm) :<strong>1.76<\/strong><\/p>\n<div>\n<p class=\"read-more-wrap\"><span class=\"read-more-target\">In der limitierten Edition 4810 ist der geh\u00e4mmerte Kegel aus Gelbgold mit einem gr\u00fcnen synthetischen Spinell verziert, eine Farbe, die an den Fr\u00fchling, die Jahreszeit des Neubeginns, erinnert. Klimts &#8216;Secession&#8217;-Monogramm, ein goldener Stempel mit seinen Initialen &#8211; GK &#8211; verweist auf die Errungenschaften des K\u00fcnstlers innerhalb der Secession. Der Clip der Hommage an Gustav Klimt 4810 Limited Edition wurde speziell nach dem Vorbild von Gustav Klimts &#8216;Pallas Athena&#8217; entworfen. Athene ist die G\u00f6ttin des Krieges und der Kunst und wird im Akt des Kampfes f\u00fcr die k\u00fcnstlerische Freiheit dargestellt. Die zart geschwungenen, in drei Spiralen endenden Linien auf dem gelbvergoldeten Clip korrespondieren mit den Verzierungen auf dem geschmiedeten Metallrahmen. Die handgefertigte Feder aus massivem Gelbgold 750 Au 750 ist fein mit einer Eule graviert, die als Symbol f\u00fcr Wissen, Weisheit und Intuition gilt und das treue Tier der griechischen G\u00f6ttin Athene ist. Die Gravur ist eine Anspielung auf Gustav Klimts Gem\u00e4lde der &#8216;Pallas Athena&#8217;, aber auch auf das Geb\u00e4ude der Wiener Secession, dessen Seitenfassaden mit Eulenskulpturen verziert sind.        <\/span><\/p>\n<\/div>\n","protected":false},"excerpt":{"rendered":"<p>Montblanc F\u00fcllfederhalter Masters of Art Hommage an Gustav Klimt Limited Edition 4810 ref. 130225 Material: Lack Farbe:Blau Stifttyp:F\u00fcllfederhalter L\u00e4nge (cm):14.69 Breite (cm):1.76 Tiefe (cm) :1.76 In der limitierten Edition 4810 ist der geh\u00e4mmerte Kegel aus Gelbgold mit einem gr\u00fcnen synthetischen Spinell verziert, eine Farbe, die an den Fr\u00fchling, die Jahreszeit des Neubeginns, erinnert. Klimts &#8216;Secession&#8217;-Monogramm, [&hellip;]<\/p>\n","protected":false},"featured_media":110504,"template":"","meta":{"_crdt_document":"","advanced_seo_description":"","jetpack_seo_html_title":"","jetpack_seo_noindex":false},"product_brand":[1907],"product_cat":[2250],"product_tag":[4004],"berocket_brand":[],"woo-feed-brand":[],"class_list":{"0":"post-110507","1":"product","2":"type-product","3":"status-publish","4":"has-post-thumbnail","6":"product_brand-montblanc","7":"product_cat-montblanc-de","8":"product_tag-penne-de","10":"first","11":"instock","12":"sale","13":"taxable","14":"shipping-taxable","15":"purchasable","16":"product-type-simple"},"bundled_by":[],"bundle_stock_status":"instock","bundle_stock_quantity":1,"bundle_virtual":false,"bundle_layout":"","bundle_add_to_cart_form_location":"","bundle_editable_in_cart":false,"bundle_sold_individually_context":"","bundle_item_grouping":"","bundle_min_size":"","bundle_max_size":"","bundle_price":[],"bundled_items":[],"bundle_sell_ids":[],"group_of_quantity":0,"min_quantity":0,"max_quantity":"","exclude_order_quantity_value_rules":"no","exclude_category_quantity_rules":"no","combine_variations":"no","jetpack_sharing_enabled":true,"jetpack_likes_enabled":true,"_links":{"self":[{"href":"https:\/\/watchdeluxe.it\/de\/wp-json\/wp\/v2\/product\/110507","targetHints":{"allow":["GET"]}}],"collection":[{"href":"https:\/\/watchdeluxe.it\/de\/wp-json\/wp\/v2\/product"}],"about":[{"href":"https:\/\/watchdeluxe.it\/de\/wp-json\/wp\/v2\/types\/product"}],"wp:featuredmedia":[{"embeddable":true,"href":"https:\/\/watchdeluxe.it\/de\/wp-json\/wp\/v2\/media\/110504"}],"wp:attachment":[{"href":"https:\/\/watchdeluxe.it\/de\/wp-json\/wp\/v2\/media?parent=110507"}],"wp:term":[{"taxonomy":"product_brand","embeddable":true,"href":"https:\/\/watchdeluxe.it\/de\/wp-json\/wp\/v2\/product_brand?post=110507"},{"taxonomy":"product_cat","embeddable":true,"href":"https:\/\/watchdeluxe.it\/de\/wp-json\/wp\/v2\/product_cat?post=110507"},{"taxonomy":"product_tag","embeddable":true,"href":"https:\/\/watchdeluxe.it\/de\/wp-json\/wp\/v2\/product_tag?post=110507"},{"taxonomy":"berocket_brand","embeddable":true,"href":"https:\/\/watchdeluxe.it\/de\/wp-json\/wp\/v2\/berocket_brand?post=110507"},{"taxonomy":"woo-feed-brand","embeddable":true,"href":"https:\/\/watchdeluxe.it\/de\/wp-json\/wp\/v2\/woo-feed-brand?post=110507"}],"curies":[{"name":"wp","href":"https:\/\/api.w.org\/{rel}","templated":true}]}}