{"id":110417,"date":"2024-11-25T11:46:54","date_gmt":"2024-11-25T10:46:54","guid":{"rendered":"https:\/\/watchdeluxe.it\/prodotto\/montblanc-meisterstueck-goldbeschichteter-classique-fuellfederhalter-ref-132464\/"},"modified":"2026-01-16T15:52:38","modified_gmt":"2026-01-16T14:52:38","slug":"montblanc-meisterstueck-goldbeschichteter-classique-fuellfederhalter-ref-132464","status":"publish","type":"product","link":"https:\/\/watchdeluxe.it\/de\/prodotto\/montblanc-meisterstueck-goldbeschichteter-classique-fuellfederhalter-ref-132464\/","title":{"rendered":"Montblanc Meisterst\u00fcck Goldbeschichteter Classique F\u00fcllfederhalter Ref. 132464"},"content":{"rendered":"<p>Montblanc Meisterst\u00fcck Gold-Coated Classique F\u00fcllfederhalter Ref. 132464 Gr\u00f6\u00dfe: Classique 140 mm, Feder: Medium 0.62 mm.<\/p>\n<ul class=\"mt-16 grid grid-cols-[repeat(2,1fr)] gap-x-10 gap-y-20 sm:mt-33 sm:grid-cols-[repeat(auto-fill,minmax(20%,_1fr))] sm:gap-y-30\">\n<li class=\"\"><span class=\" font-serif text-body-12 leading-[1] sm:text-captions-14 block\">Typ <\/span><span class=\" text-body-12 font-medium sm:text-captions-14\">F\u00fcllfederhalter<\/span><\/li>\n<li class=\"\"><span class=\" font-serif text-body-12 leading-[1] sm:text-captions-14 block\">Ausf\u00fchrung<\/span><span class=\" text-body-12 font-medium sm:text-captions-14\">Gelbgold<\/span><\/li>\n<\/ul>\n","protected":false},"excerpt":{"rendered":"<p>Montblanc Meisterst\u00fcck Gold-Coated Classique F\u00fcllfederhalter Ref. 132464 Gr\u00f6\u00dfe: Classique 140 mm, Feder: Medium 0.62 mm. Typ F\u00fcllfederhalter Ausf\u00fchrungGelbgold<\/p>\n","protected":false},"featured_media":110413,"template":"","meta":{"_crdt_document":"","advanced_seo_description":"","jetpack_seo_html_title":"","jetpack_seo_noindex":false},"product_brand":[],"product_cat":[2250],"product_tag":[4004],"berocket_brand":[],"woo-feed-brand":[],"class_list":{"0":"post-110417","1":"product","2":"type-product","3":"status-publish","4":"has-post-thumbnail","6":"product_cat-montblanc-de","7":"product_tag-penne-de","9":"first","10":"instock","11":"sale","12":"taxable","13":"shipping-taxable","14":"purchasable","15":"product-type-simple"},"bundled_by":[],"bundle_stock_status":"instock","bundle_stock_quantity":1,"bundle_virtual":false,"bundle_layout":"","bundle_add_to_cart_form_location":"","bundle_editable_in_cart":false,"bundle_sold_individually_context":"","bundle_item_grouping":"","bundle_min_size":"","bundle_max_size":"","bundle_price":[],"bundled_items":[],"bundle_sell_ids":[],"group_of_quantity":0,"min_quantity":0,"max_quantity":"","exclude_order_quantity_value_rules":"no","exclude_category_quantity_rules":"no","combine_variations":"no","jetpack_sharing_enabled":true,"jetpack_likes_enabled":true,"_links":{"self":[{"href":"https:\/\/watchdeluxe.it\/de\/wp-json\/wp\/v2\/product\/110417","targetHints":{"allow":["GET"]}}],"collection":[{"href":"https:\/\/watchdeluxe.it\/de\/wp-json\/wp\/v2\/product"}],"about":[{"href":"https:\/\/watchdeluxe.it\/de\/wp-json\/wp\/v2\/types\/product"}],"wp:featuredmedia":[{"embeddable":true,"href":"https:\/\/watchdeluxe.it\/de\/wp-json\/wp\/v2\/media\/110413"}],"wp:attachment":[{"href":"https:\/\/watchdeluxe.it\/de\/wp-json\/wp\/v2\/media?parent=110417"}],"wp:term":[{"taxonomy":"product_brand","embeddable":true,"href":"https:\/\/watchdeluxe.it\/de\/wp-json\/wp\/v2\/product_brand?post=110417"},{"taxonomy":"product_cat","embeddable":true,"href":"https:\/\/watchdeluxe.it\/de\/wp-json\/wp\/v2\/product_cat?post=110417"},{"taxonomy":"product_tag","embeddable":true,"href":"https:\/\/watchdeluxe.it\/de\/wp-json\/wp\/v2\/product_tag?post=110417"},{"taxonomy":"berocket_brand","embeddable":true,"href":"https:\/\/watchdeluxe.it\/de\/wp-json\/wp\/v2\/berocket_brand?post=110417"},{"taxonomy":"woo-feed-brand","embeddable":true,"href":"https:\/\/watchdeluxe.it\/de\/wp-json\/wp\/v2\/woo-feed-brand?post=110417"}],"curies":[{"name":"wp","href":"https:\/\/api.w.org\/{rel}","templated":true}]}}